{"id":19991,"date":"2025-07-22T18:32:34","date_gmt":"2025-07-22T16:32:34","guid":{"rendered":"https:\/\/uj.adatbank.ro\/lexikon\/termek\/schonbrunn-jeno\/"},"modified":"2025-07-22T18:32:34","modified_gmt":"2025-07-22T16:32:34","slug":"schonbrunn-jeno","status":"publish","type":"product","link":"https:\/\/uj.adatbank.ro\/lexikon\/termek\/schonbrunn-jeno\/","title":{"rendered":"SCH\u00d6NBRUNN Jen\u0151"},"content":{"rendered":"<p>1907., \u2020 Mv., 1977. m\u00e1rc. 18.: szerkeszt\u0151. \u2013 A Mv.-en megjelent Sport-Riport, majd Riport (1936\u201340) szerkeszt\u0151je volt. <br \/><strong>Irod.:<\/strong> Mv.-i zsid\u00f3 temet\u0151 dok.; RMIL Sport.<\/br><\/p>\n","protected":false},"excerpt":{"rendered":"<p>1907., \u2020 Mv., 1977. m\u00e1rc. 18.: szerkeszt\u0151. \u2013 A Mv.-en megjelent Sport-Riport, majd Riport (1936\u201340) szerkeszt\u0151je volt. Irod.: Mv.-i zsid\u00f3 temet\u0151 dok.; RMIL Sport.<\/p>\n","protected":false},"featured_media":0,"comment_status":"open","ping_status":"closed","template":"","meta":[],"product_brand":[],"product_cat":[137],"product_tag":[],"class_list":{"0":"post-19991","1":"product","2":"type-product","3":"status-publish","5":"product_cat-maros-megyei-eletrajzi-lexikon","7":"first","8":"instock","9":"shipping-taxable","10":"product-type-simple"},"_links":{"self":[{"href":"https:\/\/uj.adatbank.ro\/lexikon\/wp-json\/wp\/v2\/product\/19991","targetHints":{"allow":["GET"]}}],"collection":[{"href":"https:\/\/uj.adatbank.ro\/lexikon\/wp-json\/wp\/v2\/product"}],"about":[{"href":"https:\/\/uj.adatbank.ro\/lexikon\/wp-json\/wp\/v2\/types\/product"}],"replies":[{"embeddable":true,"href":"https:\/\/uj.adatbank.ro\/lexikon\/wp-json\/wp\/v2\/comments?post=19991"}],"wp:attachment":[{"href":"https:\/\/uj.adatbank.ro\/lexikon\/wp-json\/wp\/v2\/media?parent=19991"}],"wp:term":[{"taxonomy":"product_brand","embeddable":true,"href":"https:\/\/uj.adatbank.ro\/lexikon\/wp-json\/wp\/v2\/product_brand?post=19991"},{"taxonomy":"product_cat","embeddable":true,"href":"https:\/\/uj.adatbank.ro\/lexikon\/wp-json\/wp\/v2\/product_cat?post=19991"},{"taxonomy":"product_tag","embeddable":true,"href":"https:\/\/uj.adatbank.ro\/lexikon\/wp-json\/wp\/v2\/product_tag?post=19991"}],"curies":[{"name":"wp","href":"https:\/\/api.w.org\/{rel}","templated":true}]}}