{"id":19993,"date":"2025-07-22T18:32:38","date_gmt":"2025-07-22T16:32:38","guid":{"rendered":"https:\/\/uj.adatbank.ro\/lexikon\/termek\/schonstein-gyula\/"},"modified":"2025-07-22T18:32:38","modified_gmt":"2025-07-22T16:32:38","slug":"schonstein-gyula","status":"publish","type":"product","link":"https:\/\/uj.adatbank.ro\/lexikon\/termek\/schonstein-gyula\/","title":{"rendered":"SCH\u00d6NSTEIN Gyula"},"content":{"rendered":"<p>?, \u2020?: \u00fcgyv\u00e9d, f\u0151\u00fcgy\u00e9sz. \u2013 Bern\u00e1dy polg\u00e1rmester idej\u00e9n a mv.-i t\u00f6rv\u00e9nyhat\u00f3s\u00e1gi bizotts\u00e1g hat\u00e1sk\u00f6r\u00e9be tartoz\u00f3 tisztvisel\u0151ket is \u00fajrav\u00e1lasztott\u00e1k, k\u00f6zvetlen munkat\u00e1rsai k\u00f6z\u00fcl t. tiszti f\u0151\u00fcgy\u00e9sz lett (1908. febr. 10.). <br \/><strong>Irod.:<\/strong> Bern\u00e1dy.<\/br><\/p>\n","protected":false},"excerpt":{"rendered":"<p>?, \u2020?: \u00fcgyv\u00e9d, f\u0151\u00fcgy\u00e9sz. \u2013 Bern\u00e1dy polg\u00e1rmester idej\u00e9n a mv.-i t\u00f6rv\u00e9nyhat\u00f3s\u00e1gi bizotts\u00e1g hat\u00e1sk\u00f6r\u00e9be tartoz\u00f3 tisztvisel\u0151ket is \u00fajrav\u00e1lasztott\u00e1k, k\u00f6zvetlen munkat\u00e1rsai k\u00f6z\u00fcl t. tiszti f\u0151\u00fcgy\u00e9sz lett (1908. febr. 10.). Irod.: Bern\u00e1dy.<\/p>\n","protected":false},"featured_media":0,"comment_status":"open","ping_status":"closed","template":"","meta":[],"product_brand":[],"product_cat":[137],"product_tag":[],"class_list":{"0":"post-19993","1":"product","2":"type-product","3":"status-publish","5":"product_cat-maros-megyei-eletrajzi-lexikon","7":"first","8":"instock","9":"shipping-taxable","10":"product-type-simple"},"_links":{"self":[{"href":"https:\/\/uj.adatbank.ro\/lexikon\/wp-json\/wp\/v2\/product\/19993","targetHints":{"allow":["GET"]}}],"collection":[{"href":"https:\/\/uj.adatbank.ro\/lexikon\/wp-json\/wp\/v2\/product"}],"about":[{"href":"https:\/\/uj.adatbank.ro\/lexikon\/wp-json\/wp\/v2\/types\/product"}],"replies":[{"embeddable":true,"href":"https:\/\/uj.adatbank.ro\/lexikon\/wp-json\/wp\/v2\/comments?post=19993"}],"wp:attachment":[{"href":"https:\/\/uj.adatbank.ro\/lexikon\/wp-json\/wp\/v2\/media?parent=19993"}],"wp:term":[{"taxonomy":"product_brand","embeddable":true,"href":"https:\/\/uj.adatbank.ro\/lexikon\/wp-json\/wp\/v2\/product_brand?post=19993"},{"taxonomy":"product_cat","embeddable":true,"href":"https:\/\/uj.adatbank.ro\/lexikon\/wp-json\/wp\/v2\/product_cat?post=19993"},{"taxonomy":"product_tag","embeddable":true,"href":"https:\/\/uj.adatbank.ro\/lexikon\/wp-json\/wp\/v2\/product_tag?post=19993"}],"curies":[{"name":"wp","href":"https:\/\/api.w.org\/{rel}","templated":true}]}}