{"id":19994,"date":"2025-07-22T18:32:39","date_gmt":"2025-07-22T16:32:39","guid":{"rendered":"https:\/\/uj.adatbank.ro\/lexikon\/termek\/schonstein-zsigmond\/"},"modified":"2025-07-22T18:32:39","modified_gmt":"2025-07-22T16:32:39","slug":"schonstein-zsigmond","status":"publish","type":"product","link":"https:\/\/uj.adatbank.ro\/lexikon\/termek\/schonstein-zsigmond\/","title":{"rendered":"SCH\u00d6NSTEIN Zsigmond"},"content":{"rendered":"<p>1834?, \u2020 Mv., 1882. jan. 31.: vend\u00e9gl\u0151s. \u2013 Feles\u00e9ge: Fischer Am\u00e1lia. Gyermekeik: Sch. Gyula k\u00f6z- \u00e9s v\u00e1lt\u00f3\u00fcgyv\u00e9d, feles\u00e9ge L\u00e1ng Luiza; Sch. S\u00e1ndor, kir. m\u00e9rn\u00f6k; Sch. M\u00e1rton, m. kir. p\u00e9nz\u00fcgyi fogalmaz\u00f3 gyakornok; Sch. K\u00e1roly, cs. kir. tiszthelyettes. \u2013 Mv.-en volt a M. koron\u00e1hoz c. vend\u00e9gl\u0151je a S\u00e1ros utc\u00e1ban (1869), a Pest v\u00e1ros\u00e1hoz c\u00edmzett sz\u00e1llod\u00e1ja (1897). <br \/><strong>Irod.:<\/strong> Gy\u00e1szjelent\u0151; Kusz\u00e1lik\u2013Zal\u00e1nyi.<\/br><\/p>\n","protected":false},"excerpt":{"rendered":"<p>1834?, \u2020 Mv., 1882. jan. 31.: vend\u00e9gl\u0151s. \u2013 Feles\u00e9ge: Fischer Am\u00e1lia. Gyermekeik: Sch. Gyula k\u00f6z- \u00e9s v\u00e1lt\u00f3\u00fcgyv\u00e9d, feles\u00e9ge L\u00e1ng Luiza; Sch. S\u00e1ndor, kir. m\u00e9rn\u00f6k; Sch. M\u00e1rton, m. kir. p\u00e9nz\u00fcgyi fogalmaz\u00f3 gyakornok; Sch. K\u00e1roly, cs. kir. tiszthelyettes. \u2013 Mv.-en volt a M. koron\u00e1hoz c. vend\u00e9gl\u0151je a S\u00e1ros utc\u00e1ban (1869), a Pest v\u00e1ros\u00e1hoz c\u00edmzett sz\u00e1llod\u00e1ja (1897). Irod.: [&hellip;]<\/p>\n","protected":false},"featured_media":0,"comment_status":"open","ping_status":"closed","template":"","meta":[],"product_brand":[],"product_cat":[137],"product_tag":[],"class_list":{"0":"post-19994","1":"product","2":"type-product","3":"status-publish","5":"product_cat-maros-megyei-eletrajzi-lexikon","7":"first","8":"instock","9":"shipping-taxable","10":"product-type-simple"},"_links":{"self":[{"href":"https:\/\/uj.adatbank.ro\/lexikon\/wp-json\/wp\/v2\/product\/19994","targetHints":{"allow":["GET"]}}],"collection":[{"href":"https:\/\/uj.adatbank.ro\/lexikon\/wp-json\/wp\/v2\/product"}],"about":[{"href":"https:\/\/uj.adatbank.ro\/lexikon\/wp-json\/wp\/v2\/types\/product"}],"replies":[{"embeddable":true,"href":"https:\/\/uj.adatbank.ro\/lexikon\/wp-json\/wp\/v2\/comments?post=19994"}],"wp:attachment":[{"href":"https:\/\/uj.adatbank.ro\/lexikon\/wp-json\/wp\/v2\/media?parent=19994"}],"wp:term":[{"taxonomy":"product_brand","embeddable":true,"href":"https:\/\/uj.adatbank.ro\/lexikon\/wp-json\/wp\/v2\/product_brand?post=19994"},{"taxonomy":"product_cat","embeddable":true,"href":"https:\/\/uj.adatbank.ro\/lexikon\/wp-json\/wp\/v2\/product_cat?post=19994"},{"taxonomy":"product_tag","embeddable":true,"href":"https:\/\/uj.adatbank.ro\/lexikon\/wp-json\/wp\/v2\/product_tag?post=19994"}],"curies":[{"name":"wp","href":"https:\/\/api.w.org\/{rel}","templated":true}]}}