{"id":19995,"date":"2025-07-22T18:32:42","date_gmt":"2025-07-22T16:32:42","guid":{"rendered":"https:\/\/uj.adatbank.ro\/lexikon\/termek\/schopf-adolf-sofalvi\/"},"modified":"2025-07-22T18:32:42","modified_gmt":"2025-07-22T16:32:42","slug":"schopf-adolf-sofalvi","status":"publish","type":"product","link":"https:\/\/uj.adatbank.ro\/lexikon\/termek\/schopf-adolf-sofalvi\/","title":{"rendered":"SCHOPF, Adolf, s\u00f3falvi"},"content":{"rendered":"<p>1828? \u2020 Mv., 1884. okt. 7. Sz\u00e1szvessz\u0151d\u00f6n temett\u00e9k.: ? \u2013 Feles\u00e9ge: g\u00e1lospetri Csongr\u00e1di R\u00f3z\u00e1lia. Gyermekeik: Sch Lajos; K\u00e1lm\u00e1n, feles\u00e9ge Roeper Cl\u00e1ra; Mih\u00e1ly, Juli\u00e1nna, Andr\u00e1s \u00e9s L\u00e1szl\u00f3. <br \/><strong>Irod.:<\/strong> Gy\u00e1szjelent\u0151.<\/br><\/p>\n","protected":false},"excerpt":{"rendered":"<p>1828? \u2020 Mv., 1884. okt. 7. Sz\u00e1szvessz\u0151d\u00f6n temett\u00e9k.: ? \u2013 Feles\u00e9ge: g\u00e1lospetri Csongr\u00e1di R\u00f3z\u00e1lia. Gyermekeik: Sch Lajos; K\u00e1lm\u00e1n, feles\u00e9ge Roeper Cl\u00e1ra; Mih\u00e1ly, Juli\u00e1nna, Andr\u00e1s \u00e9s L\u00e1szl\u00f3. Irod.: Gy\u00e1szjelent\u0151.<\/p>\n","protected":false},"featured_media":0,"comment_status":"open","ping_status":"closed","template":"","meta":[],"product_brand":[],"product_cat":[137],"product_tag":[],"class_list":{"0":"post-19995","1":"product","2":"type-product","3":"status-publish","5":"product_cat-maros-megyei-eletrajzi-lexikon","7":"first","8":"instock","9":"shipping-taxable","10":"product-type-simple"},"_links":{"self":[{"href":"https:\/\/uj.adatbank.ro\/lexikon\/wp-json\/wp\/v2\/product\/19995","targetHints":{"allow":["GET"]}}],"collection":[{"href":"https:\/\/uj.adatbank.ro\/lexikon\/wp-json\/wp\/v2\/product"}],"about":[{"href":"https:\/\/uj.adatbank.ro\/lexikon\/wp-json\/wp\/v2\/types\/product"}],"replies":[{"embeddable":true,"href":"https:\/\/uj.adatbank.ro\/lexikon\/wp-json\/wp\/v2\/comments?post=19995"}],"wp:attachment":[{"href":"https:\/\/uj.adatbank.ro\/lexikon\/wp-json\/wp\/v2\/media?parent=19995"}],"wp:term":[{"taxonomy":"product_brand","embeddable":true,"href":"https:\/\/uj.adatbank.ro\/lexikon\/wp-json\/wp\/v2\/product_brand?post=19995"},{"taxonomy":"product_cat","embeddable":true,"href":"https:\/\/uj.adatbank.ro\/lexikon\/wp-json\/wp\/v2\/product_cat?post=19995"},{"taxonomy":"product_tag","embeddable":true,"href":"https:\/\/uj.adatbank.ro\/lexikon\/wp-json\/wp\/v2\/product_tag?post=19995"}],"curies":[{"name":"wp","href":"https:\/\/api.w.org\/{rel}","templated":true}]}}