{"id":19996,"date":"2025-07-22T18:32:44","date_gmt":"2025-07-22T16:32:44","guid":{"rendered":"https:\/\/uj.adatbank.ro\/lexikon\/termek\/schotsch-albert\/"},"modified":"2025-07-22T18:32:44","modified_gmt":"2025-07-22T16:32:44","slug":"schotsch-albert","status":"publish","type":"product","link":"https:\/\/uj.adatbank.ro\/lexikon\/termek\/schotsch-albert\/","title":{"rendered":"SCHOTSCH, Albert"},"content":{"rendered":"<p>Segesv\u00e1r, 1911. aug. 18, \u2020 Ein\u00f6d bei Villach, 1966. j\u00fan. 21.: f\u00e9nyk\u00e9p\u00e9sz. \u2013 Az 1920-as \u00e9vekben indult a sz\u00e1szr\u00e9geni G. Heiter tan\u00edtv\u00e1nyak\u00e9nt, majd berlini \u00e9s m\u00fcncheni fot\u00f3iskol\u00e1kban t\u00f6k\u00e9letes\u00edtette tud\u00e1s\u00e1t. A kv.-i N\u00e9prajzi M\u00fazeum megb\u00edz\u00e1s\u00e1b\u00f3l n\u00e9prajzi t\u00e1rgy\u00fa felv\u00e9teleket k\u00e9sz\u00edtett (1930-as \u00e9vekben), k\u00e9pes (film \u00e9s fot\u00f3) haditud\u00f3s\u00edt\u00f3 (1941\u201344) \u00e9s a Bilddients der Deutschen Volkgruppe in Rum\u00e4nien f\u00e9nyk\u00e9p\u00e9sze. Ausztri\u00e1ban \u00e9lt (1944 k\u00f6zep\u00e9t\u0151l). A d\u00e9lkelet-eur\u00f3pai falukult\u00fara egyik jelent\u0151s dokumentarist\u00e1ja, a falusi \u00e9let hiteles meg\u00f6r\u00f6k\u00edt\u0151je az erd\u00e9lyi sz\u00e1szok k\u00f6r\u00e9ben, k\u00e9panyagot az erd\u00e9lyi sz\u00e1szok k\u00e9zm\u0171vess\u00e9g\u00e9r\u0151l \u00e9s szok\u00e1sair\u00f3l, hagyom\u00e1nyair\u00f3l a Siebenb\u00fcrgischen Bibliothek Gundelsheim sorozatban publik\u00e1lt. <br \/><strong>Irod.:<\/strong> LSS.<\/br><\/p>\n","protected":false},"excerpt":{"rendered":"<p>Segesv\u00e1r, 1911. aug. 18, \u2020 Ein\u00f6d bei Villach, 1966. j\u00fan. 21.: f\u00e9nyk\u00e9p\u00e9sz. \u2013 Az 1920-as \u00e9vekben indult a sz\u00e1szr\u00e9geni G. Heiter tan\u00edtv\u00e1nyak\u00e9nt, majd berlini \u00e9s m\u00fcncheni fot\u00f3iskol\u00e1kban t\u00f6k\u00e9letes\u00edtette tud\u00e1s\u00e1t. A kv.-i N\u00e9prajzi M\u00fazeum megb\u00edz\u00e1s\u00e1b\u00f3l n\u00e9prajzi t\u00e1rgy\u00fa felv\u00e9teleket k\u00e9sz\u00edtett (1930-as \u00e9vekben), k\u00e9pes (film \u00e9s fot\u00f3) haditud\u00f3s\u00edt\u00f3 (1941\u201344) \u00e9s a Bilddients der Deutschen Volkgruppe in Rum\u00e4nien f\u00e9nyk\u00e9p\u00e9sze. [&hellip;]<\/p>\n","protected":false},"featured_media":0,"comment_status":"open","ping_status":"closed","template":"","meta":[],"product_brand":[],"product_cat":[137],"product_tag":[],"class_list":{"0":"post-19996","1":"product","2":"type-product","3":"status-publish","5":"product_cat-maros-megyei-eletrajzi-lexikon","7":"first","8":"instock","9":"shipping-taxable","10":"product-type-simple"},"_links":{"self":[{"href":"https:\/\/uj.adatbank.ro\/lexikon\/wp-json\/wp\/v2\/product\/19996","targetHints":{"allow":["GET"]}}],"collection":[{"href":"https:\/\/uj.adatbank.ro\/lexikon\/wp-json\/wp\/v2\/product"}],"about":[{"href":"https:\/\/uj.adatbank.ro\/lexikon\/wp-json\/wp\/v2\/types\/product"}],"replies":[{"embeddable":true,"href":"https:\/\/uj.adatbank.ro\/lexikon\/wp-json\/wp\/v2\/comments?post=19996"}],"wp:attachment":[{"href":"https:\/\/uj.adatbank.ro\/lexikon\/wp-json\/wp\/v2\/media?parent=19996"}],"wp:term":[{"taxonomy":"product_brand","embeddable":true,"href":"https:\/\/uj.adatbank.ro\/lexikon\/wp-json\/wp\/v2\/product_brand?post=19996"},{"taxonomy":"product_cat","embeddable":true,"href":"https:\/\/uj.adatbank.ro\/lexikon\/wp-json\/wp\/v2\/product_cat?post=19996"},{"taxonomy":"product_tag","embeddable":true,"href":"https:\/\/uj.adatbank.ro\/lexikon\/wp-json\/wp\/v2\/product_tag?post=19996"}],"curies":[{"name":"wp","href":"https:\/\/api.w.org\/{rel}","templated":true}]}}