{"id":19999,"date":"2025-07-22T18:32:50","date_gmt":"2025-07-22T16:32:50","guid":{"rendered":"https:\/\/uj.adatbank.ro\/lexikon\/termek\/schreiber-mozes-david\/"},"modified":"2025-07-22T18:32:50","modified_gmt":"2025-07-22T16:32:50","slug":"schreiber-mozes-david","status":"publish","type":"product","link":"https:\/\/uj.adatbank.ro\/lexikon\/termek\/schreiber-mozes-david\/","title":{"rendered":"SCHREIBER M\u00f3zes D\u00e1vid"},"content":{"rendered":"<p>? \u2020?: a sz\u00e1szr\u00e9geni Schreiber Heinrich Olaj\u00fct\u0151 \u00e9s V\u00e1nyol\u00f3 (alap\u00edtott\u00e1k 1924) \u00f6r\u00f6k\u00f6se. Hat alkalmazottal dolgozott, j\u00f6vedelm\u00e9nek nagyobbik r\u00e9sz\u00e9t a v\u00e1nyol\u00f3 hozta. Az \u00e1llamos\u00edt\u00e1skor Nagy Andr\u00e1st nevezt\u00e9k ki adminisztr\u00e1tornak (1948. j\u00fan.22.). A volt tulajdonos szept. 15.-ig g\u00e9plakatosk\u00e9nt dolgozott ott. <br \/><strong>Irod.:<\/strong> Bartos Zolt\u00e1n.<\/br><\/p>\n","protected":false},"excerpt":{"rendered":"<p>? \u2020?: a sz\u00e1szr\u00e9geni Schreiber Heinrich Olaj\u00fct\u0151 \u00e9s V\u00e1nyol\u00f3 (alap\u00edtott\u00e1k 1924) \u00f6r\u00f6k\u00f6se. Hat alkalmazottal dolgozott, j\u00f6vedelm\u00e9nek nagyobbik r\u00e9sz\u00e9t a v\u00e1nyol\u00f3 hozta. Az \u00e1llamos\u00edt\u00e1skor Nagy Andr\u00e1st nevezt\u00e9k ki adminisztr\u00e1tornak (1948. j\u00fan.22.). A volt tulajdonos szept. 15.-ig g\u00e9plakatosk\u00e9nt dolgozott ott. Irod.: Bartos Zolt\u00e1n.<\/p>\n","protected":false},"featured_media":0,"comment_status":"open","ping_status":"closed","template":"","meta":[],"product_brand":[],"product_cat":[137],"product_tag":[],"class_list":{"0":"post-19999","1":"product","2":"type-product","3":"status-publish","5":"product_cat-maros-megyei-eletrajzi-lexikon","7":"first","8":"instock","9":"shipping-taxable","10":"product-type-simple"},"_links":{"self":[{"href":"https:\/\/uj.adatbank.ro\/lexikon\/wp-json\/wp\/v2\/product\/19999","targetHints":{"allow":["GET"]}}],"collection":[{"href":"https:\/\/uj.adatbank.ro\/lexikon\/wp-json\/wp\/v2\/product"}],"about":[{"href":"https:\/\/uj.adatbank.ro\/lexikon\/wp-json\/wp\/v2\/types\/product"}],"replies":[{"embeddable":true,"href":"https:\/\/uj.adatbank.ro\/lexikon\/wp-json\/wp\/v2\/comments?post=19999"}],"wp:attachment":[{"href":"https:\/\/uj.adatbank.ro\/lexikon\/wp-json\/wp\/v2\/media?parent=19999"}],"wp:term":[{"taxonomy":"product_brand","embeddable":true,"href":"https:\/\/uj.adatbank.ro\/lexikon\/wp-json\/wp\/v2\/product_brand?post=19999"},{"taxonomy":"product_cat","embeddable":true,"href":"https:\/\/uj.adatbank.ro\/lexikon\/wp-json\/wp\/v2\/product_cat?post=19999"},{"taxonomy":"product_tag","embeddable":true,"href":"https:\/\/uj.adatbank.ro\/lexikon\/wp-json\/wp\/v2\/product_tag?post=19999"}],"curies":[{"name":"wp","href":"https:\/\/api.w.org\/{rel}","templated":true}]}}