{"id":2000,"date":"2025-06-28T12:00:36","date_gmt":"2025-06-28T10:00:36","guid":{"rendered":"https:\/\/uj.adatbank.ro\/lexikon\/termek\/balint-2\/"},"modified":"2025-06-28T12:00:36","modified_gmt":"2025-06-28T10:00:36","slug":"balint-2","status":"publish","type":"product","link":"https:\/\/uj.adatbank.ro\/lexikon\/termek\/balint-2\/","title":{"rendered":"B\u00c1LINT"},"content":{"rendered":"<p>? \u2020\u00a0? : r. k. pap. \u2013 Mez\u0151s\u00e1msond pl\u00e9b\u00e1niatemplom papja (1546), kinevezt\u00e9k a gyulafeh\u00e9rv\u00e1ri sz\u00e9kesegyh\u00e1z Szent M\u00e1rton olt\u00e1ra igazgat\u00f3j\u00e1nak. <br \/><strong>Irod.:<\/strong> Ferenczi S\u00e1ndor 2009; L\u00e9sty\u00e1n \u2013 templomok 1.<\/br><\/p>\n","protected":false},"excerpt":{"rendered":"<p>? \u2020\u00a0? : r. k. pap. \u2013 Mez\u0151s\u00e1msond pl\u00e9b\u00e1niatemplom papja (1546), kinevezt\u00e9k a gyulafeh\u00e9rv\u00e1ri sz\u00e9kesegyh\u00e1z Szent M\u00e1rton olt\u00e1ra igazgat\u00f3j\u00e1nak. Irod.: Ferenczi S\u00e1ndor 2009; L\u00e9sty\u00e1n \u2013 templomok 1.<\/p>\n","protected":false},"featured_media":0,"comment_status":"open","ping_status":"closed","template":"","meta":[],"product_brand":[],"product_cat":[137],"product_tag":[],"class_list":{"0":"post-2000","1":"product","2":"type-product","3":"status-publish","5":"product_cat-maros-megyei-eletrajzi-lexikon","7":"first","8":"instock","9":"shipping-taxable","10":"product-type-simple"},"_links":{"self":[{"href":"https:\/\/uj.adatbank.ro\/lexikon\/wp-json\/wp\/v2\/product\/2000","targetHints":{"allow":["GET"]}}],"collection":[{"href":"https:\/\/uj.adatbank.ro\/lexikon\/wp-json\/wp\/v2\/product"}],"about":[{"href":"https:\/\/uj.adatbank.ro\/lexikon\/wp-json\/wp\/v2\/types\/product"}],"replies":[{"embeddable":true,"href":"https:\/\/uj.adatbank.ro\/lexikon\/wp-json\/wp\/v2\/comments?post=2000"}],"wp:attachment":[{"href":"https:\/\/uj.adatbank.ro\/lexikon\/wp-json\/wp\/v2\/media?parent=2000"}],"wp:term":[{"taxonomy":"product_brand","embeddable":true,"href":"https:\/\/uj.adatbank.ro\/lexikon\/wp-json\/wp\/v2\/product_brand?post=2000"},{"taxonomy":"product_cat","embeddable":true,"href":"https:\/\/uj.adatbank.ro\/lexikon\/wp-json\/wp\/v2\/product_cat?post=2000"},{"taxonomy":"product_tag","embeddable":true,"href":"https:\/\/uj.adatbank.ro\/lexikon\/wp-json\/wp\/v2\/product_tag?post=2000"}],"curies":[{"name":"wp","href":"https:\/\/api.w.org\/{rel}","templated":true}]}}