{"id":20001,"date":"2025-07-22T18:32:54","date_gmt":"2025-07-22T16:32:54","guid":{"rendered":"https:\/\/uj.adatbank.ro\/lexikon\/termek\/schreyer-jakab\/"},"modified":"2025-07-22T18:32:54","modified_gmt":"2025-07-22T16:32:54","slug":"schreyer-jakab","status":"publish","type":"product","link":"https:\/\/uj.adatbank.ro\/lexikon\/termek\/schreyer-jakab\/","title":{"rendered":"SCHREYER Jakab"},"content":{"rendered":"<p>Marosugra, 1847. febr. 7., \u2020 Bp., 1932. j\u00fal. 7.: \u00fcgyv\u00e9d. <br \/><strong>Irod.:<\/strong> M\u00c9L.<\/br><\/p>\n","protected":false},"excerpt":{"rendered":"<p>Marosugra, 1847. febr. 7., \u2020 Bp., 1932. j\u00fal. 7.: \u00fcgyv\u00e9d. Irod.: M\u00c9L.<\/p>\n","protected":false},"featured_media":0,"comment_status":"open","ping_status":"closed","template":"","meta":[],"product_brand":[],"product_cat":[137],"product_tag":[],"class_list":{"0":"post-20001","1":"product","2":"type-product","3":"status-publish","5":"product_cat-maros-megyei-eletrajzi-lexikon","7":"first","8":"instock","9":"shipping-taxable","10":"product-type-simple"},"_links":{"self":[{"href":"https:\/\/uj.adatbank.ro\/lexikon\/wp-json\/wp\/v2\/product\/20001","targetHints":{"allow":["GET"]}}],"collection":[{"href":"https:\/\/uj.adatbank.ro\/lexikon\/wp-json\/wp\/v2\/product"}],"about":[{"href":"https:\/\/uj.adatbank.ro\/lexikon\/wp-json\/wp\/v2\/types\/product"}],"replies":[{"embeddable":true,"href":"https:\/\/uj.adatbank.ro\/lexikon\/wp-json\/wp\/v2\/comments?post=20001"}],"wp:attachment":[{"href":"https:\/\/uj.adatbank.ro\/lexikon\/wp-json\/wp\/v2\/media?parent=20001"}],"wp:term":[{"taxonomy":"product_brand","embeddable":true,"href":"https:\/\/uj.adatbank.ro\/lexikon\/wp-json\/wp\/v2\/product_brand?post=20001"},{"taxonomy":"product_cat","embeddable":true,"href":"https:\/\/uj.adatbank.ro\/lexikon\/wp-json\/wp\/v2\/product_cat?post=20001"},{"taxonomy":"product_tag","embeddable":true,"href":"https:\/\/uj.adatbank.ro\/lexikon\/wp-json\/wp\/v2\/product_tag?post=20001"}],"curies":[{"name":"wp","href":"https:\/\/api.w.org\/{rel}","templated":true}]}}