{"id":20003,"date":"2025-07-22T18:32:57","date_gmt":"2025-07-22T16:32:57","guid":{"rendered":"https:\/\/uj.adatbank.ro\/lexikon\/termek\/schroff-hermann\/"},"modified":"2025-07-22T18:32:57","modified_gmt":"2025-07-22T16:32:57","slug":"schroff-hermann","status":"publish","type":"product","link":"https:\/\/uj.adatbank.ro\/lexikon\/termek\/schroff-hermann\/","title":{"rendered":"SCHROFF, Hermann"},"content":{"rendered":"<p>? \u2020?: h\u00edrlap\u00edr\u00f3. \u2013 B\u00e1denb\u0151l ker\u00fclt Magyaro.-ra, ahonnan kir\u00e1lys\u00e9rt\u00e9s\u00e9rt kiutas\u00edtott\u00e1k, k\u00e9s\u0151bb Brass\u00f3ba, ahol \u00e1tvette a Kronst\u00e4dter Zeitung szerkeszt\u00e9s\u00e9t. A sz\u00e1sz izgat\u00f3k vez\u00e9re volt, ez\u00e9rt az \u00fcgy\u00e9szs\u00e9g letart\u00f3ztatta (1902) \u00e9s Brass\u00f3b\u00f3l Mv.-re k\u00eds\u00e9rt\u00e9k. Letart\u00f3ztat\u00e1s\u00e1nak oka: a lapj\u00e1ban az el\u00edt\u00e9lt Kramer, Korn \u00e9s Hirsch p\u00e1ngerm\u00e1n izgat\u00f3k dics\u0151\u00edt\u00e9se. <br \/><strong>Irod.:<\/strong> Szinnyei.<\/br><\/p>\n","protected":false},"excerpt":{"rendered":"<p>? \u2020?: h\u00edrlap\u00edr\u00f3. \u2013 B\u00e1denb\u0151l ker\u00fclt Magyaro.-ra, ahonnan kir\u00e1lys\u00e9rt\u00e9s\u00e9rt kiutas\u00edtott\u00e1k, k\u00e9s\u0151bb Brass\u00f3ba, ahol \u00e1tvette a Kronst\u00e4dter Zeitung szerkeszt\u00e9s\u00e9t. A sz\u00e1sz izgat\u00f3k vez\u00e9re volt, ez\u00e9rt az \u00fcgy\u00e9szs\u00e9g letart\u00f3ztatta (1902) \u00e9s Brass\u00f3b\u00f3l Mv.-re k\u00eds\u00e9rt\u00e9k. Letart\u00f3ztat\u00e1s\u00e1nak oka: a lapj\u00e1ban az el\u00edt\u00e9lt Kramer, Korn \u00e9s Hirsch p\u00e1ngerm\u00e1n izgat\u00f3k dics\u0151\u00edt\u00e9se. Irod.: Szinnyei.<\/p>\n","protected":false},"featured_media":0,"comment_status":"open","ping_status":"closed","template":"","meta":[],"product_brand":[],"product_cat":[137],"product_tag":[],"class_list":{"0":"post-20003","1":"product","2":"type-product","3":"status-publish","5":"product_cat-maros-megyei-eletrajzi-lexikon","7":"first","8":"instock","9":"shipping-taxable","10":"product-type-simple"},"_links":{"self":[{"href":"https:\/\/uj.adatbank.ro\/lexikon\/wp-json\/wp\/v2\/product\/20003","targetHints":{"allow":["GET"]}}],"collection":[{"href":"https:\/\/uj.adatbank.ro\/lexikon\/wp-json\/wp\/v2\/product"}],"about":[{"href":"https:\/\/uj.adatbank.ro\/lexikon\/wp-json\/wp\/v2\/types\/product"}],"replies":[{"embeddable":true,"href":"https:\/\/uj.adatbank.ro\/lexikon\/wp-json\/wp\/v2\/comments?post=20003"}],"wp:attachment":[{"href":"https:\/\/uj.adatbank.ro\/lexikon\/wp-json\/wp\/v2\/media?parent=20003"}],"wp:term":[{"taxonomy":"product_brand","embeddable":true,"href":"https:\/\/uj.adatbank.ro\/lexikon\/wp-json\/wp\/v2\/product_brand?post=20003"},{"taxonomy":"product_cat","embeddable":true,"href":"https:\/\/uj.adatbank.ro\/lexikon\/wp-json\/wp\/v2\/product_cat?post=20003"},{"taxonomy":"product_tag","embeddable":true,"href":"https:\/\/uj.adatbank.ro\/lexikon\/wp-json\/wp\/v2\/product_tag?post=20003"}],"curies":[{"name":"wp","href":"https:\/\/api.w.org\/{rel}","templated":true}]}}