{"id":20004,"date":"2025-07-22T18:32:59","date_gmt":"2025-07-22T16:32:59","guid":{"rendered":"https:\/\/uj.adatbank.ro\/lexikon\/termek\/schronk-janos\/"},"modified":"2025-07-22T18:32:59","modified_gmt":"2025-07-22T16:32:59","slug":"schronk-janos","status":"publish","type":"product","link":"https:\/\/uj.adatbank.ro\/lexikon\/termek\/schronk-janos\/","title":{"rendered":"SCHRONK J\u00e1nos"},"content":{"rendered":"<p>? \u2020?: keresked\u0151. \u2013 Sopron megy\u00e9b\u0151l j\u00f6tt ide (1870), 17 gyerekes uradalmi int\u00e9z\u0151 fia volt Detrek\u0151n. Megismerte a v\u00e1s\u00e1rhelyi keresked\u0151 csal\u00e1db\u00f3l sz\u00e1rmaz\u00f3 Platz Vilm\u00e1t, feles\u00e9g\u00fcl vette \u00e9s a Bolyai u. 24. sz. alatti 1700-as \u00e9vek v\u00e9g\u00e9n \u00e9p\u00edtett f\u00f6ldszintes h\u00e1zukba mentek lakni, amelynek udvara hosszan h\u00e1trany\u00falt. Az utca fel\u0151li r\u00e9szen \u00e9lelmiszer-, f\u0171szer-, csemege- \u00e9s italboltot nyitottak. Ezen a r\u00e9szen akkor nem volt m\u00e1s \u00fczlet. Hitelbe is \u00e1rult. Egyszer, amikor egy katonatiszt nem adta meg a tartoz\u00e1s\u00e1t, fels\u00e9gfolyamodv\u00e1nyt k\u00fcld\u00f6tt B\u00e9csbe Ferenc J\u00f3zsefnek, ennek k\u00f6vetkezt\u00e9ben kitett\u00e9k a tisztet a hadseregb\u0151l, \u00e9s megadt\u00e1k tartoz\u00e1s\u00e1t. K\u00e9t fia volt, Jen\u0151 \u00e9s Lajos, \u00e9s k\u00e9t l\u00e1nya, Ilona \u00e9s Vilma. Ilona Vadady K\u00e1lm\u00e1n f\u0171szer- \u00e9s \u00e9lelmiszerkeresked\u0151h\u00f6z ment f\u00e9rjhez, \u00e9s \u00e1tvett\u00e9k az \u00fczletet (1935). \u00dczlete hossz\u00fa \u00e9vtizedeken \u00e1t r\u00e9szese volt v\u00e1rosunk \u00e9let\u00e9nek. <br \/><strong>Irod.:<\/strong> Sipos.<\/br><\/p>\n","protected":false},"excerpt":{"rendered":"<p>? \u2020?: keresked\u0151. \u2013 Sopron megy\u00e9b\u0151l j\u00f6tt ide (1870), 17 gyerekes uradalmi int\u00e9z\u0151 fia volt Detrek\u0151n. Megismerte a v\u00e1s\u00e1rhelyi keresked\u0151 csal\u00e1db\u00f3l sz\u00e1rmaz\u00f3 Platz Vilm\u00e1t, feles\u00e9g\u00fcl vette \u00e9s a Bolyai u. 24. sz. alatti 1700-as \u00e9vek v\u00e9g\u00e9n \u00e9p\u00edtett f\u00f6ldszintes h\u00e1zukba mentek lakni, amelynek udvara hosszan h\u00e1trany\u00falt. Az utca fel\u0151li r\u00e9szen \u00e9lelmiszer-, f\u0171szer-, csemege- \u00e9s italboltot nyitottak. [&hellip;]<\/p>\n","protected":false},"featured_media":0,"comment_status":"open","ping_status":"closed","template":"","meta":[],"product_brand":[],"product_cat":[137],"product_tag":[],"class_list":{"0":"post-20004","1":"product","2":"type-product","3":"status-publish","5":"product_cat-maros-megyei-eletrajzi-lexikon","7":"first","8":"instock","9":"shipping-taxable","10":"product-type-simple"},"_links":{"self":[{"href":"https:\/\/uj.adatbank.ro\/lexikon\/wp-json\/wp\/v2\/product\/20004","targetHints":{"allow":["GET"]}}],"collection":[{"href":"https:\/\/uj.adatbank.ro\/lexikon\/wp-json\/wp\/v2\/product"}],"about":[{"href":"https:\/\/uj.adatbank.ro\/lexikon\/wp-json\/wp\/v2\/types\/product"}],"replies":[{"embeddable":true,"href":"https:\/\/uj.adatbank.ro\/lexikon\/wp-json\/wp\/v2\/comments?post=20004"}],"wp:attachment":[{"href":"https:\/\/uj.adatbank.ro\/lexikon\/wp-json\/wp\/v2\/media?parent=20004"}],"wp:term":[{"taxonomy":"product_brand","embeddable":true,"href":"https:\/\/uj.adatbank.ro\/lexikon\/wp-json\/wp\/v2\/product_brand?post=20004"},{"taxonomy":"product_cat","embeddable":true,"href":"https:\/\/uj.adatbank.ro\/lexikon\/wp-json\/wp\/v2\/product_cat?post=20004"},{"taxonomy":"product_tag","embeddable":true,"href":"https:\/\/uj.adatbank.ro\/lexikon\/wp-json\/wp\/v2\/product_tag?post=20004"}],"curies":[{"name":"wp","href":"https:\/\/api.w.org\/{rel}","templated":true}]}}