{"id":20006,"date":"2025-07-22T18:33:04","date_gmt":"2025-07-22T16:33:04","guid":{"rendered":"https:\/\/uj.adatbank.ro\/lexikon\/termek\/schronk-lajos-schrank-lajos-schronk-ludovic\/"},"modified":"2025-07-22T18:33:04","modified_gmt":"2025-07-22T16:33:04","slug":"schronk-lajos-schrank-lajos-schronk-ludovic","status":"publish","type":"product","link":"https:\/\/uj.adatbank.ro\/lexikon\/termek\/schronk-lajos-schrank-lajos-schronk-ludovic\/","title":{"rendered":"SCHRONK Lajos, Schrank Lajos, Schronk Ludovic"},"content":{"rendered":"<p>Mv., 1894. \u2013 \u2020 Mv., 1978.: \u00fcgyv\u00e9d dr \u2013 Kv.-on v\u00e9gezte a jogi egyetemet. R\u00e9szt vett az I. vh.-ban f\u0151hadnagyi rangban (1914\u201318), megsebes\u00fclt, B\u00e9csben kezelt\u00e9k, azut\u00e1n katonai szolg\u00e1latot teljes\u00edtett Pr\u00e1g\u00e1ban mint f\u0151hadnagy, a Signum Laudis a kardokkal, a kis ez\u00fcst vit\u00e9zs\u00e9gi \u00e9rem, a K\u00e1roly csapatkereszt kit\u00fcntetettje. Mv.-en \u00fcgyv\u00e9d. Feles\u00e9g\u00fcl vette s\u00f3gorn\u0151j\u00e9t, Vadady Jol\u00e1nt (1925\u2013), \u00e9s fel\u00e9p\u00edtette csal\u00e1di vill\u00e1j\u00e1t a Borsos Tam\u00e1s u. 5. sz. alatt. (1926). V\u00e1rosunk jellegzetes alakja volt: s\u00e9tap\u00e1lc\u00e1j\u00e1t l\u00f3b\u00e1lva r\u00e9gim\u00f3di t\u00e9rdnadr\u00e1gban dudor\u00e1szva j\u00e1rt az utc\u00e1n. Szerette a zen\u00e9t, \u00e9nekelt m\u0171kedvel\u0151 el\u0151ad\u00e1sokon. Vall\u00e1sos ember l\u00e9v\u00e9n rendszeresen j\u00e1rt a pl\u00e9b\u00e1ni\u00e1ra, jogtan\u00e1csosa lett a r. k. egyh\u00e1znak, azut\u00e1n az \u00e9p\u00edt\u0151iparosok Sz\u00f6vets\u00e9g\u00e9nek, \u00e9s titk\u00e1ra a K\u00f6zhaszn\u00fa Takar\u00e9kp\u00e9nzt\u00e1rnak. A MP tagja volt. A II. vh.-ban a vas\u00fat\u00e1llom\u00e1s katonai parancsnoka volt sz\u00e1zadosi rangban. Egy beteges munkaszolg\u00e1latos katon\u00e1t mag\u00e1hoz vett tisztiszolg\u00e1nak. Mikor megtiltott\u00e1k a zsid\u00f3 \u00fcgyv\u00e9deknek, hogy folytass\u00e1k hivat\u00e1sukat, mag\u00e1hoz vette Fried \u00fcgyv\u00e9det az irod\u00e1j\u00e1ba. Az \u00fcgyv\u00e9dek k\u00f6z\u00f6s irod\u00e1ba t\u00f6m\u00f6r\u00edt\u00e9sekor \u0151 lett az iroda titk\u00e1ra. R\u00f6vid lej\u00e1ratra nem hivatalos k\u00f6lcs\u00f6n\u00f6ket adott neh\u00e9z sorba jutott ismer\u0151seinek. A f\u00f6ldbirtokosok behozatalakor k\u00e9t csal\u00e1dot fogadott be. <br \/><strong>Irod.:<\/strong> MMK; Sipos; Visnai.<\/br><\/p>\n","protected":false},"excerpt":{"rendered":"<p>Mv., 1894. \u2013 \u2020 Mv., 1978.: \u00fcgyv\u00e9d dr \u2013 Kv.-on v\u00e9gezte a jogi egyetemet. R\u00e9szt vett az I. vh.-ban f\u0151hadnagyi rangban (1914\u201318), megsebes\u00fclt, B\u00e9csben kezelt\u00e9k, azut\u00e1n katonai szolg\u00e1latot teljes\u00edtett Pr\u00e1g\u00e1ban mint f\u0151hadnagy, a Signum Laudis a kardokkal, a kis ez\u00fcst vit\u00e9zs\u00e9gi \u00e9rem, a K\u00e1roly csapatkereszt kit\u00fcntetettje. Mv.-en \u00fcgyv\u00e9d. Feles\u00e9g\u00fcl vette s\u00f3gorn\u0151j\u00e9t, Vadady Jol\u00e1nt (1925\u2013), \u00e9s [&hellip;]<\/p>\n","protected":false},"featured_media":0,"comment_status":"open","ping_status":"closed","template":"","meta":[],"product_brand":[],"product_cat":[137],"product_tag":[],"class_list":{"0":"post-20006","1":"product","2":"type-product","3":"status-publish","5":"product_cat-maros-megyei-eletrajzi-lexikon","7":"first","8":"instock","9":"shipping-taxable","10":"product-type-simple"},"_links":{"self":[{"href":"https:\/\/uj.adatbank.ro\/lexikon\/wp-json\/wp\/v2\/product\/20006","targetHints":{"allow":["GET"]}}],"collection":[{"href":"https:\/\/uj.adatbank.ro\/lexikon\/wp-json\/wp\/v2\/product"}],"about":[{"href":"https:\/\/uj.adatbank.ro\/lexikon\/wp-json\/wp\/v2\/types\/product"}],"replies":[{"embeddable":true,"href":"https:\/\/uj.adatbank.ro\/lexikon\/wp-json\/wp\/v2\/comments?post=20006"}],"wp:attachment":[{"href":"https:\/\/uj.adatbank.ro\/lexikon\/wp-json\/wp\/v2\/media?parent=20006"}],"wp:term":[{"taxonomy":"product_brand","embeddable":true,"href":"https:\/\/uj.adatbank.ro\/lexikon\/wp-json\/wp\/v2\/product_brand?post=20006"},{"taxonomy":"product_cat","embeddable":true,"href":"https:\/\/uj.adatbank.ro\/lexikon\/wp-json\/wp\/v2\/product_cat?post=20006"},{"taxonomy":"product_tag","embeddable":true,"href":"https:\/\/uj.adatbank.ro\/lexikon\/wp-json\/wp\/v2\/product_tag?post=20006"}],"curies":[{"name":"wp","href":"https:\/\/api.w.org\/{rel}","templated":true}]}}