{"id":20008,"date":"2025-07-22T18:33:09","date_gmt":"2025-07-22T16:33:09","guid":{"rendered":"https:\/\/uj.adatbank.ro\/lexikon\/termek\/schubert-josef\/"},"modified":"2025-07-22T18:33:09","modified_gmt":"2025-07-22T16:33:09","slug":"schubert-josef","status":"publish","type":"product","link":"https:\/\/uj.adatbank.ro\/lexikon\/termek\/schubert-josef\/","title":{"rendered":"SCHUBERT Josef"},"content":{"rendered":"<p>? \u2020?: g. kat. pap. \u2013 R\u00e9geni sz\u00e1rmaz\u00e1s\u00fa. Illegalit\u00e1sban \u0151 szentelte p\u00fcsp\u00f6kk\u00e9 Todea Alexandrut (1950). Antikommunista harcos. <br \/><strong>Irod.:<\/strong> Ioni\u0163oiu.<\/br><\/p>\n","protected":false},"excerpt":{"rendered":"<p>? \u2020?: g. kat. pap. \u2013 R\u00e9geni sz\u00e1rmaz\u00e1s\u00fa. Illegalit\u00e1sban \u0151 szentelte p\u00fcsp\u00f6kk\u00e9 Todea Alexandrut (1950). Antikommunista harcos. Irod.: Ioni\u0163oiu.<\/p>\n","protected":false},"featured_media":0,"comment_status":"open","ping_status":"closed","template":"","meta":[],"product_brand":[],"product_cat":[137],"product_tag":[],"class_list":{"0":"post-20008","1":"product","2":"type-product","3":"status-publish","5":"product_cat-maros-megyei-eletrajzi-lexikon","7":"first","8":"instock","9":"shipping-taxable","10":"product-type-simple"},"_links":{"self":[{"href":"https:\/\/uj.adatbank.ro\/lexikon\/wp-json\/wp\/v2\/product\/20008","targetHints":{"allow":["GET"]}}],"collection":[{"href":"https:\/\/uj.adatbank.ro\/lexikon\/wp-json\/wp\/v2\/product"}],"about":[{"href":"https:\/\/uj.adatbank.ro\/lexikon\/wp-json\/wp\/v2\/types\/product"}],"replies":[{"embeddable":true,"href":"https:\/\/uj.adatbank.ro\/lexikon\/wp-json\/wp\/v2\/comments?post=20008"}],"wp:attachment":[{"href":"https:\/\/uj.adatbank.ro\/lexikon\/wp-json\/wp\/v2\/media?parent=20008"}],"wp:term":[{"taxonomy":"product_brand","embeddable":true,"href":"https:\/\/uj.adatbank.ro\/lexikon\/wp-json\/wp\/v2\/product_brand?post=20008"},{"taxonomy":"product_cat","embeddable":true,"href":"https:\/\/uj.adatbank.ro\/lexikon\/wp-json\/wp\/v2\/product_cat?post=20008"},{"taxonomy":"product_tag","embeddable":true,"href":"https:\/\/uj.adatbank.ro\/lexikon\/wp-json\/wp\/v2\/product_tag?post=20008"}],"curies":[{"name":"wp","href":"https:\/\/api.w.org\/{rel}","templated":true}]}}