{"id":20009,"date":"2025-07-22T18:33:11","date_gmt":"2025-07-22T16:33:11","guid":{"rendered":"https:\/\/uj.adatbank.ro\/lexikon\/termek\/schuchbauer-anton-antal-antonius-steinmetzer-antonius-pilthauer-antonius-juvenis-suchpaur-such-pank-antal\/"},"modified":"2025-07-22T18:33:11","modified_gmt":"2025-07-22T16:33:11","slug":"schuchbauer-anton-antal-antonius-steinmetzer-antonius-pilthauer-antonius-juvenis-suchpaur-such-pank-antal","status":"publish","type":"product","link":"https:\/\/uj.adatbank.ro\/lexikon\/termek\/schuchbauer-anton-antal-antonius-steinmetzer-antonius-pilthauer-antonius-juvenis-suchpaur-such-pank-antal\/","title":{"rendered":"SCHUCHBAUER Anton, Antal, Antonius Steinmetzer, Antonius Pilthauer, Antonius Juvenis Suchpaur, Such P\u00e1nk Antal"},"content":{"rendered":"<p>Ofen (N\u00e9meto.)?, 1719, \u2020 Kv., 1789. febr. 25.: szobr\u00e1sz. \u2013 Az erd\u00e9lyi rokok\u00f3, barokk legjelent\u0151sebb k\u00e9pvisel\u0151je. Bud\u00e1r\u00f3l k\u00f6lt\u00f6z\u00f6tt Kv.-ra. Maradand\u00f3t alkotott k\u0151farag\u00f3 munk\u00e1j\u00e1ban: templomok k\u00fcls\u0151 \u00e9s bels\u0151 d\u00edsz\u00edt\u00e9se, kast\u00e9lyok \u00e9s m\u00e1s vil\u00e1gi \u00e9p\u00edtm\u00e9nyek d\u00edsz\u00edt\u00e9se \u00e9s s\u00edreml\u00e9kek, eml\u00e9kt\u00e1bl\u00e1k maradtak t\u0151le. Munk\u00e1i: a kv.-i Szt. Mih\u00e1ly-templom bels\u0151 kivitelez\u00e9se (1740\u201358), a B\u00e1nffy palota d\u00edszei, szobrai, c\u00edmerei \u00e9s \u00e1llatfigur\u00e1i; a d\u00e9vai Magna Curia kandall\u00f3ja, l\u00e9pcs\u0151je \u00e9s erk\u00e9lye (1740), a kv.-i Immaculata M\u00e1ria-oszlop (1744), a jezsuita templom sz\u00f3sz\u00e9ke \u00e9s stallum (1745), valamint a kat. templom M\u00e1ria-olt\u00e1ra (1764 k.), a gyulafeh\u00e9rv\u00e1ri sz\u00e9kesegyh\u00e1z egyik mell\u00e9kolt\u00e1ra. T\u00f6bb v\u00e1rosi \u00e9s vid\u00e9ki kast\u00e9ly stukk\u00f3j\u00e1nak \u00e9s szobord\u00edszeinek alkot\u00f3ja. A mv-i Toldalagi-palota szobr\u00e1szati d\u00edszeit, homlokzatd\u00edsz\u00edt\u00e9s\u00e9t, stukkomennyezet\u00e9t, egyik kandall\u00f3j\u00e1t is \u0151 k\u00e9sz\u00edtette (1759\u201362). A Keresztel\u0151 Szent J\u00e1nos pl\u00e9b\u00e1niatemplom f\u0151olt\u00e1ra (1754), Bethlen Mikl\u00f3s adom\u00e1nyozta az \u00e1ltala k\u00e9sz\u00edtett sz\u00f3sz\u00e9ket a templomnak (1763), a mv.-i Kn\u00f6pfler h\u00e1z ablakai (1760 k.), a s\u00e1romberki Teleki kast\u00e9ly k\u00e9t szob\u00e1j\u00e1nak stukk\u00f3d\u00edsz\u00edt\u00e9se (1786 k.), az als\u00f3idecsi ref. templom stukk\u00f3i (1786) mind a keze munk\u00e1j\u00e1t dics\u00e9ri. <br \/><strong>Irod.:<\/strong> B. Nagy Margit 1970; B. Nagy Margit: 1977; Bir\u00f3; Id\u0151t\u00e1r 1; Imreh; Keresztes Gyula: A Pl\u00e9b\u00e1niatemplom (N\u00fa., 1990. okt. 19.); Keresztes Gy.: A mv.-i Toldalagi-h\u00e1z = Mv. t\u00f6rt\u00e9net\u00e9b\u0151l; Kiss P\u00e1l: Mv. kalauz; Maros megye; Sab\u0103u, Nicolae: Der Bildhauer Anton Schuchbauer, 1719\u20131789 (Kv., 1979); \u00daIL; \u00daM\u00c9L.<\/br><\/p>\n","protected":false},"excerpt":{"rendered":"<p>Ofen (N\u00e9meto.)?, 1719, \u2020 Kv., 1789. febr. 25.: szobr\u00e1sz. \u2013 Az erd\u00e9lyi rokok\u00f3, barokk legjelent\u0151sebb k\u00e9pvisel\u0151je. Bud\u00e1r\u00f3l k\u00f6lt\u00f6z\u00f6tt Kv.-ra. Maradand\u00f3t alkotott k\u0151farag\u00f3 munk\u00e1j\u00e1ban: templomok k\u00fcls\u0151 \u00e9s bels\u0151 d\u00edsz\u00edt\u00e9se, kast\u00e9lyok \u00e9s m\u00e1s vil\u00e1gi \u00e9p\u00edtm\u00e9nyek d\u00edsz\u00edt\u00e9se \u00e9s s\u00edreml\u00e9kek, eml\u00e9kt\u00e1bl\u00e1k maradtak t\u0151le. Munk\u00e1i: a kv.-i Szt. Mih\u00e1ly-templom bels\u0151 kivitelez\u00e9se (1740\u201358), a B\u00e1nffy palota d\u00edszei, szobrai, c\u00edmerei \u00e9s \u00e1llatfigur\u00e1i; [&hellip;]<\/p>\n","protected":false},"featured_media":0,"comment_status":"open","ping_status":"closed","template":"","meta":[],"product_brand":[],"product_cat":[137],"product_tag":[],"class_list":{"0":"post-20009","1":"product","2":"type-product","3":"status-publish","5":"product_cat-maros-megyei-eletrajzi-lexikon","7":"first","8":"instock","9":"shipping-taxable","10":"product-type-simple"},"_links":{"self":[{"href":"https:\/\/uj.adatbank.ro\/lexikon\/wp-json\/wp\/v2\/product\/20009","targetHints":{"allow":["GET"]}}],"collection":[{"href":"https:\/\/uj.adatbank.ro\/lexikon\/wp-json\/wp\/v2\/product"}],"about":[{"href":"https:\/\/uj.adatbank.ro\/lexikon\/wp-json\/wp\/v2\/types\/product"}],"replies":[{"embeddable":true,"href":"https:\/\/uj.adatbank.ro\/lexikon\/wp-json\/wp\/v2\/comments?post=20009"}],"wp:attachment":[{"href":"https:\/\/uj.adatbank.ro\/lexikon\/wp-json\/wp\/v2\/media?parent=20009"}],"wp:term":[{"taxonomy":"product_brand","embeddable":true,"href":"https:\/\/uj.adatbank.ro\/lexikon\/wp-json\/wp\/v2\/product_brand?post=20009"},{"taxonomy":"product_cat","embeddable":true,"href":"https:\/\/uj.adatbank.ro\/lexikon\/wp-json\/wp\/v2\/product_cat?post=20009"},{"taxonomy":"product_tag","embeddable":true,"href":"https:\/\/uj.adatbank.ro\/lexikon\/wp-json\/wp\/v2\/product_tag?post=20009"}],"curies":[{"name":"wp","href":"https:\/\/api.w.org\/{rel}","templated":true}]}}