{"id":20012,"date":"2025-07-22T18:33:19","date_gmt":"2025-07-22T16:33:19","guid":{"rendered":"https:\/\/uj.adatbank.ro\/lexikon\/termek\/schuler-libloy-friedrich-von-libloy\/"},"modified":"2025-07-22T18:33:19","modified_gmt":"2025-07-22T16:33:19","slug":"schuler-libloy-friedrich-von-libloy","status":"publish","type":"product","link":"https:\/\/uj.adatbank.ro\/lexikon\/termek\/schuler-libloy-friedrich-von-libloy\/","title":{"rendered":"SCHULER-LIBLOY, Friedrich von Libloy"},"content":{"rendered":"<p>Nagyszeben, 1827. jan. 13., \u2020 B\u00e9cs, 1900. nov. 8.: egyetemi tan\u00e1r, apja keresked\u0151 volt (kinek \u0151se Schuler Orb\u00e1n, m\u00e1sk\u00e9pp Libloy 1616. okt. 12.-\u00e1n II. M\u00e1ty\u00e1s kir\u00e1lyt\u00f3l kapott nemess\u00e9get). \u2013 Sz\u00fcl\u0151v\u00e1ros\u00e1ban az \u00e1g. ev. gimn\u00e1ziumban \u00e9s a jogakad\u00e9mi\u00e1n,a Grazi Egy Jogtud. Kar\u00e1n (1850), a b\u00e9csi egyetemen tanult (1850). Nagyszebenbe visszat\u00e9rve, 1851-ben az ottani jogakad\u00e9mi\u00e1n helyettes, majd rendes tan\u00e1r lett; egyszersmind az int\u00e9zet k\u00f6nyvt\u00e1rnoka is volt. A nagyszebeni tartom\u00e1nygy\u0171l\u00e9sre Sz\u00e1szr\u00e9gen k\u00e9pvisel\u0151nek v\u00e1lasztotta, hol mind a k\u00e9t \u00fcl\u00e9sszaknak (1863. j\u00fal. 15-t\u0151l okt. 13-ig \u00e9s 1864. m\u00e1j. 23-t\u00f3l okt. 29-ig) egyik legtev\u00e9kenyebb tagja volt. Inn\u00e9t a b\u00e9csi Reichsrathba k\u00fcldt\u00e9k, hol (\u20131865. j\u00fal. 28-ig) szint\u00e9n k\u00f6zrem\u0171k\u00f6d\u00f6tt; a sz\u00e1sz nemzeti egyetem gy\u0171l\u00e9sein Medgyes sz\u00e9ket k\u00e9pviselte (1868); Nagyszeben k\u00e9pvisel\u0151test\u00fclet\u00e9be v\u00e1lasztott\u00e1k (1868), ahol az ipartest\u00fcletnek eln\u00f6ke \u00e9s az erd\u00e9lyi honismertet\u0151 t\u00e1rsulatnak v\u00e1lasztm\u00e1nyi tagja volt; a n\u00fcrnbergi germ\u00e1n m\u00fazeumnak (melynek v\u00e1lasztm\u00e1nyi tagj\u00e1ul v\u00e1lasztott\u00e1k) az erd\u00e9lyi k\u00f6zponti \u00fcgyn\u00f6ks\u00e9g\u00e9t vezette (1856\u2013). Az \u00fajonnan alakult czernoviczi egyetemre h\u00edvt\u00e1k meg jogtan\u00e1rnak (1875\u2013), hol a n\u00e9met jogot \u00e9s n\u00e9pjogot adta el\u0151, egyetemi rektor (1878\u201379. \u00e9s 1890\u201391), \u00f6tsz\u00f6r pedig d\u00e9k\u00e1n volt. 1883-ban cs. kir. korm\u00e1nytan\u00e1csosnak nevezt\u00e9k ki. (1883); udvari tan\u00e1csosi c\u00edmmel nyugalomba vonult (1895. aug. 7.) \u00e9s Nagy-Szebenbe, majd B\u00e9csbe k\u00f6lt\u00f6z\u00f6tt. Sz\u00e1mos cikket \u00edrt a hazai s k\u00fclf\u00f6ldi hirlapokba, foly\u00f3iratokba \u00e9s napt\u00e1rakba. \u2013 <strong>F. m.<\/strong>: Erste Grundz\u00fcge der theoretischen Diplomatik. (Hermannstadt, 1852); Statuta jurium municipalium Saxonum in Transylvania. Das Eigen Landrecht der Sachsen, bearbeitet nach seiner legalen Ausbildung als Grundriss f\u00fcr akademische Vorlesungen. (Hermannstadt, 1853); Siebenb\u00fcrgische Rechtsgeschichte. Ein Leitfaden f\u00fcr die Vorlesungen \u00fcber I. Geschichte der siebenb\u00fcrgischen Rechtsquellen. II. Geschichte der siebenb\u00fcrgischen Recht-Institute. (Hermannstadt, 1854\u201356, 1868). K\u00e9t k\u00f6tet 7 f\u00fczetben; Das Privatrecht der Siebenb\u00fcrger Ungarn und Sekler im systematischen Grundrisse (Hermannstadt, 1856); Kurzer \u00dcberblick der Literaturgeschichte Siebenb\u00fcrgens von der \u00e4ltesten Zeit bis zu Ende des vorigen Jahrhunderts. (Hermannstadt, 1857); Taschen-Ausgabe der siebenb\u00fcrgischen Landesgesetze. (Hermannstadt 1861. \u00e9s 1862.); Merkw\u00fcrdige Municipal Konstitutionen der Sekler und Sachsen. Zusammengestellt und theilweise ins Deutsche \u00fcbersetzt, sowie mit erkl\u00e4renden Noten versehen. (Hermannstadt, 1862.); Deutsche Rechtsgeschichte. Mit drei historisch-politischen Karten. (Wien, 1863.); Ueber das Verh\u00e4ltniss der Klein- und Grossgewerbe mit Beziehung auf das Volksleben. (Hermannstadt, 1869); Ueber Ausschreitungen im G\u00fcterverbrauche und deren Einfluss auf das Volks- und Staatsleben. (Hermannstadt, 1869.); Offener Brief \u00fcber Gewerbe- und Genossenschaftswesen an die Herren Gewerbsmitglieder. (Hermannstadt, 1869); Das ungarische Staatsrecht. Ein Handbuch f\u00fcr Lehre und Beruf. (Wien, 1870); Politische Oekonomie&#8230; (Hermannstadt, 1871.); Protestantisches Kirchenrecht vornemlich des der Evangelischen Augsburger Bekenntnisses in Siebenb\u00fcrgen. (Hermannstadt, 1871.); Altgermanische Bilder und die Zeit Karls des Grossen&#8230; (Berlin, 1873.); Abriss der europ\u00e4ischen Staats- und Rechtsgeshichte. (Berlin, 1873\u201374.); Der Socialismus und die Internationale nach ihren hervorragendsten Erscheinungen in Literatur und Leben. (Leipzig, 1875.); Festvortrag am 4. Oktober 1875, f\u00fcr die feierliche Er\u00f6ffnung der k. k. Franz-Josefs-Universit\u00e4t in Czernowitz. Dritte Auflage, (Czernowitz, 1875); Aus der T\u00fcrken- und Jesuitenzeit vor und nach dem Jahre 1600. historische Darstellungen, zumal F\u00fcrsten- und Volksgeschichte in den Karpathenl\u00e4ndern. (Berlin, 1876.); \u00dcber die Entwicklung der staatsb\u00fcrgerlichen Freiheit in \u00d6sterreich. (Rektoratsrede). (Czernowitz, 1878, 1894); \u00dcber wichtige Rechtssch\u00f6pfungen der Neuzeit. (Rektoratsrede.) (Czernowitz, 1904.); <strong>K\u00e9ziratban:<\/strong> Die ungarischen Rechtsdenkm\u00e4ler 1876. (A m. tudom. Akad\u00e9mi\u00e1hoz magyar ford\u00edt\u00e1sban bek\u00fcldetett); Handbuch der (ungarischen) Finanzlehre. <br \/><strong>Irod.:<\/strong> F\u00fcl\u00f6p\u2013Ferencz; Mester Mikl\u00f3s: Az auton\u00f3m Erd\u00e9ly \u00e9s a rom\u00e1n nemzetis\u00e9gi k\u00f6vetel\u00e9sek az 1863\u201364 \u00e9vi nagyszebeni ogy.-en (P\u00e9cs, 1936); Szab\u00f3\u2013Simon\u2013Sz\u00f6gi; Szinnyei.<\/br><\/p>\n","protected":false},"excerpt":{"rendered":"<p>Nagyszeben, 1827. jan. 13., \u2020 B\u00e9cs, 1900. nov. 8.: egyetemi tan\u00e1r, apja keresked\u0151 volt (kinek \u0151se Schuler Orb\u00e1n, m\u00e1sk\u00e9pp Libloy 1616. okt. 12.-\u00e1n II. M\u00e1ty\u00e1s kir\u00e1lyt\u00f3l kapott nemess\u00e9get). \u2013 Sz\u00fcl\u0151v\u00e1ros\u00e1ban az \u00e1g. ev. gimn\u00e1ziumban \u00e9s a jogakad\u00e9mi\u00e1n,a Grazi Egy Jogtud. Kar\u00e1n (1850), a b\u00e9csi egyetemen tanult (1850). Nagyszebenbe visszat\u00e9rve, 1851-ben az ottani jogakad\u00e9mi\u00e1n helyettes, majd [&hellip;]<\/p>\n","protected":false},"featured_media":0,"comment_status":"open","ping_status":"closed","template":"","meta":[],"product_brand":[],"product_cat":[137],"product_tag":[],"class_list":{"0":"post-20012","1":"product","2":"type-product","3":"status-publish","5":"product_cat-maros-megyei-eletrajzi-lexikon","7":"first","8":"instock","9":"shipping-taxable","10":"product-type-simple"},"_links":{"self":[{"href":"https:\/\/uj.adatbank.ro\/lexikon\/wp-json\/wp\/v2\/product\/20012","targetHints":{"allow":["GET"]}}],"collection":[{"href":"https:\/\/uj.adatbank.ro\/lexikon\/wp-json\/wp\/v2\/product"}],"about":[{"href":"https:\/\/uj.adatbank.ro\/lexikon\/wp-json\/wp\/v2\/types\/product"}],"replies":[{"embeddable":true,"href":"https:\/\/uj.adatbank.ro\/lexikon\/wp-json\/wp\/v2\/comments?post=20012"}],"wp:attachment":[{"href":"https:\/\/uj.adatbank.ro\/lexikon\/wp-json\/wp\/v2\/media?parent=20012"}],"wp:term":[{"taxonomy":"product_brand","embeddable":true,"href":"https:\/\/uj.adatbank.ro\/lexikon\/wp-json\/wp\/v2\/product_brand?post=20012"},{"taxonomy":"product_cat","embeddable":true,"href":"https:\/\/uj.adatbank.ro\/lexikon\/wp-json\/wp\/v2\/product_cat?post=20012"},{"taxonomy":"product_tag","embeddable":true,"href":"https:\/\/uj.adatbank.ro\/lexikon\/wp-json\/wp\/v2\/product_tag?post=20012"}],"curies":[{"name":"wp","href":"https:\/\/api.w.org\/{rel}","templated":true}]}}