{"id":20015,"date":"2025-07-22T18:33:25","date_gmt":"2025-07-22T16:33:25","guid":{"rendered":"https:\/\/uj.adatbank.ro\/lexikon\/termek\/schuller-betty-%c2%a7\/"},"modified":"2025-07-22T18:33:25","modified_gmt":"2025-07-22T16:33:25","slug":"schuller-betty-%c2%a7","status":"publish","type":"product","link":"https:\/\/uj.adatbank.ro\/lexikon\/termek\/schuller-betty-%c2%a7\/","title":{"rendered":"SCHULLER, Betty, \u00a7"},"content":{"rendered":"<p>Segesv\u00e1r, 1860. m\u00e1rc. 11., \u2020 Segesv\u00e1r, 1904. aug. 8.: fest\u0151n\u0151. \u2013 Ludwig Friedrich Schuller le\u00e1nya. A k\u00f6z\u00e9piskol\u00e1t Segesv\u00e1ron v\u00e9gezte, majd Grazban tanult fest\u00e9szetet (1884\u201385). Segesv\u00e1ron \u00e9lt \u00e9s dolgozott. Akvarelleket, t\u00e1jk\u00e9peket festett Segesv\u00e1rr\u00f3l \u00e9s k\u00f6rny\u00e9k\u00e9r\u0151l, Szebenr\u0151l. A segegesv\u00e1ri \u201eAlt Sch\u00e4ssburg\u201d V\u00e1rosi M\u00fazeum alap\u00edt\u00e1s\u00e1ban vett r\u00e9szt, \u00e9s annak munkat\u00e1rsa \u00e9lete v\u00e9g\u00e9ig. Az erd\u00e9lyi sz\u00e1sz fest\u00e9szet vesztes\u00e9ge, hogy fiatalon hunyt el. <br \/><strong>Irod.:<\/strong> LSS; Mikl\u00f3si\u2013Sikes; MMA, Moln\u00e1r.<\/br><\/p>\n","protected":false},"excerpt":{"rendered":"<p>Segesv\u00e1r, 1860. m\u00e1rc. 11., \u2020 Segesv\u00e1r, 1904. aug. 8.: fest\u0151n\u0151. \u2013 Ludwig Friedrich Schuller le\u00e1nya. A k\u00f6z\u00e9piskol\u00e1t Segesv\u00e1ron v\u00e9gezte, majd Grazban tanult fest\u00e9szetet (1884\u201385). Segesv\u00e1ron \u00e9lt \u00e9s dolgozott. Akvarelleket, t\u00e1jk\u00e9peket festett Segesv\u00e1rr\u00f3l \u00e9s k\u00f6rny\u00e9k\u00e9r\u0151l, Szebenr\u0151l. A segegesv\u00e1ri \u201eAlt Sch\u00e4ssburg\u201d V\u00e1rosi M\u00fazeum alap\u00edt\u00e1s\u00e1ban vett r\u00e9szt, \u00e9s annak munkat\u00e1rsa \u00e9lete v\u00e9g\u00e9ig. Az erd\u00e9lyi sz\u00e1sz fest\u00e9szet vesztes\u00e9ge, hogy [&hellip;]<\/p>\n","protected":false},"featured_media":0,"comment_status":"open","ping_status":"closed","template":"","meta":[],"product_brand":[],"product_cat":[137],"product_tag":[],"class_list":{"0":"post-20015","1":"product","2":"type-product","3":"status-publish","5":"product_cat-maros-megyei-eletrajzi-lexikon","7":"first","8":"instock","9":"shipping-taxable","10":"product-type-simple"},"_links":{"self":[{"href":"https:\/\/uj.adatbank.ro\/lexikon\/wp-json\/wp\/v2\/product\/20015","targetHints":{"allow":["GET"]}}],"collection":[{"href":"https:\/\/uj.adatbank.ro\/lexikon\/wp-json\/wp\/v2\/product"}],"about":[{"href":"https:\/\/uj.adatbank.ro\/lexikon\/wp-json\/wp\/v2\/types\/product"}],"replies":[{"embeddable":true,"href":"https:\/\/uj.adatbank.ro\/lexikon\/wp-json\/wp\/v2\/comments?post=20015"}],"wp:attachment":[{"href":"https:\/\/uj.adatbank.ro\/lexikon\/wp-json\/wp\/v2\/media?parent=20015"}],"wp:term":[{"taxonomy":"product_brand","embeddable":true,"href":"https:\/\/uj.adatbank.ro\/lexikon\/wp-json\/wp\/v2\/product_brand?post=20015"},{"taxonomy":"product_cat","embeddable":true,"href":"https:\/\/uj.adatbank.ro\/lexikon\/wp-json\/wp\/v2\/product_cat?post=20015"},{"taxonomy":"product_tag","embeddable":true,"href":"https:\/\/uj.adatbank.ro\/lexikon\/wp-json\/wp\/v2\/product_tag?post=20015"}],"curies":[{"name":"wp","href":"https:\/\/api.w.org\/{rel}","templated":true}]}}