{"id":20017,"date":"2025-07-22T18:33:32","date_gmt":"2025-07-22T16:33:32","guid":{"rendered":"https:\/\/uj.adatbank.ro\/lexikon\/termek\/schuller-daniel-joseph\/"},"modified":"2025-07-22T18:33:32","modified_gmt":"2025-07-22T16:33:32","slug":"schuller-daniel-joseph","status":"publish","type":"product","link":"https:\/\/uj.adatbank.ro\/lexikon\/termek\/schuller-daniel-joseph\/","title":{"rendered":"SCHULLER, Daniel Joseph"},"content":{"rendered":"<p>? \u2020?: tan\u00e1r, eml\u00e9k\u00edr\u00f3. \u2013 Sz\u00fclei \u00e9rtelmis\u00e9giek voltak. Mv.-en a Ref. Koll.-ban \u00e9retts\u00e9gizett, azut\u00e1n a keresked\u0151 szakm\u00e1t tanulta. Rektor a sz\u00e1szr\u00e9geni Ev. Sz\u00e1sz Gimn\u00e1ziumban (1813\u201315), az 1848-as forradalom r\u00e9sztvev\u0151je, szemtan\u00faja, kr\u00f3nik\u00e1sa R\u00e9genben, majd k\u00e9s\u0151bb eml\u00e9k\u00edr\u00f3ja. Tagja volt annak a sz\u00e1sz k\u00fcld\u00f6tts\u00e9gnek, amely Kossuth L.-hoz j\u00e1rult egy pet\u00edci\u00f3val, amelyben k\u00e9rt\u00e9k R\u00e9gen \u00e9s a k\u00f6rnyez\u0151 sz\u00e1sz telep\u00fcl\u00e9sek egyes\u00edt\u00e9s\u00e9t, R\u00e9gen Sz\u00e9k l\u00e9trehoz\u00e1s\u00e1t, \u00e9s sz\u00e1sz fennhat\u00f3s\u00e1g al\u00e1 helyez\u00e9s\u00e9t. (1848. \u0151sz\u00e9n). K\u00e9r\u00e9s\u00fcket nem hagyt\u00e1k j\u00f3v\u00e1. Tagja volt annak a h\u00e1romtag\u00fa k\u00fcld\u00f6tts\u00e9gnek is, amely a sz\u00e9kelyek hadvezet\u0151je, Dorschner ezredes el\u00e9 j\u00e1rult, \u00e9s R\u00e9gen v\u00e1ros lak\u00f3inak megkegyelmez\u00e9st k\u00e9rtek, eredm\u00e9nytelen\u00fcl (1848. okt.). Eml\u00e9kiratai k\u00e9ziratban maradtak fenn, \u00e9s a mv.-i Lev\u00e9lt\u00e1rban tal\u00e1lhat\u00f3ak. Eml\u00e9keit a Beitrage zur Kenntniss Sachsisch-Reens c. tanulm\u00e1ny\u00e1ban \u00edrta meg (1862), majd nyomtat\u00e1sban is megjelentette (1870). A csal\u00e1d kript\u00e1ja a r\u00e9geni ev. temet\u0151ben tal\u00e1lhat\u00f3. <br \/><strong>Irod.:<\/strong> Regh. cult. 8.; Regh. cult. 9.; Reghin, destin \u015fi istorie.<\/br><\/p>\n","protected":false},"excerpt":{"rendered":"<p>? \u2020?: tan\u00e1r, eml\u00e9k\u00edr\u00f3. \u2013 Sz\u00fclei \u00e9rtelmis\u00e9giek voltak. Mv.-en a Ref. Koll.-ban \u00e9retts\u00e9gizett, azut\u00e1n a keresked\u0151 szakm\u00e1t tanulta. Rektor a sz\u00e1szr\u00e9geni Ev. Sz\u00e1sz Gimn\u00e1ziumban (1813\u201315), az 1848-as forradalom r\u00e9sztvev\u0151je, szemtan\u00faja, kr\u00f3nik\u00e1sa R\u00e9genben, majd k\u00e9s\u0151bb eml\u00e9k\u00edr\u00f3ja. Tagja volt annak a sz\u00e1sz k\u00fcld\u00f6tts\u00e9gnek, amely Kossuth L.-hoz j\u00e1rult egy pet\u00edci\u00f3val, amelyben k\u00e9rt\u00e9k R\u00e9gen \u00e9s a k\u00f6rnyez\u0151 sz\u00e1sz telep\u00fcl\u00e9sek [&hellip;]<\/p>\n","protected":false},"featured_media":0,"comment_status":"open","ping_status":"closed","template":"","meta":[],"product_brand":[],"product_cat":[137],"product_tag":[],"class_list":{"0":"post-20017","1":"product","2":"type-product","3":"status-publish","5":"product_cat-maros-megyei-eletrajzi-lexikon","7":"first","8":"instock","9":"shipping-taxable","10":"product-type-simple"},"_links":{"self":[{"href":"https:\/\/uj.adatbank.ro\/lexikon\/wp-json\/wp\/v2\/product\/20017","targetHints":{"allow":["GET"]}}],"collection":[{"href":"https:\/\/uj.adatbank.ro\/lexikon\/wp-json\/wp\/v2\/product"}],"about":[{"href":"https:\/\/uj.adatbank.ro\/lexikon\/wp-json\/wp\/v2\/types\/product"}],"replies":[{"embeddable":true,"href":"https:\/\/uj.adatbank.ro\/lexikon\/wp-json\/wp\/v2\/comments?post=20017"}],"wp:attachment":[{"href":"https:\/\/uj.adatbank.ro\/lexikon\/wp-json\/wp\/v2\/media?parent=20017"}],"wp:term":[{"taxonomy":"product_brand","embeddable":true,"href":"https:\/\/uj.adatbank.ro\/lexikon\/wp-json\/wp\/v2\/product_brand?post=20017"},{"taxonomy":"product_cat","embeddable":true,"href":"https:\/\/uj.adatbank.ro\/lexikon\/wp-json\/wp\/v2\/product_cat?post=20017"},{"taxonomy":"product_tag","embeddable":true,"href":"https:\/\/uj.adatbank.ro\/lexikon\/wp-json\/wp\/v2\/product_tag?post=20017"}],"curies":[{"name":"wp","href":"https:\/\/api.w.org\/{rel}","templated":true}]}}