{"id":20018,"date":"2025-07-22T18:33:34","date_gmt":"2025-07-22T16:33:34","guid":{"rendered":"https:\/\/uj.adatbank.ro\/lexikon\/termek\/schuller-emil-m\/"},"modified":"2025-07-22T18:33:34","modified_gmt":"2025-07-22T16:33:34","slug":"schuller-emil-m","status":"publish","type":"product","link":"https:\/\/uj.adatbank.ro\/lexikon\/termek\/schuller-emil-m\/","title":{"rendered":"SCHULLER Emil M."},"content":{"rendered":"<p>Sz\u00e1szr\u00e9gen, 1842 \u2020?: hivatalnok. \u2013 Apja keresked\u0151. Tanult a Berlini Egy Jogtud. Kar\u00e1n (1861\u201365), Kv.-on is. Hazat\u00e9rve sz\u00fcl\u0151v\u00e1ros\u00e1ban lett hivatalnok., aljegyz\u0151 \u00e9s sz\u00e1mvev\u0151 tiszt (1908\u2013). <br \/><strong>Irod.:<\/strong> Szab\u00f3\u2013Simon\u2013Sz\u00f6gi.<\/br><\/p>\n","protected":false},"excerpt":{"rendered":"<p>Sz\u00e1szr\u00e9gen, 1842 \u2020?: hivatalnok. \u2013 Apja keresked\u0151. Tanult a Berlini Egy Jogtud. Kar\u00e1n (1861\u201365), Kv.-on is. Hazat\u00e9rve sz\u00fcl\u0151v\u00e1ros\u00e1ban lett hivatalnok., aljegyz\u0151 \u00e9s sz\u00e1mvev\u0151 tiszt (1908\u2013). Irod.: Szab\u00f3\u2013Simon\u2013Sz\u00f6gi.<\/p>\n","protected":false},"featured_media":0,"comment_status":"open","ping_status":"closed","template":"","meta":[],"product_brand":[],"product_cat":[137],"product_tag":[],"class_list":{"0":"post-20018","1":"product","2":"type-product","3":"status-publish","5":"product_cat-maros-megyei-eletrajzi-lexikon","7":"first","8":"instock","9":"shipping-taxable","10":"product-type-simple"},"_links":{"self":[{"href":"https:\/\/uj.adatbank.ro\/lexikon\/wp-json\/wp\/v2\/product\/20018","targetHints":{"allow":["GET"]}}],"collection":[{"href":"https:\/\/uj.adatbank.ro\/lexikon\/wp-json\/wp\/v2\/product"}],"about":[{"href":"https:\/\/uj.adatbank.ro\/lexikon\/wp-json\/wp\/v2\/types\/product"}],"replies":[{"embeddable":true,"href":"https:\/\/uj.adatbank.ro\/lexikon\/wp-json\/wp\/v2\/comments?post=20018"}],"wp:attachment":[{"href":"https:\/\/uj.adatbank.ro\/lexikon\/wp-json\/wp\/v2\/media?parent=20018"}],"wp:term":[{"taxonomy":"product_brand","embeddable":true,"href":"https:\/\/uj.adatbank.ro\/lexikon\/wp-json\/wp\/v2\/product_brand?post=20018"},{"taxonomy":"product_cat","embeddable":true,"href":"https:\/\/uj.adatbank.ro\/lexikon\/wp-json\/wp\/v2\/product_cat?post=20018"},{"taxonomy":"product_tag","embeddable":true,"href":"https:\/\/uj.adatbank.ro\/lexikon\/wp-json\/wp\/v2\/product_tag?post=20018"}],"curies":[{"name":"wp","href":"https:\/\/api.w.org\/{rel}","templated":true}]}}