{"id":20019,"date":"2025-07-22T18:33:35","date_gmt":"2025-07-22T16:33:35","guid":{"rendered":"https:\/\/uj.adatbank.ro\/lexikon\/termek\/schuller-friedrich\/"},"modified":"2025-07-22T18:33:35","modified_gmt":"2025-07-22T16:33:35","slug":"schuller-friedrich","status":"publish","type":"product","link":"https:\/\/uj.adatbank.ro\/lexikon\/termek\/schuller-friedrich\/","title":{"rendered":"SCHULLER Friedrich"},"content":{"rendered":"<p>Sz\u00e1szr\u00e9gen, 1877. \u00e1pr. 18. \u2020?: katonatiszt. \u2013 R\u00e9genben gimn\u00e1ziumot v\u00e9gzett, k\u00f6zben apja \u00fczlet\u00e9ben el\u00e1rus\u00edt\u00f3seg\u00e9d volt. A 22. mostari honv\u00e9dezredbe l\u00e9pett be, \u00e9s folytatta katonai tanulm\u00e1nyait. Gyalogos tiszt lett (1901), majd a hadbiztosi tiszti tanfolyamot is elv\u00e9gezte. Ezt k\u00f6vet\u0151en Bp.-re helyezt\u00e9k mint \u00e9lelmez\u00e9si hadbiztost (1905). Kit\u0171n\u0151 torn\u00e1sz, \u00fasz\u00f3 \u00e9s ker\u00e9kp\u00e1roz\u00f3 volt. J\u00f3l ismerte a n\u00e9met, m. \u00e9s rom\u00e1n nyelvet. Minden birtok\u00e1t \u2013 1053 holdat \u2013 kisaj\u00e1t\u00edtotta a rom\u00e1n \u00e1llam az imp\u00e9riumv\u00e1ltoz\u00e1s ut\u00e1n, a f\u00f6ldreformmal (1921). <br \/><strong>Irod.:<\/strong> Reghin, militari.<\/br><\/p>\n","protected":false},"excerpt":{"rendered":"<p>Sz\u00e1szr\u00e9gen, 1877. \u00e1pr. 18. \u2020?: katonatiszt. \u2013 R\u00e9genben gimn\u00e1ziumot v\u00e9gzett, k\u00f6zben apja \u00fczlet\u00e9ben el\u00e1rus\u00edt\u00f3seg\u00e9d volt. A 22. mostari honv\u00e9dezredbe l\u00e9pett be, \u00e9s folytatta katonai tanulm\u00e1nyait. Gyalogos tiszt lett (1901), majd a hadbiztosi tiszti tanfolyamot is elv\u00e9gezte. Ezt k\u00f6vet\u0151en Bp.-re helyezt\u00e9k mint \u00e9lelmez\u00e9si hadbiztost (1905). Kit\u0171n\u0151 torn\u00e1sz, \u00fasz\u00f3 \u00e9s ker\u00e9kp\u00e1roz\u00f3 volt. J\u00f3l ismerte a n\u00e9met, m. [&hellip;]<\/p>\n","protected":false},"featured_media":0,"comment_status":"open","ping_status":"closed","template":"","meta":[],"product_brand":[],"product_cat":[137],"product_tag":[],"class_list":{"0":"post-20019","1":"product","2":"type-product","3":"status-publish","5":"product_cat-maros-megyei-eletrajzi-lexikon","7":"first","8":"instock","9":"shipping-taxable","10":"product-type-simple"},"_links":{"self":[{"href":"https:\/\/uj.adatbank.ro\/lexikon\/wp-json\/wp\/v2\/product\/20019","targetHints":{"allow":["GET"]}}],"collection":[{"href":"https:\/\/uj.adatbank.ro\/lexikon\/wp-json\/wp\/v2\/product"}],"about":[{"href":"https:\/\/uj.adatbank.ro\/lexikon\/wp-json\/wp\/v2\/types\/product"}],"replies":[{"embeddable":true,"href":"https:\/\/uj.adatbank.ro\/lexikon\/wp-json\/wp\/v2\/comments?post=20019"}],"wp:attachment":[{"href":"https:\/\/uj.adatbank.ro\/lexikon\/wp-json\/wp\/v2\/media?parent=20019"}],"wp:term":[{"taxonomy":"product_brand","embeddable":true,"href":"https:\/\/uj.adatbank.ro\/lexikon\/wp-json\/wp\/v2\/product_brand?post=20019"},{"taxonomy":"product_cat","embeddable":true,"href":"https:\/\/uj.adatbank.ro\/lexikon\/wp-json\/wp\/v2\/product_cat?post=20019"},{"taxonomy":"product_tag","embeddable":true,"href":"https:\/\/uj.adatbank.ro\/lexikon\/wp-json\/wp\/v2\/product_tag?post=20019"}],"curies":[{"name":"wp","href":"https:\/\/api.w.org\/{rel}","templated":true}]}}