{"id":20020,"date":"2025-07-22T18:33:39","date_gmt":"2025-07-22T16:33:39","guid":{"rendered":"https:\/\/uj.adatbank.ro\/lexikon\/termek\/schuller-friedrich-2\/"},"modified":"2025-07-22T18:33:39","modified_gmt":"2025-07-22T16:33:39","slug":"schuller-friedrich-2","status":"publish","type":"product","link":"https:\/\/uj.adatbank.ro\/lexikon\/termek\/schuller-friedrich-2\/","title":{"rendered":"SCHULLER, Friedrich"},"content":{"rendered":"<p>Sz\u00e1szr\u00e9gen, 1902. \u00e1pr., \u2020?: katonatiszt. \u2013Szegeden a m. hadsereg egyik l\u00e9gelh\u00e1r\u00edt\u00f3 egys\u00e9g\u00e9n\u00e9l szolg\u00e1lt alhadnagyk\u00e9nt. A Bp.-en foly\u00f3 harcok sor\u00e1n megsebes\u00fclt (1944), Ausztri\u00e1ban amerikai fogs\u00e1gba ker\u00fclt (1944\u201358). <br \/><strong>Irod.:<\/strong> Reghin, militari.<\/br><\/p>\n","protected":false},"excerpt":{"rendered":"<p>Sz\u00e1szr\u00e9gen, 1902. \u00e1pr., \u2020?: katonatiszt. \u2013Szegeden a m. hadsereg egyik l\u00e9gelh\u00e1r\u00edt\u00f3 egys\u00e9g\u00e9n\u00e9l szolg\u00e1lt alhadnagyk\u00e9nt. A Bp.-en foly\u00f3 harcok sor\u00e1n megsebes\u00fclt (1944), Ausztri\u00e1ban amerikai fogs\u00e1gba ker\u00fclt (1944\u201358). Irod.: Reghin, militari.<\/p>\n","protected":false},"featured_media":0,"comment_status":"open","ping_status":"closed","template":"","meta":[],"product_brand":[],"product_cat":[137],"product_tag":[],"class_list":{"0":"post-20020","1":"product","2":"type-product","3":"status-publish","5":"product_cat-maros-megyei-eletrajzi-lexikon","7":"first","8":"instock","9":"shipping-taxable","10":"product-type-simple"},"_links":{"self":[{"href":"https:\/\/uj.adatbank.ro\/lexikon\/wp-json\/wp\/v2\/product\/20020","targetHints":{"allow":["GET"]}}],"collection":[{"href":"https:\/\/uj.adatbank.ro\/lexikon\/wp-json\/wp\/v2\/product"}],"about":[{"href":"https:\/\/uj.adatbank.ro\/lexikon\/wp-json\/wp\/v2\/types\/product"}],"replies":[{"embeddable":true,"href":"https:\/\/uj.adatbank.ro\/lexikon\/wp-json\/wp\/v2\/comments?post=20020"}],"wp:attachment":[{"href":"https:\/\/uj.adatbank.ro\/lexikon\/wp-json\/wp\/v2\/media?parent=20020"}],"wp:term":[{"taxonomy":"product_brand","embeddable":true,"href":"https:\/\/uj.adatbank.ro\/lexikon\/wp-json\/wp\/v2\/product_brand?post=20020"},{"taxonomy":"product_cat","embeddable":true,"href":"https:\/\/uj.adatbank.ro\/lexikon\/wp-json\/wp\/v2\/product_cat?post=20020"},{"taxonomy":"product_tag","embeddable":true,"href":"https:\/\/uj.adatbank.ro\/lexikon\/wp-json\/wp\/v2\/product_tag?post=20020"}],"curies":[{"name":"wp","href":"https:\/\/api.w.org\/{rel}","templated":true}]}}