{"id":20022,"date":"2025-07-22T18:33:42","date_gmt":"2025-07-22T16:33:42","guid":{"rendered":"https:\/\/uj.adatbank.ro\/lexikon\/termek\/schuller-friedrich-paul\/"},"modified":"2025-07-22T18:33:42","modified_gmt":"2025-07-22T16:33:42","slug":"schuller-friedrich-paul","status":"publish","type":"product","link":"https:\/\/uj.adatbank.ro\/lexikon\/termek\/schuller-friedrich-paul\/","title":{"rendered":"SCHULLER, Friedrich Paul"},"content":{"rendered":"<p>Segesv\u00e1r, 1900. dec. 31., \u2020 Segesv\u00e1r, 1969, m\u00e1rc. 17.: karmester, heged\u0171m\u0171v\u00e9sz, filol\u00f3gus. \u2013 Nyelv- \u00e9s zenetan\u00e1r, a segesv\u00e1ri f\u00e9rfi dalegylet vezet\u0151je \u00e9s a szimfonikus zenekar karmestere volt. Megalap\u00edtotta a segesv\u00e1ri n\u00e9met kamarak\u00f3rust \u00e9s hal\u00e1l\u00e1ig vezette (1966\u201369). K\u00f6z\u00f6lt nyelv\u00e9szeti, zenei dolgozatokat, tank\u00f6nyveket, szerzett k\u00f3rusm\u0171veket, dalokat, git\u00e1rm\u0171veket, sz\u00ednpadi zen\u00e9t stb. <br \/><strong>Irod.:<\/strong> LSS.<\/br><\/p>\n","protected":false},"excerpt":{"rendered":"<p>Segesv\u00e1r, 1900. dec. 31., \u2020 Segesv\u00e1r, 1969, m\u00e1rc. 17.: karmester, heged\u0171m\u0171v\u00e9sz, filol\u00f3gus. \u2013 Nyelv- \u00e9s zenetan\u00e1r, a segesv\u00e1ri f\u00e9rfi dalegylet vezet\u0151je \u00e9s a szimfonikus zenekar karmestere volt. Megalap\u00edtotta a segesv\u00e1ri n\u00e9met kamarak\u00f3rust \u00e9s hal\u00e1l\u00e1ig vezette (1966\u201369). K\u00f6z\u00f6lt nyelv\u00e9szeti, zenei dolgozatokat, tank\u00f6nyveket, szerzett k\u00f3rusm\u0171veket, dalokat, git\u00e1rm\u0171veket, sz\u00ednpadi zen\u00e9t stb. Irod.: LSS.<\/p>\n","protected":false},"featured_media":0,"comment_status":"open","ping_status":"closed","template":"","meta":[],"product_brand":[],"product_cat":[137],"product_tag":[],"class_list":{"0":"post-20022","1":"product","2":"type-product","3":"status-publish","5":"product_cat-maros-megyei-eletrajzi-lexikon","7":"first","8":"instock","9":"shipping-taxable","10":"product-type-simple"},"_links":{"self":[{"href":"https:\/\/uj.adatbank.ro\/lexikon\/wp-json\/wp\/v2\/product\/20022","targetHints":{"allow":["GET"]}}],"collection":[{"href":"https:\/\/uj.adatbank.ro\/lexikon\/wp-json\/wp\/v2\/product"}],"about":[{"href":"https:\/\/uj.adatbank.ro\/lexikon\/wp-json\/wp\/v2\/types\/product"}],"replies":[{"embeddable":true,"href":"https:\/\/uj.adatbank.ro\/lexikon\/wp-json\/wp\/v2\/comments?post=20022"}],"wp:attachment":[{"href":"https:\/\/uj.adatbank.ro\/lexikon\/wp-json\/wp\/v2\/media?parent=20022"}],"wp:term":[{"taxonomy":"product_brand","embeddable":true,"href":"https:\/\/uj.adatbank.ro\/lexikon\/wp-json\/wp\/v2\/product_brand?post=20022"},{"taxonomy":"product_cat","embeddable":true,"href":"https:\/\/uj.adatbank.ro\/lexikon\/wp-json\/wp\/v2\/product_cat?post=20022"},{"taxonomy":"product_tag","embeddable":true,"href":"https:\/\/uj.adatbank.ro\/lexikon\/wp-json\/wp\/v2\/product_tag?post=20022"}],"curies":[{"name":"wp","href":"https:\/\/api.w.org\/{rel}","templated":true}]}}