{"id":20023,"date":"2025-07-22T18:33:45","date_gmt":"2025-07-22T16:33:45","guid":{"rendered":"https:\/\/uj.adatbank.ro\/lexikon\/termek\/schuller-georg\/"},"modified":"2025-07-22T18:33:45","modified_gmt":"2025-07-22T16:33:45","slug":"schuller-georg","status":"publish","type":"product","link":"https:\/\/uj.adatbank.ro\/lexikon\/termek\/schuller-georg\/","title":{"rendered":"SCHULLER, Georg"},"content":{"rendered":"<p>Holdvil\u00e1g, 1830. m\u00e1rc. 4., \u2020\u00a0Segesv\u00e1r, 1909. nov. 2.: \u00e1g. evang. lelk\u00e9sz. \u2013 Apja f\u00f6ldm\u0171ves. Tanult Segesv\u00e1ron (1847 \u2013), a k\u00f6vetkez\u0151 \u00e9vben azonban a h\u00e1bor\u00fas k\u00f6r\u00fclm\u00e9nyek miatt t\u00f6bbsz\u00f6r f\u00e9lben kellett hagyni a tanulm\u00e1nyait, m\u00edg a segesv\u00e1ri csata ut\u00e1n b\u00e9k\u00e9sebb id\u0151k k\u00f6vetkeztek. 1853-ban v\u00e9gezte a gimn\u00e1ziumot \u00e9s a t\u00fcbingeni egyetemre ment (1853\u2013), hogy a tan\u00edt\u00f3i \u00e9s lelk\u00e9szi p\u00e1ly\u00e1ra k\u00e9pezze mag\u00e1t; ott h\u00e1rom f\u00e9l\u00e9vet, egyet Berlinben (1855) t\u00f6lt\u00f6tt, hol Ranket \u00e9s Rittert hallgatva, a t\u00f6rt\u00e9nelmi \u00e9s f\u00f6ldrajzi tanulm\u00e1nyokat mindink\u00e1bb megszerette. Inn\u00e9t megh\u00edv\u00e1st kapott a segesv\u00e1ri gimn\u00e1zium tan\u00e1ri \u00e1ll\u00e1s\u00e1ra (1855\u2013); miut\u00e1n itten t\u00edz \u00e9vig szolg\u00e1lt, lelk\u00e9sznek ment Holdvil\u00e1gra (1865), innen pedig Sz\u00e1szszentl\u00e1szl\u00f3ra (1876) \u00e9s h\u00e1rom \u00e9v m\u00falva Nagyapoldra (1879\u20131903). Nyugalomba vonul\u00e1sa ut\u00e1n Segesv\u00e1ron \u00e9lt. Cikkei a segesv\u00e1ri gimn\u00e1zium Programmj\u00e1ban, a Schul- und Kirchenboteban,a Korrespondenzblattban. <br \/><strong>Irod.:<\/strong> A mo.-i k\u00f6z\u00e9piskol\u00e1kban 1850\u201355 megjelent \u00f6sszes program\u00e9rtekez\u00e9seknek repert\u00f3riuma (Bp., 1887), Szab\u00f3\u2013Simon\u2013Sz\u00f6gi; Szinnyei.<\/br><\/p>\n","protected":false},"excerpt":{"rendered":"<p>Holdvil\u00e1g, 1830. m\u00e1rc. 4., \u2020\u00a0Segesv\u00e1r, 1909. nov. 2.: \u00e1g. evang. lelk\u00e9sz. \u2013 Apja f\u00f6ldm\u0171ves. Tanult Segesv\u00e1ron (1847 \u2013), a k\u00f6vetkez\u0151 \u00e9vben azonban a h\u00e1bor\u00fas k\u00f6r\u00fclm\u00e9nyek miatt t\u00f6bbsz\u00f6r f\u00e9lben kellett hagyni a tanulm\u00e1nyait, m\u00edg a segesv\u00e1ri csata ut\u00e1n b\u00e9k\u00e9sebb id\u0151k k\u00f6vetkeztek. 1853-ban v\u00e9gezte a gimn\u00e1ziumot \u00e9s a t\u00fcbingeni egyetemre ment (1853\u2013), hogy a tan\u00edt\u00f3i \u00e9s lelk\u00e9szi [&hellip;]<\/p>\n","protected":false},"featured_media":0,"comment_status":"open","ping_status":"closed","template":"","meta":[],"product_brand":[],"product_cat":[137],"product_tag":[],"class_list":{"0":"post-20023","1":"product","2":"type-product","3":"status-publish","5":"product_cat-maros-megyei-eletrajzi-lexikon","7":"first","8":"instock","9":"shipping-taxable","10":"product-type-simple"},"_links":{"self":[{"href":"https:\/\/uj.adatbank.ro\/lexikon\/wp-json\/wp\/v2\/product\/20023","targetHints":{"allow":["GET"]}}],"collection":[{"href":"https:\/\/uj.adatbank.ro\/lexikon\/wp-json\/wp\/v2\/product"}],"about":[{"href":"https:\/\/uj.adatbank.ro\/lexikon\/wp-json\/wp\/v2\/types\/product"}],"replies":[{"embeddable":true,"href":"https:\/\/uj.adatbank.ro\/lexikon\/wp-json\/wp\/v2\/comments?post=20023"}],"wp:attachment":[{"href":"https:\/\/uj.adatbank.ro\/lexikon\/wp-json\/wp\/v2\/media?parent=20023"}],"wp:term":[{"taxonomy":"product_brand","embeddable":true,"href":"https:\/\/uj.adatbank.ro\/lexikon\/wp-json\/wp\/v2\/product_brand?post=20023"},{"taxonomy":"product_cat","embeddable":true,"href":"https:\/\/uj.adatbank.ro\/lexikon\/wp-json\/wp\/v2\/product_cat?post=20023"},{"taxonomy":"product_tag","embeddable":true,"href":"https:\/\/uj.adatbank.ro\/lexikon\/wp-json\/wp\/v2\/product_tag?post=20023"}],"curies":[{"name":"wp","href":"https:\/\/api.w.org\/{rel}","templated":true}]}}