{"id":20026,"date":"2025-07-22T18:33:52","date_gmt":"2025-07-22T16:33:52","guid":{"rendered":"https:\/\/uj.adatbank.ro\/lexikon\/termek\/schuller-georg-adolf\/"},"modified":"2025-07-22T18:33:52","modified_gmt":"2025-07-22T16:33:52","slug":"schuller-georg-adolf","status":"publish","type":"product","link":"https:\/\/uj.adatbank.ro\/lexikon\/termek\/schuller-georg-adolf\/","title":{"rendered":"SCHULLER, Georg Adolf"},"content":{"rendered":"<p>Segesv\u00e1r, 1862. dec. 25., \u2020 Nagyszeben, 1939. aug. 30.: lelk\u00e9sz, t\u00f6rt\u00e9n\u00e9sz. \u2013 Apja ev. lelk\u00e9sz Apoldon. Segesv\u00e1rinak, apoldinak \u00e9s sz\u00e1szr\u00e9geni sz\u00fclet\u00e9s\u0171nek is \u00edrta mag\u00e1t az egyetemi beiratkoz\u00e1sokkor. A k\u00f6z\u00e9piskol\u00e1t Segesv\u00e1ron v\u00e9gezte (1880), majd a berni egy. Hittud. Kar\u00e1n (1880\u201382), berlini egy Hittud. Kar\u00e1n (1882\u201383), m\u00fcncheni egy. B\u00f6lcs\u00e9sz Kar\u00e1n (1882), t\u00fcbingeni egyetem Hittud. Kar\u00e1n (1883\u201384) teol\u00f3giai \u00e9s t\u00f6rt\u00e9nelmi tanulm\u00e1nyokat folytatott. T\u00fcbingenben b\u00f6lcs\u00e9szdoktori oklevelet szerzett (1884). Hazat\u00e9rve Szent\u00e1got\u00e1n az elemi iskol\u00e1ban tan\u00edt\u00f3 (1887), k\u00e9t \u00e9v m\u00falva rektor (1889\u201393), k\u00e9s\u0151bb Ol\u00e1hszentl\u00e1szl\u00f3n (1893\u201398) \u00e9s Kem\u00e9nynagysz\u0151l\u0151s\u00f6n (1898\u20131904) lelk\u00e9sz. Nyugd\u00edjazt\u00e1k (1904), amikor Nagyszebenbe k\u00f6lt\u00f6z\u00f6tt, ahol a Bruckentahal M\u00fazeum munkat\u00e1rsa,vezette a k\u00e9zirat r\u00e9szleget, mellette a Reiffeisen sz\u00f6vetkezet sz\u00f6vets\u00e9gi titk\u00e1ra (1904\u201329). F\u0151leg m\u0171v\u00e9szett\u00f6rt\u00e9nelemmel \u00e9s gazdas\u00e1gt\u00f6rt\u00e9nelemmel foglalkozott. \u00cdr\u00e1sai szakfoly\u00f3iratokban jelentek meg. T\u00f6bb teol\u00f3giai kiadv\u00e1ny szerkeszt\u0151je. Memo\u00e1rszer\u0171 feljegyz\u00e9sei 1908-ban jelentek meg. A T\u00fcbingeni egyetem teol\u00f3giai d\u00edszdoktori c\u00edmet adom\u00e1nyozott neki (1927). \u2013 <strong>F. m.<\/strong>: Aus der Vergangenheit der siebenb\u00fcrgisch-s\u00e4chsischen Landwirtschaft (Nagyszeben, 1895.); Gross-Lasslen in Vergangenheit und Gegenwart. (Nagyszeben, 1896); Aus dem Leben der Gemeinde Gross-Alisch. (Nagyszeben, 1903.); Joannes H\u00f6cksmann. (Nagyszeben, 1905.); Das Lassler Kapitel (Archiv des Vereines\u2026 XXX. k.); Johann Filtsch. (Nagyszeben, 1912.); Unser Bischof D. Georg Daniel Teutsch. (Nagyszeben, 1918.); Samuel von Brukentahl 1\u20132. (M\u00fcnchen, 1967). <br \/><strong>Irod.:<\/strong> Enciclopedia istoriografiei rom. (1978); Osv\u00e1th; Szab\u00f3\u2013Simon\u2013Sz\u00f6gi; Teutsch F.; Todea 2013; Zov\u00e1nyi.<\/br><\/p>\n","protected":false},"excerpt":{"rendered":"<p>Segesv\u00e1r, 1862. dec. 25., \u2020 Nagyszeben, 1939. aug. 30.: lelk\u00e9sz, t\u00f6rt\u00e9n\u00e9sz. \u2013 Apja ev. lelk\u00e9sz Apoldon. Segesv\u00e1rinak, apoldinak \u00e9s sz\u00e1szr\u00e9geni sz\u00fclet\u00e9s\u0171nek is \u00edrta mag\u00e1t az egyetemi beiratkoz\u00e1sokkor. A k\u00f6z\u00e9piskol\u00e1t Segesv\u00e1ron v\u00e9gezte (1880), majd a berni egy. Hittud. Kar\u00e1n (1880\u201382), berlini egy Hittud. Kar\u00e1n (1882\u201383), m\u00fcncheni egy. B\u00f6lcs\u00e9sz Kar\u00e1n (1882), t\u00fcbingeni egyetem Hittud. Kar\u00e1n (1883\u201384) teol\u00f3giai [&hellip;]<\/p>\n","protected":false},"featured_media":0,"comment_status":"open","ping_status":"closed","template":"","meta":[],"product_brand":[],"product_cat":[137],"product_tag":[],"class_list":{"0":"post-20026","1":"product","2":"type-product","3":"status-publish","5":"product_cat-maros-megyei-eletrajzi-lexikon","7":"first","8":"instock","9":"shipping-taxable","10":"product-type-simple"},"_links":{"self":[{"href":"https:\/\/uj.adatbank.ro\/lexikon\/wp-json\/wp\/v2\/product\/20026","targetHints":{"allow":["GET"]}}],"collection":[{"href":"https:\/\/uj.adatbank.ro\/lexikon\/wp-json\/wp\/v2\/product"}],"about":[{"href":"https:\/\/uj.adatbank.ro\/lexikon\/wp-json\/wp\/v2\/types\/product"}],"replies":[{"embeddable":true,"href":"https:\/\/uj.adatbank.ro\/lexikon\/wp-json\/wp\/v2\/comments?post=20026"}],"wp:attachment":[{"href":"https:\/\/uj.adatbank.ro\/lexikon\/wp-json\/wp\/v2\/media?parent=20026"}],"wp:term":[{"taxonomy":"product_brand","embeddable":true,"href":"https:\/\/uj.adatbank.ro\/lexikon\/wp-json\/wp\/v2\/product_brand?post=20026"},{"taxonomy":"product_cat","embeddable":true,"href":"https:\/\/uj.adatbank.ro\/lexikon\/wp-json\/wp\/v2\/product_cat?post=20026"},{"taxonomy":"product_tag","embeddable":true,"href":"https:\/\/uj.adatbank.ro\/lexikon\/wp-json\/wp\/v2\/product_tag?post=20026"}],"curies":[{"name":"wp","href":"https:\/\/api.w.org\/{rel}","templated":true}]}}