{"id":20028,"date":"2025-07-22T18:33:56","date_gmt":"2025-07-22T16:33:56","guid":{"rendered":"https:\/\/uj.adatbank.ro\/lexikon\/termek\/schuller-gyula\/"},"modified":"2025-07-22T18:33:56","modified_gmt":"2025-07-22T16:33:56","slug":"schuller-gyula","status":"publish","type":"product","link":"https:\/\/uj.adatbank.ro\/lexikon\/termek\/schuller-gyula\/","title":{"rendered":"SCHULLER Gyula"},"content":{"rendered":"<p>Sz\u00e9kelyudvarhely, 1893., \u2020?: keresked\u0151. \u2013 Sz\u00e9kelyudvarhelyen v\u00e9gezte a k\u00f6z\u00e9piskol\u00e1t, a keresked\u0151i szakm\u00e1t ott \u00e9s Sz\u00e9kelykereszt\u00faron saj\u00e1t\u00edtotta el, \u00f6n\u00e1ll\u00f3 lett (1919) Erd\u0151szentgy\u00f6rgy\u00f6n nyitott \u00fczletet. Az els\u0151 vh.-ban a 22. gy. e.-ben az orosz fronton harcolt, mint \u0151rmester szerelt le, t\u00f6bb kit\u00fcntet\u00e9st kapott. <br \/><strong>Irod.:<\/strong> Sz\u00e9kelyf\u00f6ld \u00ed. k.<\/br><\/p>\n","protected":false},"excerpt":{"rendered":"<p>Sz\u00e9kelyudvarhely, 1893., \u2020?: keresked\u0151. \u2013 Sz\u00e9kelyudvarhelyen v\u00e9gezte a k\u00f6z\u00e9piskol\u00e1t, a keresked\u0151i szakm\u00e1t ott \u00e9s Sz\u00e9kelykereszt\u00faron saj\u00e1t\u00edtotta el, \u00f6n\u00e1ll\u00f3 lett (1919) Erd\u0151szentgy\u00f6rgy\u00f6n nyitott \u00fczletet. Az els\u0151 vh.-ban a 22. gy. e.-ben az orosz fronton harcolt, mint \u0151rmester szerelt le, t\u00f6bb kit\u00fcntet\u00e9st kapott. Irod.: Sz\u00e9kelyf\u00f6ld \u00ed. k.<\/p>\n","protected":false},"featured_media":0,"comment_status":"open","ping_status":"closed","template":"","meta":[],"product_brand":[],"product_cat":[137],"product_tag":[],"class_list":{"0":"post-20028","1":"product","2":"type-product","3":"status-publish","5":"product_cat-maros-megyei-eletrajzi-lexikon","7":"first","8":"instock","9":"shipping-taxable","10":"product-type-simple"},"_links":{"self":[{"href":"https:\/\/uj.adatbank.ro\/lexikon\/wp-json\/wp\/v2\/product\/20028","targetHints":{"allow":["GET"]}}],"collection":[{"href":"https:\/\/uj.adatbank.ro\/lexikon\/wp-json\/wp\/v2\/product"}],"about":[{"href":"https:\/\/uj.adatbank.ro\/lexikon\/wp-json\/wp\/v2\/types\/product"}],"replies":[{"embeddable":true,"href":"https:\/\/uj.adatbank.ro\/lexikon\/wp-json\/wp\/v2\/comments?post=20028"}],"wp:attachment":[{"href":"https:\/\/uj.adatbank.ro\/lexikon\/wp-json\/wp\/v2\/media?parent=20028"}],"wp:term":[{"taxonomy":"product_brand","embeddable":true,"href":"https:\/\/uj.adatbank.ro\/lexikon\/wp-json\/wp\/v2\/product_brand?post=20028"},{"taxonomy":"product_cat","embeddable":true,"href":"https:\/\/uj.adatbank.ro\/lexikon\/wp-json\/wp\/v2\/product_cat?post=20028"},{"taxonomy":"product_tag","embeddable":true,"href":"https:\/\/uj.adatbank.ro\/lexikon\/wp-json\/wp\/v2\/product_tag?post=20028"}],"curies":[{"name":"wp","href":"https:\/\/api.w.org\/{rel}","templated":true}]}}