{"id":20030,"date":"2025-07-22T18:34:00","date_gmt":"2025-07-22T16:34:00","guid":{"rendered":"https:\/\/uj.adatbank.ro\/lexikon\/termek\/schuller-johann-georg\/"},"modified":"2025-07-22T18:34:00","modified_gmt":"2025-07-22T16:34:00","slug":"schuller-johann-georg","status":"publish","type":"product","link":"https:\/\/uj.adatbank.ro\/lexikon\/termek\/schuller-johann-georg\/","title":{"rendered":"SCHULLER, Johann Georg"},"content":{"rendered":"<p>1701, \u2020? 1767: orvos. \u2013 Halleba iratkozott be az orvosi egyetemre (1740. okt. 20.). Sz\u00e1szr\u00e9geni orvosdoktor. <br \/><strong>Irod.:<\/strong> \u00c1rva Bethlen K.; Tonk S. 2020.<\/br><\/p>\n","protected":false},"excerpt":{"rendered":"<p>1701, \u2020? 1767: orvos. \u2013 Halleba iratkozott be az orvosi egyetemre (1740. okt. 20.). Sz\u00e1szr\u00e9geni orvosdoktor. Irod.: \u00c1rva Bethlen K.; Tonk S. 2020.<\/p>\n","protected":false},"featured_media":0,"comment_status":"open","ping_status":"closed","template":"","meta":[],"product_brand":[],"product_cat":[137],"product_tag":[],"class_list":{"0":"post-20030","1":"product","2":"type-product","3":"status-publish","5":"product_cat-maros-megyei-eletrajzi-lexikon","7":"first","8":"instock","9":"shipping-taxable","10":"product-type-simple"},"_links":{"self":[{"href":"https:\/\/uj.adatbank.ro\/lexikon\/wp-json\/wp\/v2\/product\/20030","targetHints":{"allow":["GET"]}}],"collection":[{"href":"https:\/\/uj.adatbank.ro\/lexikon\/wp-json\/wp\/v2\/product"}],"about":[{"href":"https:\/\/uj.adatbank.ro\/lexikon\/wp-json\/wp\/v2\/types\/product"}],"replies":[{"embeddable":true,"href":"https:\/\/uj.adatbank.ro\/lexikon\/wp-json\/wp\/v2\/comments?post=20030"}],"wp:attachment":[{"href":"https:\/\/uj.adatbank.ro\/lexikon\/wp-json\/wp\/v2\/media?parent=20030"}],"wp:term":[{"taxonomy":"product_brand","embeddable":true,"href":"https:\/\/uj.adatbank.ro\/lexikon\/wp-json\/wp\/v2\/product_brand?post=20030"},{"taxonomy":"product_cat","embeddable":true,"href":"https:\/\/uj.adatbank.ro\/lexikon\/wp-json\/wp\/v2\/product_cat?post=20030"},{"taxonomy":"product_tag","embeddable":true,"href":"https:\/\/uj.adatbank.ro\/lexikon\/wp-json\/wp\/v2\/product_tag?post=20030"}],"curies":[{"name":"wp","href":"https:\/\/api.w.org\/{rel}","templated":true}]}}