{"id":20031,"date":"2025-07-22T18:34:02","date_gmt":"2025-07-22T16:34:02","guid":{"rendered":"https:\/\/uj.adatbank.ro\/lexikon\/termek\/schuller-johann-georg-2\/"},"modified":"2025-07-22T18:34:02","modified_gmt":"2025-07-22T16:34:02","slug":"schuller-johann-georg-2","status":"publish","type":"product","link":"https:\/\/uj.adatbank.ro\/lexikon\/termek\/schuller-johann-georg-2\/","title":{"rendered":"SCHULLER, Johann Georg"},"content":{"rendered":"<p>Sz\u00e1szbog\u00e1cs, 1763. dec. 6., \u2020 1840. jan 13\u00a0Nagycs\u0171r (Szeben) (m\u00e1s forr\u00e1sok szerint: 1830. jan. 10.): \u00e1g. ev. lelk\u00e9sz, apja Sch. Krist\u00f3f lelk\u00e9sz volt. \u2013 Tanult Valdhidon, majd k\u00e9t \u00e9vig a medgyesi gimn\u00e1ziumban \u00e9s ugyanannyi ideig a mv.-i Ref. Kollegiumban, Nagyszebenben, majd az erlangeni (1782) \u00e9s a g\u00f6ttingeni (1783) egyetemet l\u00e1togatta. \u00d6t \u00e9vi k\u00fclf\u00f6ldi tart\u00f3zkod\u00e1sa \u00e9s m\u00e9g Berlinben a kir. k\u00f6nyvt\u00e1rban t\u00f6lt\u00f6tt \u00f6t h\u00f3nap ut\u00e1n visszat\u00e9rt Nagyszebenbe, innen nevel\u0151nek ment Rosenfeld Andr\u00e1s b\u00e1r\u00f3, a munk\u00e1csi ker\u00fclet cs. biztosa h\u00e1z\u00e1hoz Ungv\u00e1rra. K\u00e9t \u00e9vi nevel\u0151sk\u00f6d\u00e9se ut\u00e1n a l\u0151csei gimn\u00e1ziumhoz nevezt\u00e9k ki tan\u00e1rnak. Mid\u0151n ezen tan\u00e1ri \u00e1ll\u00e1s II. J\u00f3zsef cs\u00e1sz\u00e1r uralkod\u00e1sa alatt megsz\u0171nt, Sch. a kritikai b\u00f6lcselet tanulm\u00e1nyoz\u00e1sa v\u00e9gett a lipcsei egyetemre ment; innen egy \u00e9v m\u00falva Nagyszebenbe h\u00edvt\u00e1k meg a b\u00f6lcseleti tansz\u00e9kre, egyszersmind a conrektori \u00e1ll\u00e1sra (1790\u2013). H\u00e9t \u00e9v m\u00falva Nagy-Diszn\u00f3don (1797\u2013), majd Nagy-Cs\u0171r\u00f6n (1810\u2013) v\u00e1lasztott\u00e1k meg lelk\u00e9sznek; ezenk\u00edv\u00fcl a nagyszebeni k\u00e1ptalan dekan\u00e1tusi hivatal\u00e1t is elv\u00e1llalta (1817\u201325). A Schuller Johann-h\u00e1z Sz\u00e1szbog\u00e1cson \u00e9p\u00fclt (1773), \u201eA\u201d kateg\u00f3ri\u00e1ba tartoz\u00f3 m\u0171eml\u00e9k. K\u00e9zirati munk\u00e1i: Siebenb\u00fcrgisch-s\u00e4chsisches Idiotikon; Schulplan f\u00fcr die Gymnasialschulen der Sachsen in Siebenburgen. <br \/><strong>Irod.:<\/strong> Szab\u00f3\u2013Sz\u00f6gi; Szinnyei; Valori mure\u015fene de patrimoniu.<\/br><\/p>\n","protected":false},"excerpt":{"rendered":"<p>Sz\u00e1szbog\u00e1cs, 1763. dec. 6., \u2020 1840. jan 13\u00a0Nagycs\u0171r (Szeben) (m\u00e1s forr\u00e1sok szerint: 1830. jan. 10.): \u00e1g. ev. lelk\u00e9sz, apja Sch. Krist\u00f3f lelk\u00e9sz volt. \u2013 Tanult Valdhidon, majd k\u00e9t \u00e9vig a medgyesi gimn\u00e1ziumban \u00e9s ugyanannyi ideig a mv.-i Ref. Kollegiumban, Nagyszebenben, majd az erlangeni (1782) \u00e9s a g\u00f6ttingeni (1783) egyetemet l\u00e1togatta. \u00d6t \u00e9vi k\u00fclf\u00f6ldi tart\u00f3zkod\u00e1sa \u00e9s [&hellip;]<\/p>\n","protected":false},"featured_media":0,"comment_status":"open","ping_status":"closed","template":"","meta":[],"product_brand":[],"product_cat":[137],"product_tag":[],"class_list":{"0":"post-20031","1":"product","2":"type-product","3":"status-publish","5":"product_cat-maros-megyei-eletrajzi-lexikon","7":"first","8":"instock","9":"shipping-taxable","10":"product-type-simple"},"_links":{"self":[{"href":"https:\/\/uj.adatbank.ro\/lexikon\/wp-json\/wp\/v2\/product\/20031","targetHints":{"allow":["GET"]}}],"collection":[{"href":"https:\/\/uj.adatbank.ro\/lexikon\/wp-json\/wp\/v2\/product"}],"about":[{"href":"https:\/\/uj.adatbank.ro\/lexikon\/wp-json\/wp\/v2\/types\/product"}],"replies":[{"embeddable":true,"href":"https:\/\/uj.adatbank.ro\/lexikon\/wp-json\/wp\/v2\/comments?post=20031"}],"wp:attachment":[{"href":"https:\/\/uj.adatbank.ro\/lexikon\/wp-json\/wp\/v2\/media?parent=20031"}],"wp:term":[{"taxonomy":"product_brand","embeddable":true,"href":"https:\/\/uj.adatbank.ro\/lexikon\/wp-json\/wp\/v2\/product_brand?post=20031"},{"taxonomy":"product_cat","embeddable":true,"href":"https:\/\/uj.adatbank.ro\/lexikon\/wp-json\/wp\/v2\/product_cat?post=20031"},{"taxonomy":"product_tag","embeddable":true,"href":"https:\/\/uj.adatbank.ro\/lexikon\/wp-json\/wp\/v2\/product_tag?post=20031"}],"curies":[{"name":"wp","href":"https:\/\/api.w.org\/{rel}","templated":true}]}}