{"id":20034,"date":"2025-07-22T18:34:08","date_gmt":"2025-07-22T16:34:08","guid":{"rendered":"https:\/\/uj.adatbank.ro\/lexikon\/termek\/schuller-josef\/"},"modified":"2025-07-22T18:34:08","modified_gmt":"2025-07-22T16:34:08","slug":"schuller-josef","status":"publish","type":"product","link":"https:\/\/uj.adatbank.ro\/lexikon\/termek\/schuller-josef\/","title":{"rendered":"SCHULLER, Josef"},"content":{"rendered":"<p>Sz\u00e1szr\u00e9gen, 1850. szept. 9., \u2020 Brass\u00f3, 1918. febr. 12.: f\u00e9nyk\u00e9p\u00e9sz. A brass\u00f3i Leopold Adler f\u00e9nyk\u00e9p\u00e9sz asszisztense \u00e9s munkat\u00e1rsa (1870\u20131900), majd \u0151 vezette (1900\u20131909) ezt a m\u0171helyt a fi\u00e1val ifj. Schuller Joseffel (1874\u20131956). K\u00e9pei jelentek meg az E. Sigerius kiad\u00e1s\u00e1ban Siebenb\u00fcrgens Burgen und Kirchenkastelle (Hermannstadt, 1901); Aus ale Zeit (Hermannstadt, 1904). <br \/><strong>Irod.:<\/strong> LSS.<\/br><\/p>\n","protected":false},"excerpt":{"rendered":"<p>Sz\u00e1szr\u00e9gen, 1850. szept. 9., \u2020 Brass\u00f3, 1918. febr. 12.: f\u00e9nyk\u00e9p\u00e9sz. A brass\u00f3i Leopold Adler f\u00e9nyk\u00e9p\u00e9sz asszisztense \u00e9s munkat\u00e1rsa (1870\u20131900), majd \u0151 vezette (1900\u20131909) ezt a m\u0171helyt a fi\u00e1val ifj. Schuller Joseffel (1874\u20131956). K\u00e9pei jelentek meg az E. Sigerius kiad\u00e1s\u00e1ban Siebenb\u00fcrgens Burgen und Kirchenkastelle (Hermannstadt, 1901); Aus ale Zeit (Hermannstadt, 1904). Irod.: LSS.<\/p>\n","protected":false},"featured_media":0,"comment_status":"open","ping_status":"closed","template":"","meta":[],"product_brand":[],"product_cat":[137],"product_tag":[],"class_list":{"0":"post-20034","1":"product","2":"type-product","3":"status-publish","5":"product_cat-maros-megyei-eletrajzi-lexikon","7":"first","8":"instock","9":"shipping-taxable","10":"product-type-simple"},"_links":{"self":[{"href":"https:\/\/uj.adatbank.ro\/lexikon\/wp-json\/wp\/v2\/product\/20034","targetHints":{"allow":["GET"]}}],"collection":[{"href":"https:\/\/uj.adatbank.ro\/lexikon\/wp-json\/wp\/v2\/product"}],"about":[{"href":"https:\/\/uj.adatbank.ro\/lexikon\/wp-json\/wp\/v2\/types\/product"}],"replies":[{"embeddable":true,"href":"https:\/\/uj.adatbank.ro\/lexikon\/wp-json\/wp\/v2\/comments?post=20034"}],"wp:attachment":[{"href":"https:\/\/uj.adatbank.ro\/lexikon\/wp-json\/wp\/v2\/media?parent=20034"}],"wp:term":[{"taxonomy":"product_brand","embeddable":true,"href":"https:\/\/uj.adatbank.ro\/lexikon\/wp-json\/wp\/v2\/product_brand?post=20034"},{"taxonomy":"product_cat","embeddable":true,"href":"https:\/\/uj.adatbank.ro\/lexikon\/wp-json\/wp\/v2\/product_cat?post=20034"},{"taxonomy":"product_tag","embeddable":true,"href":"https:\/\/uj.adatbank.ro\/lexikon\/wp-json\/wp\/v2\/product_tag?post=20034"}],"curies":[{"name":"wp","href":"https:\/\/api.w.org\/{rel}","templated":true}]}}