{"id":20035,"date":"2025-07-22T18:34:10","date_gmt":"2025-07-22T16:34:10","guid":{"rendered":"https:\/\/uj.adatbank.ro\/lexikon\/termek\/schuller-jozsef\/"},"modified":"2025-07-22T18:34:10","modified_gmt":"2025-07-22T16:34:10","slug":"schuller-jozsef","status":"publish","type":"product","link":"https:\/\/uj.adatbank.ro\/lexikon\/termek\/schuller-jozsef\/","title":{"rendered":"SCHULLER J\u00f3zsef"},"content":{"rendered":"<p>1844. \u2020 Mv., 1915. febr. 3.: b\u00edr\u00f3. \u2013 Feles\u00e9ge: Wilhelm Anna. Gyermekeik: Gizella \u00e9s Ir\u00e9n. \u2013 Mv.-en m. kir. \u00edt\u00e9l\u0151 t\u00e1blai b\u00edr\u00f3, unit. egyh\u00e1zi k\u00e9pvisel\u0151 tan\u00e1csos. <br \/><strong>Irod.:<\/strong> Gy\u00e1szjelent\u0151.<\/br><\/p>\n","protected":false},"excerpt":{"rendered":"<p>1844. \u2020 Mv., 1915. febr. 3.: b\u00edr\u00f3. \u2013 Feles\u00e9ge: Wilhelm Anna. Gyermekeik: Gizella \u00e9s Ir\u00e9n. \u2013 Mv.-en m. kir. \u00edt\u00e9l\u0151 t\u00e1blai b\u00edr\u00f3, unit. egyh\u00e1zi k\u00e9pvisel\u0151 tan\u00e1csos. Irod.: Gy\u00e1szjelent\u0151.<\/p>\n","protected":false},"featured_media":0,"comment_status":"open","ping_status":"closed","template":"","meta":[],"product_brand":[],"product_cat":[137],"product_tag":[],"class_list":{"0":"post-20035","1":"product","2":"type-product","3":"status-publish","5":"product_cat-maros-megyei-eletrajzi-lexikon","7":"first","8":"instock","9":"shipping-taxable","10":"product-type-simple"},"_links":{"self":[{"href":"https:\/\/uj.adatbank.ro\/lexikon\/wp-json\/wp\/v2\/product\/20035","targetHints":{"allow":["GET"]}}],"collection":[{"href":"https:\/\/uj.adatbank.ro\/lexikon\/wp-json\/wp\/v2\/product"}],"about":[{"href":"https:\/\/uj.adatbank.ro\/lexikon\/wp-json\/wp\/v2\/types\/product"}],"replies":[{"embeddable":true,"href":"https:\/\/uj.adatbank.ro\/lexikon\/wp-json\/wp\/v2\/comments?post=20035"}],"wp:attachment":[{"href":"https:\/\/uj.adatbank.ro\/lexikon\/wp-json\/wp\/v2\/media?parent=20035"}],"wp:term":[{"taxonomy":"product_brand","embeddable":true,"href":"https:\/\/uj.adatbank.ro\/lexikon\/wp-json\/wp\/v2\/product_brand?post=20035"},{"taxonomy":"product_cat","embeddable":true,"href":"https:\/\/uj.adatbank.ro\/lexikon\/wp-json\/wp\/v2\/product_cat?post=20035"},{"taxonomy":"product_tag","embeddable":true,"href":"https:\/\/uj.adatbank.ro\/lexikon\/wp-json\/wp\/v2\/product_tag?post=20035"}],"curies":[{"name":"wp","href":"https:\/\/api.w.org\/{rel}","templated":true}]}}