{"id":20036,"date":"2025-07-22T18:34:15","date_gmt":"2025-07-22T16:34:15","guid":{"rendered":"https:\/\/uj.adatbank.ro\/lexikon\/termek\/schuller-konrad\/"},"modified":"2025-07-22T18:34:15","modified_gmt":"2025-07-22T16:34:15","slug":"schuller-konrad","status":"publish","type":"product","link":"https:\/\/uj.adatbank.ro\/lexikon\/termek\/schuller-konrad\/","title":{"rendered":"SCHULLER, Konrad"},"content":{"rendered":"<p>Kem\u00e9nynagysz\u0151ll\u0151s, 1902, \u2020 1986.: elektrom\u00e9rn\u00f6k. \u2013 T\u00e1rsalap\u00edt\u00f3ja a nagyszebeni elektromoss\u00e1gi r\u00e9szv\u00e9nyt\u00e1rsas\u00e1gnak (SETA) (1929) \u00e9s igazgat\u00f3ja volt (1944-ig); befejezte a d\u00e9lerd\u00e9lyi ter\u00fclet villamos\u00edt\u00e1s\u00e1t. A Szovjetuni\u00f3ba deport\u00e1lt\u00e1k (1945\u201349), majd a buk.-i f\u00e9mipari kutat\u00f3int\u00e9zet vezet\u00e9s\u00e9ben tev\u00e9kenykedett, nemzetk\u00f6zi elismer\u00e9sre is szert tett. Villanytelepet l\u00e9tes\u00edtett a galaci vaskoh\u00f3 kombin\u00e1tnak, felm\u00e9r\u00e9seket \u00e9s el\u0151munk\u00e1latokat v\u00e9gzett K\u00edn\u00e1ban a Gobi sivatagban, Jangcekiang foly\u00f3 forr\u00e1svid\u00e9k\u00e9n, nagy v\u00edzi- \u00e9s h\u0151er\u0151m\u0171vek l\u00e9tes\u00edt\u00e9s\u00e9hez. Az NSzK-ban \u00e9lt (1972\u2013). Kiemelked\u0151 m\u00e9rn\u00f6ki teljes\u00edtm\u00e9nyei\u00e9rt Rom\u00e1ni\u00e1ban \u00e9s K\u00edn\u00e1ban t\u00f6bbsz\u00f6r kit\u00fcntett\u00e9k. <br \/><strong>Irod.:<\/strong> LSS.<\/br><\/p>\n","protected":false},"excerpt":{"rendered":"<p>Kem\u00e9nynagysz\u0151ll\u0151s, 1902, \u2020 1986.: elektrom\u00e9rn\u00f6k. \u2013 T\u00e1rsalap\u00edt\u00f3ja a nagyszebeni elektromoss\u00e1gi r\u00e9szv\u00e9nyt\u00e1rsas\u00e1gnak (SETA) (1929) \u00e9s igazgat\u00f3ja volt (1944-ig); befejezte a d\u00e9lerd\u00e9lyi ter\u00fclet villamos\u00edt\u00e1s\u00e1t. A Szovjetuni\u00f3ba deport\u00e1lt\u00e1k (1945\u201349), majd a buk.-i f\u00e9mipari kutat\u00f3int\u00e9zet vezet\u00e9s\u00e9ben tev\u00e9kenykedett, nemzetk\u00f6zi elismer\u00e9sre is szert tett. Villanytelepet l\u00e9tes\u00edtett a galaci vaskoh\u00f3 kombin\u00e1tnak, felm\u00e9r\u00e9seket \u00e9s el\u0151munk\u00e1latokat v\u00e9gzett K\u00edn\u00e1ban a Gobi sivatagban, Jangcekiang foly\u00f3 forr\u00e1svid\u00e9k\u00e9n, [&hellip;]<\/p>\n","protected":false},"featured_media":0,"comment_status":"open","ping_status":"closed","template":"","meta":[],"product_brand":[],"product_cat":[137],"product_tag":[],"class_list":{"0":"post-20036","1":"product","2":"type-product","3":"status-publish","5":"product_cat-maros-megyei-eletrajzi-lexikon","7":"first","8":"instock","9":"shipping-taxable","10":"product-type-simple"},"_links":{"self":[{"href":"https:\/\/uj.adatbank.ro\/lexikon\/wp-json\/wp\/v2\/product\/20036","targetHints":{"allow":["GET"]}}],"collection":[{"href":"https:\/\/uj.adatbank.ro\/lexikon\/wp-json\/wp\/v2\/product"}],"about":[{"href":"https:\/\/uj.adatbank.ro\/lexikon\/wp-json\/wp\/v2\/types\/product"}],"replies":[{"embeddable":true,"href":"https:\/\/uj.adatbank.ro\/lexikon\/wp-json\/wp\/v2\/comments?post=20036"}],"wp:attachment":[{"href":"https:\/\/uj.adatbank.ro\/lexikon\/wp-json\/wp\/v2\/media?parent=20036"}],"wp:term":[{"taxonomy":"product_brand","embeddable":true,"href":"https:\/\/uj.adatbank.ro\/lexikon\/wp-json\/wp\/v2\/product_brand?post=20036"},{"taxonomy":"product_cat","embeddable":true,"href":"https:\/\/uj.adatbank.ro\/lexikon\/wp-json\/wp\/v2\/product_cat?post=20036"},{"taxonomy":"product_tag","embeddable":true,"href":"https:\/\/uj.adatbank.ro\/lexikon\/wp-json\/wp\/v2\/product_tag?post=20036"}],"curies":[{"name":"wp","href":"https:\/\/api.w.org\/{rel}","templated":true}]}}