{"id":20038,"date":"2025-07-22T18:34:18","date_gmt":"2025-07-22T16:34:18","guid":{"rendered":"https:\/\/uj.adatbank.ro\/lexikon\/termek\/schuller-laszlo\/"},"modified":"2025-07-22T18:34:18","modified_gmt":"2025-07-22T16:34:18","slug":"schuller-laszlo","status":"publish","type":"product","link":"https:\/\/uj.adatbank.ro\/lexikon\/termek\/schuller-laszlo\/","title":{"rendered":"SCHULLER L\u00e1szl\u00f3"},"content":{"rendered":"<p>1920., \u2020 Augsburg. 2000. \u00e1pr. 2.: f\u0151orvos, k\u00f3rboncnok. \u2013 \u00c9vtizedeken \u00e1t a Mv.-i K\u00f3rbonctani Int\u00e9zet f\u0151orvosa. Tagja az Eur\u00f3pai Patol\u00f3giai T\u00e1rsas\u00e1gnak. \u2013 <strong><strong>F. m.<\/strong><\/strong>: <strong>t\u00e1rssz.:<\/strong> R\u00e9szletes k\u00f3rbonctani jegyzet. 2\u20133. k\u00f6t. (Mv., 1953\u20131954.); <br \/><strong>Irod.:<\/strong> [Nekrol\u00f3g] (N\u00fa., 2000. \u00e1pr. 12.); Komj\u00e1tszegi.<\/br><\/p>\n","protected":false},"excerpt":{"rendered":"<p>1920., \u2020 Augsburg. 2000. \u00e1pr. 2.: f\u0151orvos, k\u00f3rboncnok. \u2013 \u00c9vtizedeken \u00e1t a Mv.-i K\u00f3rbonctani Int\u00e9zet f\u0151orvosa. Tagja az Eur\u00f3pai Patol\u00f3giai T\u00e1rsas\u00e1gnak. \u2013 F. m.: t\u00e1rssz.: R\u00e9szletes k\u00f3rbonctani jegyzet. 2\u20133. k\u00f6t. (Mv., 1953\u20131954.); Irod.: [Nekrol\u00f3g] (N\u00fa., 2000. \u00e1pr. 12.); Komj\u00e1tszegi.<\/p>\n","protected":false},"featured_media":0,"comment_status":"open","ping_status":"closed","template":"","meta":[],"product_brand":[],"product_cat":[137],"product_tag":[],"class_list":{"0":"post-20038","1":"product","2":"type-product","3":"status-publish","5":"product_cat-maros-megyei-eletrajzi-lexikon","7":"first","8":"instock","9":"shipping-taxable","10":"product-type-simple"},"_links":{"self":[{"href":"https:\/\/uj.adatbank.ro\/lexikon\/wp-json\/wp\/v2\/product\/20038","targetHints":{"allow":["GET"]}}],"collection":[{"href":"https:\/\/uj.adatbank.ro\/lexikon\/wp-json\/wp\/v2\/product"}],"about":[{"href":"https:\/\/uj.adatbank.ro\/lexikon\/wp-json\/wp\/v2\/types\/product"}],"replies":[{"embeddable":true,"href":"https:\/\/uj.adatbank.ro\/lexikon\/wp-json\/wp\/v2\/comments?post=20038"}],"wp:attachment":[{"href":"https:\/\/uj.adatbank.ro\/lexikon\/wp-json\/wp\/v2\/media?parent=20038"}],"wp:term":[{"taxonomy":"product_brand","embeddable":true,"href":"https:\/\/uj.adatbank.ro\/lexikon\/wp-json\/wp\/v2\/product_brand?post=20038"},{"taxonomy":"product_cat","embeddable":true,"href":"https:\/\/uj.adatbank.ro\/lexikon\/wp-json\/wp\/v2\/product_cat?post=20038"},{"taxonomy":"product_tag","embeddable":true,"href":"https:\/\/uj.adatbank.ro\/lexikon\/wp-json\/wp\/v2\/product_tag?post=20038"}],"curies":[{"name":"wp","href":"https:\/\/api.w.org\/{rel}","templated":true}]}}