{"id":20039,"date":"2025-07-22T18:34:20","date_gmt":"2025-07-22T16:34:20","guid":{"rendered":"https:\/\/uj.adatbank.ro\/lexikon\/termek\/schuller-ludwig-friedrich-%c2%a7\/"},"modified":"2025-07-22T18:34:20","modified_gmt":"2025-07-22T16:34:20","slug":"schuller-ludwig-friedrich-%c2%a7","status":"publish","type":"product","link":"https:\/\/uj.adatbank.ro\/lexikon\/termek\/schuller-ludwig-friedrich-%c2%a7\/","title":{"rendered":"SCHULLER, Ludwig Friedrich, \u00a7"},"content":{"rendered":"<p>Feffernitz\/K\u00e4rnten (N\u00e9meto.), 1826. jan. 18 \u2020 Segesv\u00e1r, 1906. m\u00e1rc. 18.: fest\u0151, rajzol\u00f3, litogr\u00e1fus, f\u00e9nyk\u00e9p\u00e9sz. \u2013 \u00c9desapja Sz\u00e1szkereszt\u00farr\u00f3l sz\u00e1rmaz\u00f3 ev. lelk\u00e9sz, le\u00e1nya: Sch. Betty, fest\u0151m\u0171v\u00e9sz. Klagenfurtban litogr\u00e1fi\u00e1t tanult (1843\u201345), utaz\u00e1st tett Erd\u00e9lybe (1845), majd a b\u00e9csi fest\u0151akad\u00e9mi\u00e1n folytatta tanulm\u00e1nyait (1845\u201346). Litogr\u00e1fus volt Klagenfurtban (1846\u201348), a P\u00e1rizsban \u00e9lt \u00e9s az \u00c9cole des Beaux Arts-ban folytatta tanulm\u00e1nyait (1849\u201357). Rajztan\u00e1r volt a segesv\u00e1ri gimn\u00e1ziumban (1857\u2013), m\u0171terme volt (1860\u20131879). T\u00e1jk\u00e9pfest\u00e9szet\u00e9vel, portr\u00e9ival (G. D. Teutsch, F. M\u00fcller, M. Albert), olt\u00e1rk\u00e9peivel (Sz\u00e1szk\u00e9zd, D\u00e1nos etc.) v\u00e1lt ismertt\u00e9. A f\u00e9nyk\u00e9p\u00e9szetben \u00faj utakon j\u00e1rt, a meglep\u0151en modern\u00fcl f\u00e9nyk\u00e9pezett h\u00e9tk\u00f6znapi jelenetei rom\u00e1n fuvarosokr\u00f3l, cig\u00e1nyokr\u00f3l stb. els\u0151 p\u00e9ld\u00e1i az \u00e9letk\u00e9peknek, az els\u0151k k\u00f6z\u00e9 tartozott, aki sz\u00ednezte k\u00e9peit. Az erd\u00e9lyi f\u00e9nyk\u00e9p\u00e9szet \u00fatt\u00f6r\u0151i k\u00f6z\u00e9 tartozik. <br \/><strong>Irod.:<\/strong> LSS; Lyka; Mikl\u00f3si\u2013Sikes; Moln\u00e1r; Todea 2013.<\/br><\/p>\n","protected":false},"excerpt":{"rendered":"<p>Feffernitz\/K\u00e4rnten (N\u00e9meto.), 1826. jan. 18 \u2020 Segesv\u00e1r, 1906. m\u00e1rc. 18.: fest\u0151, rajzol\u00f3, litogr\u00e1fus, f\u00e9nyk\u00e9p\u00e9sz. \u2013 \u00c9desapja Sz\u00e1szkereszt\u00farr\u00f3l sz\u00e1rmaz\u00f3 ev. lelk\u00e9sz, le\u00e1nya: Sch. Betty, fest\u0151m\u0171v\u00e9sz. Klagenfurtban litogr\u00e1fi\u00e1t tanult (1843\u201345), utaz\u00e1st tett Erd\u00e9lybe (1845), majd a b\u00e9csi fest\u0151akad\u00e9mi\u00e1n folytatta tanulm\u00e1nyait (1845\u201346). Litogr\u00e1fus volt Klagenfurtban (1846\u201348), a P\u00e1rizsban \u00e9lt \u00e9s az \u00c9cole des Beaux Arts-ban folytatta tanulm\u00e1nyait (1849\u201357). [&hellip;]<\/p>\n","protected":false},"featured_media":0,"comment_status":"open","ping_status":"closed","template":"","meta":[],"product_brand":[],"product_cat":[137],"product_tag":[],"class_list":{"0":"post-20039","1":"product","2":"type-product","3":"status-publish","5":"product_cat-maros-megyei-eletrajzi-lexikon","7":"first","8":"instock","9":"shipping-taxable","10":"product-type-simple"},"_links":{"self":[{"href":"https:\/\/uj.adatbank.ro\/lexikon\/wp-json\/wp\/v2\/product\/20039","targetHints":{"allow":["GET"]}}],"collection":[{"href":"https:\/\/uj.adatbank.ro\/lexikon\/wp-json\/wp\/v2\/product"}],"about":[{"href":"https:\/\/uj.adatbank.ro\/lexikon\/wp-json\/wp\/v2\/types\/product"}],"replies":[{"embeddable":true,"href":"https:\/\/uj.adatbank.ro\/lexikon\/wp-json\/wp\/v2\/comments?post=20039"}],"wp:attachment":[{"href":"https:\/\/uj.adatbank.ro\/lexikon\/wp-json\/wp\/v2\/media?parent=20039"}],"wp:term":[{"taxonomy":"product_brand","embeddable":true,"href":"https:\/\/uj.adatbank.ro\/lexikon\/wp-json\/wp\/v2\/product_brand?post=20039"},{"taxonomy":"product_cat","embeddable":true,"href":"https:\/\/uj.adatbank.ro\/lexikon\/wp-json\/wp\/v2\/product_cat?post=20039"},{"taxonomy":"product_tag","embeddable":true,"href":"https:\/\/uj.adatbank.ro\/lexikon\/wp-json\/wp\/v2\/product_tag?post=20039"}],"curies":[{"name":"wp","href":"https:\/\/api.w.org\/{rel}","templated":true}]}}