{"id":2004,"date":"2025-06-28T12:00:42","date_gmt":"2025-06-28T10:00:42","guid":{"rendered":"https:\/\/uj.adatbank.ro\/lexikon\/termek\/balint-arpad\/"},"modified":"2025-06-28T12:00:42","modified_gmt":"2025-06-28T10:00:42","slug":"balint-arpad","status":"publish","type":"product","link":"https:\/\/uj.adatbank.ro\/lexikon\/termek\/balint-arpad\/","title":{"rendered":"B\u00c1LINT \u00c1rp\u00e1d"},"content":{"rendered":"<p>Erked, 1895., \u2020\u00a0? : k\u00f6zs\u00e9gi f\u0151jegyz\u0151. \u2013 Iskol\u00e1it Sz\u00e9kelykereszt\u00faron, Kv.-on, Fogarason v\u00e9gezte (1922). Mint jegyz\u0151 dolgozott Sz\u00e1szn\u00e1dason, Alm\u00e1son, Kisszentl\u00e1szl\u00f3n, Makfalv\u00e1n (1940\u2013) f\u0151jegyz\u0151. R\u00e9szt vett az els\u0151 vh.-ban, az 50. gy. e.-ben szolg\u00e1lt \u00e9s hadnagyi rangban szerelt le. A Sig. Laud, I. \u00e9s II. ez\u00fcst, bronz vit. \u00e9. \u00e9s a K\u00e1roly Csapatkereszt kit\u00fcntetettje. <br \/><strong>Irod.:<\/strong> Sz\u00e9kelyf\u00f6ld \u00ed. k.<\/br><\/p>\n","protected":false},"excerpt":{"rendered":"<p>Erked, 1895., \u2020\u00a0? : k\u00f6zs\u00e9gi f\u0151jegyz\u0151. \u2013 Iskol\u00e1it Sz\u00e9kelykereszt\u00faron, Kv.-on, Fogarason v\u00e9gezte (1922). Mint jegyz\u0151 dolgozott Sz\u00e1szn\u00e1dason, Alm\u00e1son, Kisszentl\u00e1szl\u00f3n, Makfalv\u00e1n (1940\u2013) f\u0151jegyz\u0151. R\u00e9szt vett az els\u0151 vh.-ban, az 50. gy. e.-ben szolg\u00e1lt \u00e9s hadnagyi rangban szerelt le. A Sig. Laud, I. \u00e9s II. ez\u00fcst, bronz vit. \u00e9. \u00e9s a K\u00e1roly Csapatkereszt kit\u00fcntetettje. Irod.: Sz\u00e9kelyf\u00f6ld \u00ed. [&hellip;]<\/p>\n","protected":false},"featured_media":0,"comment_status":"open","ping_status":"closed","template":"","meta":[],"product_brand":[],"product_cat":[137],"product_tag":[],"class_list":{"0":"post-2004","1":"product","2":"type-product","3":"status-publish","5":"product_cat-maros-megyei-eletrajzi-lexikon","7":"first","8":"instock","9":"shipping-taxable","10":"product-type-simple"},"_links":{"self":[{"href":"https:\/\/uj.adatbank.ro\/lexikon\/wp-json\/wp\/v2\/product\/2004","targetHints":{"allow":["GET"]}}],"collection":[{"href":"https:\/\/uj.adatbank.ro\/lexikon\/wp-json\/wp\/v2\/product"}],"about":[{"href":"https:\/\/uj.adatbank.ro\/lexikon\/wp-json\/wp\/v2\/types\/product"}],"replies":[{"embeddable":true,"href":"https:\/\/uj.adatbank.ro\/lexikon\/wp-json\/wp\/v2\/comments?post=2004"}],"wp:attachment":[{"href":"https:\/\/uj.adatbank.ro\/lexikon\/wp-json\/wp\/v2\/media?parent=2004"}],"wp:term":[{"taxonomy":"product_brand","embeddable":true,"href":"https:\/\/uj.adatbank.ro\/lexikon\/wp-json\/wp\/v2\/product_brand?post=2004"},{"taxonomy":"product_cat","embeddable":true,"href":"https:\/\/uj.adatbank.ro\/lexikon\/wp-json\/wp\/v2\/product_cat?post=2004"},{"taxonomy":"product_tag","embeddable":true,"href":"https:\/\/uj.adatbank.ro\/lexikon\/wp-json\/wp\/v2\/product_tag?post=2004"}],"curies":[{"name":"wp","href":"https:\/\/api.w.org\/{rel}","templated":true}]}}