{"id":20043,"date":"2025-07-22T18:34:28","date_gmt":"2025-07-22T16:34:28","guid":{"rendered":"https:\/\/uj.adatbank.ro\/lexikon\/termek\/schuller-michael-3\/"},"modified":"2025-07-22T18:34:28","modified_gmt":"2025-07-22T16:34:28","slug":"schuller-michael-3","status":"publish","type":"product","link":"https:\/\/uj.adatbank.ro\/lexikon\/termek\/schuller-michael-3\/","title":{"rendered":"SCHULLER, Michael"},"content":{"rendered":"<p>Sz\u00e1szr\u00e9gen, 1826. m\u00e1rc. 28., \u2020 Pr\u00e1ga, 1855. szept. 7.: katonatiszt. \u2013 Mv.-re vonult be k\u00f6zkatonak\u00e9nt az 51. Freiherr von Probst gyalogezredbe, amelynek vez\u00e9rkara Mv.-en sz\u00e9kelt (1843\u2013). Hadnaggy\u00e1 l\u00e9ptett\u00e9k el\u0151 (1850\u2013). <br \/><strong>Irod.:<\/strong> Reghin, militari.<\/br><\/p>\n","protected":false},"excerpt":{"rendered":"<p>Sz\u00e1szr\u00e9gen, 1826. m\u00e1rc. 28., \u2020 Pr\u00e1ga, 1855. szept. 7.: katonatiszt. \u2013 Mv.-re vonult be k\u00f6zkatonak\u00e9nt az 51. Freiherr von Probst gyalogezredbe, amelynek vez\u00e9rkara Mv.-en sz\u00e9kelt (1843\u2013). Hadnaggy\u00e1 l\u00e9ptett\u00e9k el\u0151 (1850\u2013). Irod.: Reghin, militari.<\/p>\n","protected":false},"featured_media":0,"comment_status":"open","ping_status":"closed","template":"","meta":[],"product_brand":[],"product_cat":[137],"product_tag":[],"class_list":{"0":"post-20043","1":"product","2":"type-product","3":"status-publish","5":"product_cat-maros-megyei-eletrajzi-lexikon","7":"first","8":"instock","9":"shipping-taxable","10":"product-type-simple"},"_links":{"self":[{"href":"https:\/\/uj.adatbank.ro\/lexikon\/wp-json\/wp\/v2\/product\/20043","targetHints":{"allow":["GET"]}}],"collection":[{"href":"https:\/\/uj.adatbank.ro\/lexikon\/wp-json\/wp\/v2\/product"}],"about":[{"href":"https:\/\/uj.adatbank.ro\/lexikon\/wp-json\/wp\/v2\/types\/product"}],"replies":[{"embeddable":true,"href":"https:\/\/uj.adatbank.ro\/lexikon\/wp-json\/wp\/v2\/comments?post=20043"}],"wp:attachment":[{"href":"https:\/\/uj.adatbank.ro\/lexikon\/wp-json\/wp\/v2\/media?parent=20043"}],"wp:term":[{"taxonomy":"product_brand","embeddable":true,"href":"https:\/\/uj.adatbank.ro\/lexikon\/wp-json\/wp\/v2\/product_brand?post=20043"},{"taxonomy":"product_cat","embeddable":true,"href":"https:\/\/uj.adatbank.ro\/lexikon\/wp-json\/wp\/v2\/product_cat?post=20043"},{"taxonomy":"product_tag","embeddable":true,"href":"https:\/\/uj.adatbank.ro\/lexikon\/wp-json\/wp\/v2\/product_tag?post=20043"}],"curies":[{"name":"wp","href":"https:\/\/api.w.org\/{rel}","templated":true}]}}