{"id":20044,"date":"2025-07-22T18:34:29","date_gmt":"2025-07-22T16:34:29","guid":{"rendered":"https:\/\/uj.adatbank.ro\/lexikon\/termek\/schuller-michael-4\/"},"modified":"2025-07-22T18:34:29","modified_gmt":"2025-07-22T16:34:29","slug":"schuller-michael-4","status":"publish","type":"product","link":"https:\/\/uj.adatbank.ro\/lexikon\/termek\/schuller-michael-4\/","title":{"rendered":"SCHULLER, Michael"},"content":{"rendered":"<p>Sz\u00e1szorb\u00f3, 1862. j\u00fal. 25., \u2020 Szeben, 1934. j\u00fan. 1.: ev. lelk\u00e9sz. \u2013 Apja f\u00f6ldm\u0171ves. Tanult a sz\u00e1szv\u00e1rosi ev. gimn\u00e1ziumban, Szebenben, a Z\u00fcrichi Egy. Hittud. Kar\u00e1n (1882\u201383), Lipcs\u00e9ben, Kv.-on \u00e9s Kielben. Hazat\u00e9rve k\u00fclf\u00f6ldr\u0151l nevel\u0151 volt Als\u00f3szombatfalv\u00e1n a gr. P\u00e1lffy csal\u00e1dn\u00e1l (1887\u201390). Tan\u00edt\u00f3 Nagysinken (1890\u201393), Szent\u00e1got\u00e1n igazgat\u00f3tan\u00edt\u00f3 (1893\u201396), lelk\u00e9sz Segesden (1896\u20131934). A segesv\u00e1ri egyh\u00e1zmegye esperese (1909\u20131920, 1925\u201329). Nyugd\u00edjba vonul\u00e1sa ut\u00e1n Szebenbe k\u00f6lt\u00f6z\u00f6tt (1934) <br \/><strong>Irod.:<\/strong> Apold; Szab\u00f3\u2013Simon; Sz\u00f6gi.<\/br><\/p>\n","protected":false},"excerpt":{"rendered":"<p>Sz\u00e1szorb\u00f3, 1862. j\u00fal. 25., \u2020 Szeben, 1934. j\u00fan. 1.: ev. lelk\u00e9sz. \u2013 Apja f\u00f6ldm\u0171ves. Tanult a sz\u00e1szv\u00e1rosi ev. gimn\u00e1ziumban, Szebenben, a Z\u00fcrichi Egy. Hittud. Kar\u00e1n (1882\u201383), Lipcs\u00e9ben, Kv.-on \u00e9s Kielben. Hazat\u00e9rve k\u00fclf\u00f6ldr\u0151l nevel\u0151 volt Als\u00f3szombatfalv\u00e1n a gr. P\u00e1lffy csal\u00e1dn\u00e1l (1887\u201390). Tan\u00edt\u00f3 Nagysinken (1890\u201393), Szent\u00e1got\u00e1n igazgat\u00f3tan\u00edt\u00f3 (1893\u201396), lelk\u00e9sz Segesden (1896\u20131934). A segesv\u00e1ri egyh\u00e1zmegye esperese (1909\u20131920, 1925\u201329). [&hellip;]<\/p>\n","protected":false},"featured_media":0,"comment_status":"open","ping_status":"closed","template":"","meta":[],"product_brand":[],"product_cat":[137],"product_tag":[],"class_list":{"0":"post-20044","1":"product","2":"type-product","3":"status-publish","5":"product_cat-maros-megyei-eletrajzi-lexikon","7":"first","8":"instock","9":"shipping-taxable","10":"product-type-simple"},"_links":{"self":[{"href":"https:\/\/uj.adatbank.ro\/lexikon\/wp-json\/wp\/v2\/product\/20044","targetHints":{"allow":["GET"]}}],"collection":[{"href":"https:\/\/uj.adatbank.ro\/lexikon\/wp-json\/wp\/v2\/product"}],"about":[{"href":"https:\/\/uj.adatbank.ro\/lexikon\/wp-json\/wp\/v2\/types\/product"}],"replies":[{"embeddable":true,"href":"https:\/\/uj.adatbank.ro\/lexikon\/wp-json\/wp\/v2\/comments?post=20044"}],"wp:attachment":[{"href":"https:\/\/uj.adatbank.ro\/lexikon\/wp-json\/wp\/v2\/media?parent=20044"}],"wp:term":[{"taxonomy":"product_brand","embeddable":true,"href":"https:\/\/uj.adatbank.ro\/lexikon\/wp-json\/wp\/v2\/product_brand?post=20044"},{"taxonomy":"product_cat","embeddable":true,"href":"https:\/\/uj.adatbank.ro\/lexikon\/wp-json\/wp\/v2\/product_cat?post=20044"},{"taxonomy":"product_tag","embeddable":true,"href":"https:\/\/uj.adatbank.ro\/lexikon\/wp-json\/wp\/v2\/product_tag?post=20044"}],"curies":[{"name":"wp","href":"https:\/\/api.w.org\/{rel}","templated":true}]}}