{"id":20045,"date":"2025-07-22T18:34:32","date_gmt":"2025-07-22T16:34:32","guid":{"rendered":"https:\/\/uj.adatbank.ro\/lexikon\/termek\/schuller-michael-gottlieb\/"},"modified":"2025-07-22T18:34:32","modified_gmt":"2025-07-22T16:34:32","slug":"schuller-michael-gottlieb","status":"publish","type":"product","link":"https:\/\/uj.adatbank.ro\/lexikon\/termek\/schuller-michael-gottlieb\/","title":{"rendered":"SCHULLER, Michael Gottlieb"},"content":{"rendered":"<p>Segesv\u00e1r, 1802. nov. 2., \u2020 Segesv\u00e1r, 1882. febr. 16: \u00e1g. ev. lelk\u00e9sz, tan\u00e1r, Sch. Mih\u00e1ly mikl\u00f3stelki lelk\u00e9sz fia. \u2013 Tanult a segesv\u00e1ri gimn\u00e1ziumban \u00e9s a b\u00e9csi protest\u00e1ns teol\u00f3giai int\u00e9zetben (1823\u201326). Haz\u00e1j\u00e1ba visszat\u00e9rve az als\u00f3 oszt\u00e1lyokban tan\u00edtott, azut\u00e1n conrektor volt \u00e9s rektor a segesv\u00e1ri gimn\u00e1ziumban (1840\u201342). Sz\u00e1szd\u00e1ly\u00e1n lett lelk\u00e9sz (1842\u2013) \u00e9s Segesv\u00e1rt v\u00e1rosi lelk\u00e9sznek h\u00edvt\u00e1k meg (1845\u2013). Miut\u00e1n egy ideig a kisdi k\u00e1ptalan syndikusa volt, ezen k\u00e1ptalan v\u00e1lasztotta d\u00e9k\u00e1nj\u00e1nak (1857). Mint az evang. paps\u00e1g k\u00f6vete Binder superintendenssel a tizedv\u00e1lts\u00e1g \u00fcgy\u00e9ben m\u0171k\u00f6d\u00f6tt; a medgyesi Guszt\u00e1v Adolf-Egylet k\u00f6zgy\u0171l\u00e9se N\u00fcrnbergbe k\u00fcldte (1862. aug. 6.). A segesv\u00e1ri d\u00e9k\u00e1ni hivatalt (\u20131867) viselte, egyszersmind az erd\u00e9lyi evang. egyh\u00e1z helyettes superintendense is volt (1865\u201370). K\u00f6vet volt a nagyszebeni tartom\u00e1nygy\u0171l\u00e9sen (1863\u201364), innen kik\u00fcldve a b\u00e9csi Reichsrath als\u00f3h\u00e1z\u00e1nak is tagja volt. Nyugalomba vonult (1880). A Siebenb\u00fcrgisch-deutsches Wochenblattnak munkat\u00e1rsa volt. \u2013 <strong>F. m.<\/strong>: Das Wort der Gustav-Adolf-Stiftung an uns. Rede zur Er\u00f6ffnung der ersten Hauptversammlung des Gustav-Adolph-Vereins f\u00fcr Siebenb\u00fcrgen am 5. August 1862 (Sch\u00e4ssburg, 1852).; Uebersichtliche Zusammenstellung der mit 198 St\u00fcck Dokumenten belegten Sch\u00e4ssburger evang. Kirchenkassen-Rechnung f\u00fcr das Jahr 1864, nebst Stiftungsfonds-Rechnung Nr. I. u. II. u. (Sch\u00e4ssburg 1865); Rechenschaftsbericht des Presbyteriums der evang. Gemeinde A. B. zu Seh\u00e4ssburg vom Jahre 1866. und vom J. 1867. (Sch\u00e4ssburg 1867, 1868.); Predigt gehalten am ersten Ostertage 1870 in der Pfarrkirche Sch\u00e4ssburg. (Sch\u00e4ssburg, 1870). K\u00f6vets\u00e9gi besz\u00e9deinek c\u00edm\u00e9t 1863\u201365-b\u0151l Schuller felsorolja. <br \/><strong>Irod.:<\/strong> Festbericht \u00fcber die Feier des f\u00fcnfzigj\u00e4rigen Dienstjubil\u00e4ums sr. Hochw\u00fcrden des Herrn Stadtpfarrers in Sch\u00e4ssburg M. G. S (Hermannstadt, 1875) Szab\u00f3\u2013Sz\u00f6gi; Szinnyei, Teutsch F.<\/br><\/p>\n","protected":false},"excerpt":{"rendered":"<p>Segesv\u00e1r, 1802. nov. 2., \u2020 Segesv\u00e1r, 1882. febr. 16: \u00e1g. ev. lelk\u00e9sz, tan\u00e1r, Sch. Mih\u00e1ly mikl\u00f3stelki lelk\u00e9sz fia. \u2013 Tanult a segesv\u00e1ri gimn\u00e1ziumban \u00e9s a b\u00e9csi protest\u00e1ns teol\u00f3giai int\u00e9zetben (1823\u201326). Haz\u00e1j\u00e1ba visszat\u00e9rve az als\u00f3 oszt\u00e1lyokban tan\u00edtott, azut\u00e1n conrektor volt \u00e9s rektor a segesv\u00e1ri gimn\u00e1ziumban (1840\u201342). Sz\u00e1szd\u00e1ly\u00e1n lett lelk\u00e9sz (1842\u2013) \u00e9s Segesv\u00e1rt v\u00e1rosi lelk\u00e9sznek h\u00edvt\u00e1k meg [&hellip;]<\/p>\n","protected":false},"featured_media":0,"comment_status":"open","ping_status":"closed","template":"","meta":[],"product_brand":[],"product_cat":[137],"product_tag":[],"class_list":{"0":"post-20045","1":"product","2":"type-product","3":"status-publish","5":"product_cat-maros-megyei-eletrajzi-lexikon","7":"first","8":"instock","9":"shipping-taxable","10":"product-type-simple"},"_links":{"self":[{"href":"https:\/\/uj.adatbank.ro\/lexikon\/wp-json\/wp\/v2\/product\/20045","targetHints":{"allow":["GET"]}}],"collection":[{"href":"https:\/\/uj.adatbank.ro\/lexikon\/wp-json\/wp\/v2\/product"}],"about":[{"href":"https:\/\/uj.adatbank.ro\/lexikon\/wp-json\/wp\/v2\/types\/product"}],"replies":[{"embeddable":true,"href":"https:\/\/uj.adatbank.ro\/lexikon\/wp-json\/wp\/v2\/comments?post=20045"}],"wp:attachment":[{"href":"https:\/\/uj.adatbank.ro\/lexikon\/wp-json\/wp\/v2\/media?parent=20045"}],"wp:term":[{"taxonomy":"product_brand","embeddable":true,"href":"https:\/\/uj.adatbank.ro\/lexikon\/wp-json\/wp\/v2\/product_brand?post=20045"},{"taxonomy":"product_cat","embeddable":true,"href":"https:\/\/uj.adatbank.ro\/lexikon\/wp-json\/wp\/v2\/product_cat?post=20045"},{"taxonomy":"product_tag","embeddable":true,"href":"https:\/\/uj.adatbank.ro\/lexikon\/wp-json\/wp\/v2\/product_tag?post=20045"}],"curies":[{"name":"wp","href":"https:\/\/api.w.org\/{rel}","templated":true}]}}