{"id":20046,"date":"2025-07-22T18:34:34","date_gmt":"2025-07-22T16:34:34","guid":{"rendered":"https:\/\/uj.adatbank.ro\/lexikon\/termek\/schuller-richard\/"},"modified":"2025-07-22T18:34:34","modified_gmt":"2025-07-22T16:34:34","slug":"schuller-richard","status":"publish","type":"product","link":"https:\/\/uj.adatbank.ro\/lexikon\/termek\/schuller-richard\/","title":{"rendered":"SCHULLER, Richard"},"content":{"rendered":"<p>Segesv\u00e1r, 1860. febr. 7., \u2020\u00a0Szeben, 1932. j\u00fan. 12.: t\u00f6rt\u00e9nelemtan\u00e1r, b\u00f6lcseleti doktor, \u00e1g. ev. lelk\u00e9sz. \u2013 Sch. Mih\u00e1ly erkedi lelk\u00e9sz fia. \u2013 Segesv\u00e1ron v\u00e9gezte a gimn\u00e1ziumot (1877), azut\u00e1n a lipcsei egyetemre iratkozott be, ahol teol\u00f3gi\u00e1t \u00e9s klasszika filol\u00f3gi\u00e1t hallgatott (1877\u2013), majd a t\u00fcbingeni egyetemre ment (1880\u201381), ahol: Charmada Academica, artis mnemonicae scriptore c. dissertati\u00f3j\u00e1val b\u00f6lcseletdoktori oklevelet nyert (1881). Visszat\u00e9rve sz\u00fcl\u0151v\u00e1ros\u00e1ban nyert hitoktat\u00f3 helyettestan\u00e1ri \u00e1ll\u00e1st, majd rendes tan\u00e1r lett a segesv\u00e1ri sz\u00e1sz gimn\u00e1ziumban (1883\u2013). Nagydiszn\u00f3don lelk\u00e9sz (1901\u201317), Sz\u00e1szr\u00e9genben v\u00e9gzett lelk\u00e9szi szolg\u00e1latot (19017\u201327). Meg\u00edrta a sz\u00e1sz gimn. t\u00f6rt\u00e9net\u00e9t: Geschichte des Sch\u00e4ssburger Gimnasiums (1896); azonk\u00edv\u00fcl Patriziergeschlecht der Polner in Sch\u00e4ssburg (1897), amelyben a segesv\u00e1ri lengyel sz\u00e1rmaz\u00e1s\u00fa csal\u00e1dok t\u00f6rt\u00e9net\u00e9t mutatja be, \u00e9s a v\u00e1rost\u00f6rt\u00e9netet: Altsch\u00e4ssburg (1906). Cikkei az Archiv f. Lkde N. F; a segesv\u00e1ri ev. gymnasium Programmj\u00e1ban; a segesv\u00e1ri Festgabe c. albumban. \u2013 <strong>F. m.<\/strong>: Reiseeindr\u00fccke aus dem S\u00fcden, (Kronstadt, 1898); Alt-Sch\u00e4ssburg. Kulturhistorische Skizze. Mit einem Bilde Sch\u00e4ssburgs aus dem Jahre 1767. (Hermannstadt, 1899; Sch\u00e4ssburg, 1906); Theodor Fabini. Ein s\u00e4chsischer Heldenj\u00fcngling aus grosser Zeit. (Hermannstadt, 1900); Georg Paul Binder als Lehrer. Vortrag. (Hermannstadt, 1900); Friedrich Nietzsche. (Hermannstadt, 1903); Johann Calvin. (Hermannstadt, 1909), Christian Pomarius (Archiv des Vereines\u2026 XXXIX. k.). <br \/><strong>Irod.:<\/strong> S\u00e4chsisch-Regen; Sighi\u015foara; Szab\u00f3\u2013Simon\u2013Sz\u00f6gi; Szinnyei; Todea 2013; Zov\u00e1nyi.<\/br><\/p>\n","protected":false},"excerpt":{"rendered":"<p>Segesv\u00e1r, 1860. febr. 7., \u2020\u00a0Szeben, 1932. j\u00fan. 12.: t\u00f6rt\u00e9nelemtan\u00e1r, b\u00f6lcseleti doktor, \u00e1g. ev. lelk\u00e9sz. \u2013 Sch. Mih\u00e1ly erkedi lelk\u00e9sz fia. \u2013 Segesv\u00e1ron v\u00e9gezte a gimn\u00e1ziumot (1877), azut\u00e1n a lipcsei egyetemre iratkozott be, ahol teol\u00f3gi\u00e1t \u00e9s klasszika filol\u00f3gi\u00e1t hallgatott (1877\u2013), majd a t\u00fcbingeni egyetemre ment (1880\u201381), ahol: Charmada Academica, artis mnemonicae scriptore c. dissertati\u00f3j\u00e1val b\u00f6lcseletdoktori oklevelet [&hellip;]<\/p>\n","protected":false},"featured_media":0,"comment_status":"open","ping_status":"closed","template":"","meta":[],"product_brand":[],"product_cat":[137],"product_tag":[],"class_list":{"0":"post-20046","1":"product","2":"type-product","3":"status-publish","5":"product_cat-maros-megyei-eletrajzi-lexikon","7":"first","8":"instock","9":"shipping-taxable","10":"product-type-simple"},"_links":{"self":[{"href":"https:\/\/uj.adatbank.ro\/lexikon\/wp-json\/wp\/v2\/product\/20046","targetHints":{"allow":["GET"]}}],"collection":[{"href":"https:\/\/uj.adatbank.ro\/lexikon\/wp-json\/wp\/v2\/product"}],"about":[{"href":"https:\/\/uj.adatbank.ro\/lexikon\/wp-json\/wp\/v2\/types\/product"}],"replies":[{"embeddable":true,"href":"https:\/\/uj.adatbank.ro\/lexikon\/wp-json\/wp\/v2\/comments?post=20046"}],"wp:attachment":[{"href":"https:\/\/uj.adatbank.ro\/lexikon\/wp-json\/wp\/v2\/media?parent=20046"}],"wp:term":[{"taxonomy":"product_brand","embeddable":true,"href":"https:\/\/uj.adatbank.ro\/lexikon\/wp-json\/wp\/v2\/product_brand?post=20046"},{"taxonomy":"product_cat","embeddable":true,"href":"https:\/\/uj.adatbank.ro\/lexikon\/wp-json\/wp\/v2\/product_cat?post=20046"},{"taxonomy":"product_tag","embeddable":true,"href":"https:\/\/uj.adatbank.ro\/lexikon\/wp-json\/wp\/v2\/product_tag?post=20046"}],"curies":[{"name":"wp","href":"https:\/\/api.w.org\/{rel}","templated":true}]}}