{"id":20047,"date":"2025-07-22T18:34:40","date_gmt":"2025-07-22T16:34:40","guid":{"rendered":"https:\/\/uj.adatbank.ro\/lexikon\/termek\/schuller-rudolf\/"},"modified":"2025-07-22T18:34:40","modified_gmt":"2025-07-22T16:34:40","slug":"schuller-rudolf","status":"publish","type":"product","link":"https:\/\/uj.adatbank.ro\/lexikon\/termek\/schuller-rudolf\/","title":{"rendered":"SCHULLER Rudolf"},"content":{"rendered":"<p>Berethalom, 1862.,\u00a0\u2020 Erd\u0151szentgy\u00f6rgy, 1938. jan.?; Erd\u0151csin\u00e1don temett\u00e9k, 1938. jan. 16.: f\u00f6ldbirtokos. \u2013 Veje Osv\u00e1th K\u00e1roly mv.-i gy\u00f3gyszer\u00e9sz. \u2013 K\u00f6z\u00e9piskol\u00e1it Segesv\u00e1ron \u00e9s B\u00e9csben v\u00e9gezte, majd orvostanhallgat\u00f3 volt, de tanulm\u00e1nyait abbahagyta \u00e9s a csal\u00e1di birtokon kezdett gazd\u00e1lkodni (1885) elhunyt\u00e1ig. Erd\u0151szentgy\u00f6rgy\u00f6n mez\u0151gazdas\u00e1gi term\u00e9kekkel, \u0151stermel\u00e9ssel \u00e9s haszon\u00e1llatok teny\u00e9szt\u00e9s\u00e9vel foglalkozott. A v\u00e1rmegye t\u00e1rsadalmi \u00e9s kultur\u00e1lis \u00e9let\u00e9ben jelent\u0151s szerepet j\u00e1tszott, a rom\u00e1n uralom alatt birtok\u00e1b\u00f3l t\u00f6bb mint 1000 holdat kisaj\u00e1t\u00edtottak. Megvette a Rh\u00e9dey gr\u00f3fokt\u00f3l az erd\u0151szentgy\u00f6rgyi kast\u00e9lyt (19. sz. v\u00e9g\u00e9n). <br \/><strong>Irod.:<\/strong> Barab\u00e1s Andrea: Rh\u00e9dey rehab (K\u00f6zpont, 2011. j\u00fan. 29. \u2013 j\u00fal. 5.); B\u00f6l\u00f6ni Domokos: Erd\u0151szentgy\u00f6rgy iskol\u00e1ja (N\u00fa., 1995. nov. 3.); [Nekrol\u00f3g] (Reggeli \u00dajs\u00e1g, 1938. jan. 16.); Sz\u00e9kelyf\u00f6ld \u00ed.\u00a0k.<\/br><\/p>\n","protected":false},"excerpt":{"rendered":"<p>Berethalom, 1862.,\u00a0\u2020 Erd\u0151szentgy\u00f6rgy, 1938. jan.?; Erd\u0151csin\u00e1don temett\u00e9k, 1938. jan. 16.: f\u00f6ldbirtokos. \u2013 Veje Osv\u00e1th K\u00e1roly mv.-i gy\u00f3gyszer\u00e9sz. \u2013 K\u00f6z\u00e9piskol\u00e1it Segesv\u00e1ron \u00e9s B\u00e9csben v\u00e9gezte, majd orvostanhallgat\u00f3 volt, de tanulm\u00e1nyait abbahagyta \u00e9s a csal\u00e1di birtokon kezdett gazd\u00e1lkodni (1885) elhunyt\u00e1ig. Erd\u0151szentgy\u00f6rgy\u00f6n mez\u0151gazdas\u00e1gi term\u00e9kekkel, \u0151stermel\u00e9ssel \u00e9s haszon\u00e1llatok teny\u00e9szt\u00e9s\u00e9vel foglalkozott. A v\u00e1rmegye t\u00e1rsadalmi \u00e9s kultur\u00e1lis \u00e9let\u00e9ben jelent\u0151s szerepet j\u00e1tszott, a [&hellip;]<\/p>\n","protected":false},"featured_media":0,"comment_status":"open","ping_status":"closed","template":"","meta":[],"product_brand":[],"product_cat":[137],"product_tag":[],"class_list":{"0":"post-20047","1":"product","2":"type-product","3":"status-publish","5":"product_cat-maros-megyei-eletrajzi-lexikon","7":"first","8":"instock","9":"shipping-taxable","10":"product-type-simple"},"_links":{"self":[{"href":"https:\/\/uj.adatbank.ro\/lexikon\/wp-json\/wp\/v2\/product\/20047","targetHints":{"allow":["GET"]}}],"collection":[{"href":"https:\/\/uj.adatbank.ro\/lexikon\/wp-json\/wp\/v2\/product"}],"about":[{"href":"https:\/\/uj.adatbank.ro\/lexikon\/wp-json\/wp\/v2\/types\/product"}],"replies":[{"embeddable":true,"href":"https:\/\/uj.adatbank.ro\/lexikon\/wp-json\/wp\/v2\/comments?post=20047"}],"wp:attachment":[{"href":"https:\/\/uj.adatbank.ro\/lexikon\/wp-json\/wp\/v2\/media?parent=20047"}],"wp:term":[{"taxonomy":"product_brand","embeddable":true,"href":"https:\/\/uj.adatbank.ro\/lexikon\/wp-json\/wp\/v2\/product_brand?post=20047"},{"taxonomy":"product_cat","embeddable":true,"href":"https:\/\/uj.adatbank.ro\/lexikon\/wp-json\/wp\/v2\/product_cat?post=20047"},{"taxonomy":"product_tag","embeddable":true,"href":"https:\/\/uj.adatbank.ro\/lexikon\/wp-json\/wp\/v2\/product_tag?post=20047"}],"curies":[{"name":"wp","href":"https:\/\/api.w.org\/{rel}","templated":true}]}}