{"id":20048,"date":"2025-07-22T18:34:41","date_gmt":"2025-07-22T16:34:41","guid":{"rendered":"https:\/\/uj.adatbank.ro\/lexikon\/termek\/schuller-rudolf-2\/"},"modified":"2025-07-22T18:34:41","modified_gmt":"2025-07-22T16:34:41","slug":"schuller-rudolf-2","status":"publish","type":"product","link":"https:\/\/uj.adatbank.ro\/lexikon\/termek\/schuller-rudolf-2\/","title":{"rendered":"SCHULLER Rudolf"},"content":{"rendered":"<p>Berethalom, 1893., \u2020?: f\u0151hadnagy Kelementelk\u00e9n. \u2013 T\u00e9nyleges katonai szolg\u00e1latot teljes\u00edtett Temesv\u00e1ron (1912). R\u00e9szt vett az els\u0151 vh.-ban (1914\u201319), a szerb \u00e9s az orosz fronton harcolt, s\u00falyosan megsebes\u00fclt. Mint f\u0151hadnagy szerelt le kit\u00fcntet\u00e9sekkel. <br \/><strong>Irod.:<\/strong> Erd\u00e9lyi ezredek.<\/br><\/p>\n","protected":false},"excerpt":{"rendered":"<p>Berethalom, 1893., \u2020?: f\u0151hadnagy Kelementelk\u00e9n. \u2013 T\u00e9nyleges katonai szolg\u00e1latot teljes\u00edtett Temesv\u00e1ron (1912). R\u00e9szt vett az els\u0151 vh.-ban (1914\u201319), a szerb \u00e9s az orosz fronton harcolt, s\u00falyosan megsebes\u00fclt. Mint f\u0151hadnagy szerelt le kit\u00fcntet\u00e9sekkel. Irod.: Erd\u00e9lyi ezredek.<\/p>\n","protected":false},"featured_media":0,"comment_status":"open","ping_status":"closed","template":"","meta":[],"product_brand":[],"product_cat":[137],"product_tag":[],"class_list":{"0":"post-20048","1":"product","2":"type-product","3":"status-publish","5":"product_cat-maros-megyei-eletrajzi-lexikon","7":"first","8":"instock","9":"shipping-taxable","10":"product-type-simple"},"_links":{"self":[{"href":"https:\/\/uj.adatbank.ro\/lexikon\/wp-json\/wp\/v2\/product\/20048","targetHints":{"allow":["GET"]}}],"collection":[{"href":"https:\/\/uj.adatbank.ro\/lexikon\/wp-json\/wp\/v2\/product"}],"about":[{"href":"https:\/\/uj.adatbank.ro\/lexikon\/wp-json\/wp\/v2\/types\/product"}],"replies":[{"embeddable":true,"href":"https:\/\/uj.adatbank.ro\/lexikon\/wp-json\/wp\/v2\/comments?post=20048"}],"wp:attachment":[{"href":"https:\/\/uj.adatbank.ro\/lexikon\/wp-json\/wp\/v2\/media?parent=20048"}],"wp:term":[{"taxonomy":"product_brand","embeddable":true,"href":"https:\/\/uj.adatbank.ro\/lexikon\/wp-json\/wp\/v2\/product_brand?post=20048"},{"taxonomy":"product_cat","embeddable":true,"href":"https:\/\/uj.adatbank.ro\/lexikon\/wp-json\/wp\/v2\/product_cat?post=20048"},{"taxonomy":"product_tag","embeddable":true,"href":"https:\/\/uj.adatbank.ro\/lexikon\/wp-json\/wp\/v2\/product_tag?post=20048"}],"curies":[{"name":"wp","href":"https:\/\/api.w.org\/{rel}","templated":true}]}}