{"id":2005,"date":"2025-06-28T12:00:44","date_gmt":"2025-06-28T10:00:44","guid":{"rendered":"https:\/\/uj.adatbank.ro\/lexikon\/termek\/balint-barna\/"},"modified":"2025-06-28T12:00:44","modified_gmt":"2025-06-28T10:00:44","slug":"balint-barna","status":"publish","type":"product","link":"https:\/\/uj.adatbank.ro\/lexikon\/termek\/balint-barna\/","title":{"rendered":"B\u00c1LINT Barna"},"content":{"rendered":"<p>Gyergy\u00f3szentmikl\u00f3s, 1918., \u2020 ? : k\u00e1ntortan\u00edt\u00f3. \u2013 Pedag\u00f3gus csal\u00e1d lesz\u00e1rmazottja. A gimn.-ot Gyergy\u00f3szentmikl\u00f3son, a tan\u00edt\u00f3k\u00e9pz\u0151t Mv-n v\u00e9gezte (1938). Ny\u00e1r\u00e1dremet\u00e9n tan\u00edtott. A Hangya sz\u00f6vetkezet k\u00f6nyvel\u0151je; a Kat. Leg\u00e9nyegylet vil\u00e1gi eln\u00f6ke, az \u00e1ltala szervezett egyh\u00e1zi \u00e9nekkar karmestere volt. <br \/><strong>Irod.:<\/strong> Sz\u00e9kelyf\u00f6ld \u00ed. k.<\/br><\/p>\n","protected":false},"excerpt":{"rendered":"<p>Gyergy\u00f3szentmikl\u00f3s, 1918., \u2020 ? : k\u00e1ntortan\u00edt\u00f3. \u2013 Pedag\u00f3gus csal\u00e1d lesz\u00e1rmazottja. A gimn.-ot Gyergy\u00f3szentmikl\u00f3son, a tan\u00edt\u00f3k\u00e9pz\u0151t Mv-n v\u00e9gezte (1938). Ny\u00e1r\u00e1dremet\u00e9n tan\u00edtott. A Hangya sz\u00f6vetkezet k\u00f6nyvel\u0151je; a Kat. Leg\u00e9nyegylet vil\u00e1gi eln\u00f6ke, az \u00e1ltala szervezett egyh\u00e1zi \u00e9nekkar karmestere volt. Irod.: Sz\u00e9kelyf\u00f6ld \u00ed. k.<\/p>\n","protected":false},"featured_media":0,"comment_status":"open","ping_status":"closed","template":"","meta":[],"product_brand":[],"product_cat":[137],"product_tag":[],"class_list":{"0":"post-2005","1":"product","2":"type-product","3":"status-publish","5":"product_cat-maros-megyei-eletrajzi-lexikon","7":"first","8":"instock","9":"shipping-taxable","10":"product-type-simple"},"_links":{"self":[{"href":"https:\/\/uj.adatbank.ro\/lexikon\/wp-json\/wp\/v2\/product\/2005","targetHints":{"allow":["GET"]}}],"collection":[{"href":"https:\/\/uj.adatbank.ro\/lexikon\/wp-json\/wp\/v2\/product"}],"about":[{"href":"https:\/\/uj.adatbank.ro\/lexikon\/wp-json\/wp\/v2\/types\/product"}],"replies":[{"embeddable":true,"href":"https:\/\/uj.adatbank.ro\/lexikon\/wp-json\/wp\/v2\/comments?post=2005"}],"wp:attachment":[{"href":"https:\/\/uj.adatbank.ro\/lexikon\/wp-json\/wp\/v2\/media?parent=2005"}],"wp:term":[{"taxonomy":"product_brand","embeddable":true,"href":"https:\/\/uj.adatbank.ro\/lexikon\/wp-json\/wp\/v2\/product_brand?post=2005"},{"taxonomy":"product_cat","embeddable":true,"href":"https:\/\/uj.adatbank.ro\/lexikon\/wp-json\/wp\/v2\/product_cat?post=2005"},{"taxonomy":"product_tag","embeddable":true,"href":"https:\/\/uj.adatbank.ro\/lexikon\/wp-json\/wp\/v2\/product_tag?post=2005"}],"curies":[{"name":"wp","href":"https:\/\/api.w.org\/{rel}","templated":true}]}}