{"id":20050,"date":"2025-07-22T18:34:44","date_gmt":"2025-07-22T16:34:44","guid":{"rendered":"https:\/\/uj.adatbank.ro\/lexikon\/termek\/schuller-sara-osvath-karolyne\/"},"modified":"2025-07-22T18:34:44","modified_gmt":"2025-07-22T16:34:44","slug":"schuller-sara-osvath-karolyne","status":"publish","type":"product","link":"https:\/\/uj.adatbank.ro\/lexikon\/termek\/schuller-sara-osvath-karolyne\/","title":{"rendered":"SCHULLER S\u00e1ra, Osv\u00e1th K\u00e1rolyn\u00e9"},"content":{"rendered":"<p>? \u2020?: Sz\u00fclei: erd\u0151szentgy\u00f6rgyi Schuller Rezs\u0151 f\u00f6ldbirtokos \u00e9s p\u00e1vai Vajna Julianna S\u00e1ra, testv\u00e9re: Sch. Rudolf; gyermekeik: Osv\u00e1th Zsuzsanna (fest\u0151m\u0171v\u00e9sz), Osv\u00e1th S\u00e1ra (tan\u00e1rn\u0151), Osv\u00e1th Attila (gy\u00f3gyszer\u00e9sz). <br \/><strong>Irod.:<\/strong> P\u00e9ter H. M.<\/br><\/p>\n","protected":false},"excerpt":{"rendered":"<p>? \u2020?: Sz\u00fclei: erd\u0151szentgy\u00f6rgyi Schuller Rezs\u0151 f\u00f6ldbirtokos \u00e9s p\u00e1vai Vajna Julianna S\u00e1ra, testv\u00e9re: Sch. Rudolf; gyermekeik: Osv\u00e1th Zsuzsanna (fest\u0151m\u0171v\u00e9sz), Osv\u00e1th S\u00e1ra (tan\u00e1rn\u0151), Osv\u00e1th Attila (gy\u00f3gyszer\u00e9sz). Irod.: P\u00e9ter H. M.<\/p>\n","protected":false},"featured_media":0,"comment_status":"open","ping_status":"closed","template":"","meta":[],"product_brand":[],"product_cat":[137],"product_tag":[],"class_list":{"0":"post-20050","1":"product","2":"type-product","3":"status-publish","5":"product_cat-maros-megyei-eletrajzi-lexikon","7":"first","8":"instock","9":"shipping-taxable","10":"product-type-simple"},"_links":{"self":[{"href":"https:\/\/uj.adatbank.ro\/lexikon\/wp-json\/wp\/v2\/product\/20050","targetHints":{"allow":["GET"]}}],"collection":[{"href":"https:\/\/uj.adatbank.ro\/lexikon\/wp-json\/wp\/v2\/product"}],"about":[{"href":"https:\/\/uj.adatbank.ro\/lexikon\/wp-json\/wp\/v2\/types\/product"}],"replies":[{"embeddable":true,"href":"https:\/\/uj.adatbank.ro\/lexikon\/wp-json\/wp\/v2\/comments?post=20050"}],"wp:attachment":[{"href":"https:\/\/uj.adatbank.ro\/lexikon\/wp-json\/wp\/v2\/media?parent=20050"}],"wp:term":[{"taxonomy":"product_brand","embeddable":true,"href":"https:\/\/uj.adatbank.ro\/lexikon\/wp-json\/wp\/v2\/product_brand?post=20050"},{"taxonomy":"product_cat","embeddable":true,"href":"https:\/\/uj.adatbank.ro\/lexikon\/wp-json\/wp\/v2\/product_cat?post=20050"},{"taxonomy":"product_tag","embeddable":true,"href":"https:\/\/uj.adatbank.ro\/lexikon\/wp-json\/wp\/v2\/product_tag?post=20050"}],"curies":[{"name":"wp","href":"https:\/\/api.w.org\/{rel}","templated":true}]}}