{"id":20051,"date":"2025-07-22T18:34:47","date_gmt":"2025-07-22T16:34:47","guid":{"rendered":"https:\/\/uj.adatbank.ro\/lexikon\/termek\/schuller-von-rosenthal-johann\/"},"modified":"2025-07-22T18:34:47","modified_gmt":"2025-07-22T16:34:47","slug":"schuller-von-rosenthal-johann","status":"publish","type":"product","link":"https:\/\/uj.adatbank.ro\/lexikon\/termek\/schuller-von-rosenthal-johann\/","title":{"rendered":"SCHULLER VON ROSENTHAL, Johann"},"content":{"rendered":"<p>? \u2020\u00a01703, Segesv\u00e1r: polg\u00e1rmester. \u2013 Segesv\u00e1ron volt polg\u00e1rmester. Az erd\u00e9lyi fejedelemnek tett szolg\u00e1latai\u00e9rt nemesi rangra emelt\u00e9k. Erd\u00e9lyt elfoglalt\u00e1k a Habsburgok, a polg\u00e1rmestert koholt v\u00e1dak alapj\u00e1n \u2013 miszerint: n\u0151cs\u00e1b\u00e1sz, kicsapong\u00f3 \u00e9lete volt, hamis p\u00e9nzt veretett, elsikkasztotta a v\u00e1rosiak \u00e1ltal befizetett ad\u00f3kat, hozott mag\u00e1nak Isztambulb\u00f3l egy rabszolgan\u0151t \u2013 el\u00edt\u00e9lt\u00e9k \u00e9s a domonkosok kolostor\u00e1nak udvar\u00e1n lefejezt\u00e9k. H\u00e1z\u00e1t 1694\u20131703, majd a 19. sz.-ban \u00e9p\u00edtett\u00e9k, \u201eA\u201d kateg\u00f3ri\u00e1ba tartoz\u00f3 m\u0171eml\u00e9k (Obert Hermann 39). A bolt\u00edves kapu f\u00f6l\u00f6tt l\u00e9v\u0151 sz\u00ednes c\u00edmere: h\u00e1rom r\u00f3zsasz\u00e1lat tart\u00f3 k\u00e9z, Per spinas ad rosas \u2013 T\u00f6visek k\u00f6z\u00f6tt a r\u00f3zs\u00e1khoz felirattal. <br \/><strong>Irod.:<\/strong> M\u00e1th\u00e9 Andr\u00e1s: H\u00edres \u00e9p\u00fcletek (V. Z., 1987. aug. 16.); Sighi\u015foara: Comorile Trans.; Sighi\u015foara perla Transilvaniei; Valori mure\u015fene de patrimoniu; Zieglauer Ferdinand: Hartenech, graf der s\u00e4chsische Nation und die siebenb\u00fcrgischen Parteik\u00e4mpfe seiner Zeit 1691\u20131703 (Hermannstadt, 1869); Turisztikai kalauz.<\/br><\/p>\n","protected":false},"excerpt":{"rendered":"<p>? \u2020\u00a01703, Segesv\u00e1r: polg\u00e1rmester. \u2013 Segesv\u00e1ron volt polg\u00e1rmester. Az erd\u00e9lyi fejedelemnek tett szolg\u00e1latai\u00e9rt nemesi rangra emelt\u00e9k. Erd\u00e9lyt elfoglalt\u00e1k a Habsburgok, a polg\u00e1rmestert koholt v\u00e1dak alapj\u00e1n \u2013 miszerint: n\u0151cs\u00e1b\u00e1sz, kicsapong\u00f3 \u00e9lete volt, hamis p\u00e9nzt veretett, elsikkasztotta a v\u00e1rosiak \u00e1ltal befizetett ad\u00f3kat, hozott mag\u00e1nak Isztambulb\u00f3l egy rabszolgan\u0151t \u2013 el\u00edt\u00e9lt\u00e9k \u00e9s a domonkosok kolostor\u00e1nak udvar\u00e1n lefejezt\u00e9k. H\u00e1z\u00e1t 1694\u20131703, [&hellip;]<\/p>\n","protected":false},"featured_media":0,"comment_status":"open","ping_status":"closed","template":"","meta":[],"product_brand":[],"product_cat":[137],"product_tag":[],"class_list":{"0":"post-20051","1":"product","2":"type-product","3":"status-publish","5":"product_cat-maros-megyei-eletrajzi-lexikon","7":"first","8":"instock","9":"shipping-taxable","10":"product-type-simple"},"_links":{"self":[{"href":"https:\/\/uj.adatbank.ro\/lexikon\/wp-json\/wp\/v2\/product\/20051","targetHints":{"allow":["GET"]}}],"collection":[{"href":"https:\/\/uj.adatbank.ro\/lexikon\/wp-json\/wp\/v2\/product"}],"about":[{"href":"https:\/\/uj.adatbank.ro\/lexikon\/wp-json\/wp\/v2\/types\/product"}],"replies":[{"embeddable":true,"href":"https:\/\/uj.adatbank.ro\/lexikon\/wp-json\/wp\/v2\/comments?post=20051"}],"wp:attachment":[{"href":"https:\/\/uj.adatbank.ro\/lexikon\/wp-json\/wp\/v2\/media?parent=20051"}],"wp:term":[{"taxonomy":"product_brand","embeddable":true,"href":"https:\/\/uj.adatbank.ro\/lexikon\/wp-json\/wp\/v2\/product_brand?post=20051"},{"taxonomy":"product_cat","embeddable":true,"href":"https:\/\/uj.adatbank.ro\/lexikon\/wp-json\/wp\/v2\/product_cat?post=20051"},{"taxonomy":"product_tag","embeddable":true,"href":"https:\/\/uj.adatbank.ro\/lexikon\/wp-json\/wp\/v2\/product_tag?post=20051"}],"curies":[{"name":"wp","href":"https:\/\/api.w.org\/{rel}","templated":true}]}}