{"id":20054,"date":"2025-07-22T18:34:53","date_gmt":"2025-07-22T16:34:53","guid":{"rendered":"https:\/\/uj.adatbank.ro\/lexikon\/termek\/schultz-ignac\/"},"modified":"2025-07-22T18:34:53","modified_gmt":"2025-07-22T16:34:53","slug":"schultz-ignac","status":"publish","type":"product","link":"https:\/\/uj.adatbank.ro\/lexikon\/termek\/schultz-ignac\/","title":{"rendered":"SCHULTZ Ign\u00e1c"},"content":{"rendered":"<p>? \u2020?: k\u00e1v\u00e9h\u00e1ztulajdonos. \u2013 K\u00e1v\u00e9h\u00e1zat nyitott Eur\u00f3pa n\u00e9ven az egykori Adria hely\u00e9n a Bem t\u00e9r \u00e9s a Pet\u0151fi utca sark\u00e1n (1913). <br \/><strong>Irod.:<\/strong> Id\u0151t\u00e1r 2.<\/br><\/p>\n","protected":false},"excerpt":{"rendered":"<p>? \u2020?: k\u00e1v\u00e9h\u00e1ztulajdonos. \u2013 K\u00e1v\u00e9h\u00e1zat nyitott Eur\u00f3pa n\u00e9ven az egykori Adria hely\u00e9n a Bem t\u00e9r \u00e9s a Pet\u0151fi utca sark\u00e1n (1913). Irod.: Id\u0151t\u00e1r 2.<\/p>\n","protected":false},"featured_media":0,"comment_status":"open","ping_status":"closed","template":"","meta":[],"product_brand":[],"product_cat":[137],"product_tag":[],"class_list":{"0":"post-20054","1":"product","2":"type-product","3":"status-publish","5":"product_cat-maros-megyei-eletrajzi-lexikon","7":"first","8":"instock","9":"shipping-taxable","10":"product-type-simple"},"_links":{"self":[{"href":"https:\/\/uj.adatbank.ro\/lexikon\/wp-json\/wp\/v2\/product\/20054","targetHints":{"allow":["GET"]}}],"collection":[{"href":"https:\/\/uj.adatbank.ro\/lexikon\/wp-json\/wp\/v2\/product"}],"about":[{"href":"https:\/\/uj.adatbank.ro\/lexikon\/wp-json\/wp\/v2\/types\/product"}],"replies":[{"embeddable":true,"href":"https:\/\/uj.adatbank.ro\/lexikon\/wp-json\/wp\/v2\/comments?post=20054"}],"wp:attachment":[{"href":"https:\/\/uj.adatbank.ro\/lexikon\/wp-json\/wp\/v2\/media?parent=20054"}],"wp:term":[{"taxonomy":"product_brand","embeddable":true,"href":"https:\/\/uj.adatbank.ro\/lexikon\/wp-json\/wp\/v2\/product_brand?post=20054"},{"taxonomy":"product_cat","embeddable":true,"href":"https:\/\/uj.adatbank.ro\/lexikon\/wp-json\/wp\/v2\/product_cat?post=20054"},{"taxonomy":"product_tag","embeddable":true,"href":"https:\/\/uj.adatbank.ro\/lexikon\/wp-json\/wp\/v2\/product_tag?post=20054"}],"curies":[{"name":"wp","href":"https:\/\/api.w.org\/{rel}","templated":true}]}}