{"id":20056,"date":"2025-07-22T18:34:58","date_gmt":"2025-07-22T16:34:58","guid":{"rendered":"https:\/\/uj.adatbank.ro\/lexikon\/termek\/schupiter-bela\/"},"modified":"2025-07-22T18:34:58","modified_gmt":"2025-07-22T16:34:58","slug":"schupiter-bela","status":"publish","type":"product","link":"https:\/\/uj.adatbank.ro\/lexikon\/termek\/schupiter-bela\/","title":{"rendered":"SCHUPITER B\u00e9la"},"content":{"rendered":"<p>Sz\u00e1szr\u00e9gen, 1868. aug. 1., \u2020\u00a0Sz\u00e1szr\u00e9gen, 1946.: b\u00e1dogos. \u2013 Az els\u0151 jegyz\u0151je volt a Sz\u00e1szr\u00e9gen Iparos Polg\u00e1rai Kis Olvas\u00f3k\u00f6r\u00e9nek (a Sz\u00e1szr\u00e9geni M. Iparosok Olvas\u00f3k\u00f6re) (alakul\u00e1sa 1902). <br \/><strong>Irod.:<\/strong> B\u00edr\u00f3 Don\u00e1t; csal\u00e1di inf. Borsos Endre mv.-i g\u00e9p\u00e9szm\u00e9rn\u00f6kt\u0151l.<\/br><\/p>\n","protected":false},"excerpt":{"rendered":"<p>Sz\u00e1szr\u00e9gen, 1868. aug. 1., \u2020\u00a0Sz\u00e1szr\u00e9gen, 1946.: b\u00e1dogos. \u2013 Az els\u0151 jegyz\u0151je volt a Sz\u00e1szr\u00e9gen Iparos Polg\u00e1rai Kis Olvas\u00f3k\u00f6r\u00e9nek (a Sz\u00e1szr\u00e9geni M. Iparosok Olvas\u00f3k\u00f6re) (alakul\u00e1sa 1902). Irod.: B\u00edr\u00f3 Don\u00e1t; csal\u00e1di inf. Borsos Endre mv.-i g\u00e9p\u00e9szm\u00e9rn\u00f6kt\u0151l.<\/p>\n","protected":false},"featured_media":0,"comment_status":"open","ping_status":"closed","template":"","meta":[],"product_brand":[],"product_cat":[137],"product_tag":[],"class_list":{"0":"post-20056","1":"product","2":"type-product","3":"status-publish","5":"product_cat-maros-megyei-eletrajzi-lexikon","7":"first","8":"instock","9":"shipping-taxable","10":"product-type-simple"},"_links":{"self":[{"href":"https:\/\/uj.adatbank.ro\/lexikon\/wp-json\/wp\/v2\/product\/20056","targetHints":{"allow":["GET"]}}],"collection":[{"href":"https:\/\/uj.adatbank.ro\/lexikon\/wp-json\/wp\/v2\/product"}],"about":[{"href":"https:\/\/uj.adatbank.ro\/lexikon\/wp-json\/wp\/v2\/types\/product"}],"replies":[{"embeddable":true,"href":"https:\/\/uj.adatbank.ro\/lexikon\/wp-json\/wp\/v2\/comments?post=20056"}],"wp:attachment":[{"href":"https:\/\/uj.adatbank.ro\/lexikon\/wp-json\/wp\/v2\/media?parent=20056"}],"wp:term":[{"taxonomy":"product_brand","embeddable":true,"href":"https:\/\/uj.adatbank.ro\/lexikon\/wp-json\/wp\/v2\/product_brand?post=20056"},{"taxonomy":"product_cat","embeddable":true,"href":"https:\/\/uj.adatbank.ro\/lexikon\/wp-json\/wp\/v2\/product_cat?post=20056"},{"taxonomy":"product_tag","embeddable":true,"href":"https:\/\/uj.adatbank.ro\/lexikon\/wp-json\/wp\/v2\/product_tag?post=20056"}],"curies":[{"name":"wp","href":"https:\/\/api.w.org\/{rel}","templated":true}]}}