{"id":20057,"date":"2025-07-22T18:35:01","date_gmt":"2025-07-22T16:35:01","guid":{"rendered":"https:\/\/uj.adatbank.ro\/lexikon\/termek\/schupiter-elemer-jozsef-zalotay-1936-37-tol\/"},"modified":"2025-07-22T18:35:01","modified_gmt":"2025-07-22T16:35:01","slug":"schupiter-elemer-jozsef-zalotay-1936-37-tol","status":"publish","type":"product","link":"https:\/\/uj.adatbank.ro\/lexikon\/termek\/schupiter-elemer-jozsef-zalotay-1936-37-tol\/","title":{"rendered":"SCHUPITER Elem\u00e9r J\u00f3zsef, Zalotay (1936\u201337-t\u0151l)"},"content":{"rendered":"<p>Sz\u00e1szsebes, 1894. nov. 24., \u2020 Szombathely, 1968. m\u00e1rc. 1.: tan\u00e1r, t\u00f6rt\u00e9n\u00e9sz, r\u00e9g\u00e9sz. \u2013 Sch. Ferenc J\u00f3zsef \u00e9s Scholtz Val\u00e9ria fia. Apja hal\u00e1la ut\u00e1n a sz\u00e1szr\u00e9geni nagysz\u00fcl\u0151k nevelik tov\u00e1bb. A mv.-i r.k. szemin\u00e1riumban tanult, Tord\u00e1n \u00e9retts\u00e9gizett, Kv.-on v\u00e9gezte az egyetemet. R\u00e9szt vett az I. vh.-ban, majd Szentesen telepedett le. Nev\u00e9t Zalotay-ra v\u00e1ltoztatta (1936 k.).Kv.-ra k\u00f6lt\u00f6z\u00f6tt (1940\u201344). Debrecenben gazdas\u00e1gi-hadt\u00e1pparancsnoks\u00e1gi sz\u00e1zados. Hadifogoly Frankfurt am Meinban. T\u00f6bb v\u00e1ros ut\u00e1n Szombathelyen telepedett le. <br \/><strong>Irod.:<\/strong> csal\u00e1di inf. Borsos Endre mv.-i g\u00e9p\u00e9szm\u00e9rn\u00f6kt\u0151l.<\/br><\/p>\n","protected":false},"excerpt":{"rendered":"<p>Sz\u00e1szsebes, 1894. nov. 24., \u2020 Szombathely, 1968. m\u00e1rc. 1.: tan\u00e1r, t\u00f6rt\u00e9n\u00e9sz, r\u00e9g\u00e9sz. \u2013 Sch. Ferenc J\u00f3zsef \u00e9s Scholtz Val\u00e9ria fia. Apja hal\u00e1la ut\u00e1n a sz\u00e1szr\u00e9geni nagysz\u00fcl\u0151k nevelik tov\u00e1bb. A mv.-i r.k. szemin\u00e1riumban tanult, Tord\u00e1n \u00e9retts\u00e9gizett, Kv.-on v\u00e9gezte az egyetemet. R\u00e9szt vett az I. vh.-ban, majd Szentesen telepedett le. Nev\u00e9t Zalotay-ra v\u00e1ltoztatta (1936 k.).Kv.-ra k\u00f6lt\u00f6z\u00f6tt (1940\u201344). [&hellip;]<\/p>\n","protected":false},"featured_media":0,"comment_status":"open","ping_status":"closed","template":"","meta":[],"product_brand":[],"product_cat":[137],"product_tag":[],"class_list":{"0":"post-20057","1":"product","2":"type-product","3":"status-publish","5":"product_cat-maros-megyei-eletrajzi-lexikon","7":"first","8":"instock","9":"shipping-taxable","10":"product-type-simple"},"_links":{"self":[{"href":"https:\/\/uj.adatbank.ro\/lexikon\/wp-json\/wp\/v2\/product\/20057","targetHints":{"allow":["GET"]}}],"collection":[{"href":"https:\/\/uj.adatbank.ro\/lexikon\/wp-json\/wp\/v2\/product"}],"about":[{"href":"https:\/\/uj.adatbank.ro\/lexikon\/wp-json\/wp\/v2\/types\/product"}],"replies":[{"embeddable":true,"href":"https:\/\/uj.adatbank.ro\/lexikon\/wp-json\/wp\/v2\/comments?post=20057"}],"wp:attachment":[{"href":"https:\/\/uj.adatbank.ro\/lexikon\/wp-json\/wp\/v2\/media?parent=20057"}],"wp:term":[{"taxonomy":"product_brand","embeddable":true,"href":"https:\/\/uj.adatbank.ro\/lexikon\/wp-json\/wp\/v2\/product_brand?post=20057"},{"taxonomy":"product_cat","embeddable":true,"href":"https:\/\/uj.adatbank.ro\/lexikon\/wp-json\/wp\/v2\/product_cat?post=20057"},{"taxonomy":"product_tag","embeddable":true,"href":"https:\/\/uj.adatbank.ro\/lexikon\/wp-json\/wp\/v2\/product_tag?post=20057"}],"curies":[{"name":"wp","href":"https:\/\/api.w.org\/{rel}","templated":true}]}}