{"id":2006,"date":"2025-06-28T12:00:48","date_gmt":"2025-06-28T10:00:48","guid":{"rendered":"https:\/\/uj.adatbank.ro\/lexikon\/termek\/balint-bela\/"},"modified":"2025-06-28T12:00:48","modified_gmt":"2025-06-28T10:00:48","slug":"balint-bela","status":"publish","type":"product","link":"https:\/\/uj.adatbank.ro\/lexikon\/termek\/balint-bela\/","title":{"rendered":"B\u00c1LINT B\u00e9la"},"content":{"rendered":"<p>Ny\u00e1r\u00e1dszereda, 1918, \u2020\u00a01944. dec\u00a0: igazgat\u00f3-tan\u00edt\u00f3. \u2013 K\u00f6z\u00e9piskol\u00e1t \u00e9s tan\u00edt\u00f3k\u00e9pz\u0151t Mv.-en v\u00e9gzett. Backamadarason volt igazgat\u00f3-tan\u00edt\u00f3 (1940\u2013). A II. vh.-ban hadapr\u00f3d \u0151rmesteri rangban vett r\u00e9szt, Sz\u00e9kesfeh\u00e9rv\u00e1rn\u00e1l nyoma veszett. ( 1944. dec. 8.). <br \/><strong>Irod.:<\/strong> Berekm\u00e9ri; Erd\u00e9lyi v\u00e1rmegy\u00e9k<\/br><\/p>\n","protected":false},"excerpt":{"rendered":"<p>Ny\u00e1r\u00e1dszereda, 1918, \u2020\u00a01944. dec\u00a0: igazgat\u00f3-tan\u00edt\u00f3. \u2013 K\u00f6z\u00e9piskol\u00e1t \u00e9s tan\u00edt\u00f3k\u00e9pz\u0151t Mv.-en v\u00e9gzett. Backamadarason volt igazgat\u00f3-tan\u00edt\u00f3 (1940\u2013). A II. vh.-ban hadapr\u00f3d \u0151rmesteri rangban vett r\u00e9szt, Sz\u00e9kesfeh\u00e9rv\u00e1rn\u00e1l nyoma veszett. ( 1944. dec. 8.). Irod.: Berekm\u00e9ri; Erd\u00e9lyi v\u00e1rmegy\u00e9k<\/p>\n","protected":false},"featured_media":0,"comment_status":"open","ping_status":"closed","template":"","meta":[],"product_brand":[],"product_cat":[137],"product_tag":[],"class_list":{"0":"post-2006","1":"product","2":"type-product","3":"status-publish","5":"product_cat-maros-megyei-eletrajzi-lexikon","7":"first","8":"instock","9":"shipping-taxable","10":"product-type-simple"},"_links":{"self":[{"href":"https:\/\/uj.adatbank.ro\/lexikon\/wp-json\/wp\/v2\/product\/2006","targetHints":{"allow":["GET"]}}],"collection":[{"href":"https:\/\/uj.adatbank.ro\/lexikon\/wp-json\/wp\/v2\/product"}],"about":[{"href":"https:\/\/uj.adatbank.ro\/lexikon\/wp-json\/wp\/v2\/types\/product"}],"replies":[{"embeddable":true,"href":"https:\/\/uj.adatbank.ro\/lexikon\/wp-json\/wp\/v2\/comments?post=2006"}],"wp:attachment":[{"href":"https:\/\/uj.adatbank.ro\/lexikon\/wp-json\/wp\/v2\/media?parent=2006"}],"wp:term":[{"taxonomy":"product_brand","embeddable":true,"href":"https:\/\/uj.adatbank.ro\/lexikon\/wp-json\/wp\/v2\/product_brand?post=2006"},{"taxonomy":"product_cat","embeddable":true,"href":"https:\/\/uj.adatbank.ro\/lexikon\/wp-json\/wp\/v2\/product_cat?post=2006"},{"taxonomy":"product_tag","embeddable":true,"href":"https:\/\/uj.adatbank.ro\/lexikon\/wp-json\/wp\/v2\/product_tag?post=2006"}],"curies":[{"name":"wp","href":"https:\/\/api.w.org\/{rel}","templated":true}]}}