{"id":20064,"date":"2025-07-22T18:35:14","date_gmt":"2025-07-22T16:35:14","guid":{"rendered":"https:\/\/uj.adatbank.ro\/lexikon\/termek\/schuschbauer-anton\/"},"modified":"2025-07-22T18:35:14","modified_gmt":"2025-07-22T16:35:14","slug":"schuschbauer-anton","status":"publish","type":"product","link":"https:\/\/uj.adatbank.ro\/lexikon\/termek\/schuschbauer-anton\/","title":{"rendered":"SCHUSCHBAUER Anton"},"content":{"rendered":"<p>Segesv\u00e1r, 1719., \u20201789: szobr\u00e1sz \u2013 Jelent\u0151s szobr\u00e1sz, val\u00f3sz\u00edn\u0171 a s\u00e1romberki Teleki kast\u00e9ly stukk\u00f3d\u00edszeit k\u00e9sz\u00edtette. <br \/><strong>Irod.:<\/strong> Berekm\u00e9ri.<\/br><\/p>\n","protected":false},"excerpt":{"rendered":"<p>Segesv\u00e1r, 1719., \u20201789: szobr\u00e1sz \u2013 Jelent\u0151s szobr\u00e1sz, val\u00f3sz\u00edn\u0171 a s\u00e1romberki Teleki kast\u00e9ly stukk\u00f3d\u00edszeit k\u00e9sz\u00edtette. Irod.: Berekm\u00e9ri.<\/p>\n","protected":false},"featured_media":0,"comment_status":"open","ping_status":"closed","template":"","meta":[],"product_brand":[],"product_cat":[137],"product_tag":[],"class_list":{"0":"post-20064","1":"product","2":"type-product","3":"status-publish","5":"product_cat-maros-megyei-eletrajzi-lexikon","7":"first","8":"instock","9":"shipping-taxable","10":"product-type-simple"},"_links":{"self":[{"href":"https:\/\/uj.adatbank.ro\/lexikon\/wp-json\/wp\/v2\/product\/20064","targetHints":{"allow":["GET"]}}],"collection":[{"href":"https:\/\/uj.adatbank.ro\/lexikon\/wp-json\/wp\/v2\/product"}],"about":[{"href":"https:\/\/uj.adatbank.ro\/lexikon\/wp-json\/wp\/v2\/types\/product"}],"replies":[{"embeddable":true,"href":"https:\/\/uj.adatbank.ro\/lexikon\/wp-json\/wp\/v2\/comments?post=20064"}],"wp:attachment":[{"href":"https:\/\/uj.adatbank.ro\/lexikon\/wp-json\/wp\/v2\/media?parent=20064"}],"wp:term":[{"taxonomy":"product_brand","embeddable":true,"href":"https:\/\/uj.adatbank.ro\/lexikon\/wp-json\/wp\/v2\/product_brand?post=20064"},{"taxonomy":"product_cat","embeddable":true,"href":"https:\/\/uj.adatbank.ro\/lexikon\/wp-json\/wp\/v2\/product_cat?post=20064"},{"taxonomy":"product_tag","embeddable":true,"href":"https:\/\/uj.adatbank.ro\/lexikon\/wp-json\/wp\/v2\/product_tag?post=20064"}],"curies":[{"name":"wp","href":"https:\/\/api.w.org\/{rel}","templated":true}]}}