{"id":20068,"date":"2025-07-22T18:35:23","date_gmt":"2025-07-22T16:35:23","guid":{"rendered":"https:\/\/uj.adatbank.ro\/lexikon\/termek\/schuster-heinrich-%c2%a7\/"},"modified":"2025-07-22T18:35:23","modified_gmt":"2025-07-22T16:35:23","slug":"schuster-heinrich-%c2%a7","status":"publish","type":"product","link":"https:\/\/uj.adatbank.ro\/lexikon\/termek\/schuster-heinrich-%c2%a7\/","title":{"rendered":"SCHUSTER, Heinrich, \u00a7"},"content":{"rendered":"<p>Alcina, 1857. j\u00fal. 29., \u2020 Nagyszeben, 1931. febr. 16.: tan\u00e1r, lelk\u00e9sz, \u00edr\u00f3. \u2013 A falubeli isk. ut\u00e1n \u00dajegyh\u00e1zban a Latin isk.-ban (1868\u201366), majd Szebenben gimn\u00e1ziumba tanult, de betegs\u00e9g miatt f\u00e9lbeszak\u00edtotta (1866\u20131877). Apja hal\u00e1la ut\u00e1n mag\u00e1n\u00f3ra ad\u00e1sra k\u00e9nyszer\u00fclt, h. fenntarhassa mag\u00e1t. B\u00e9csben klasszika filol\u00f3gi\u00e1t \u00e9s teol\u00f3gi\u00e1t hallgatott (1877\u201378), k\u00f6zben h\u00e1zmesteri \u00e1ll\u00e1st is fenntartott (1877\u201381). Rektor a szerdahelyi elemi iskol\u00e1ban, ahol figyelemre m\u00e9lt\u00f3 m\u0171vel\u0151d\u00e9si tev\u00e9kenys\u00e9get fejtett ki (olvas\u00f3k\u00f6r\u00f6k, sz\u00edndarabok betan\u00edt\u00e1sa, n\u0151sz\u00f6vets\u00e9gi munka stb.), az els\u0151 \u00f3v\u00f3da l\u00e9tes\u00edt\u0151je. Tan\u00e1r Sz\u00e1szr\u00e9genben az Ev. Gimn\u00e1ziumban (1886), ahol latint, n\u00e9metet, t\u00f6rt\u00e9nelmet \u00e9s torn\u00e1t tan\u00edtott. R\u00e9szt vett a v\u00e1ros kultur\u00e1lis-t\u00e1rsadalmi \u00e9let\u00e9ben: vezette az Iparosegyes\u00fcletet, a N\u0151k Egyes\u00fclet\u00e9t, a f\u00e9rfik\u00f3rust, l\u00e9trehozta a tornaegyletet (1891\u2013), az egyh\u00e1z keret\u00e9ben is k\u00fcl\u00f6nb\u00f6z\u0151 tiszts\u00e9geket t\u00f6lt\u00f6tt be (1886\u20131904). A sz\u00e1sz iskola t\u00f6rt\u00e9net\u00e9t kutatta, eredm\u00e9nyeit az iskolai \u00e9vk\u00f6nyv k\u00f6z\u00f6lte (Das Sachsisch Regener Gymnasium; Die Geschichte des Sachsisch Regener Gymnasium), \u00e9rt\u00e9kes \u00e9s hiteles adatokkal szolg\u00e1lva a r\u00e9geni sz\u00e1sz oktat\u00e1sr\u00f3l a 17\u201318. sz.-ban; k\u00f6z\u00f6lte a gimn\u00e1zium k\u00f6nyvt\u00e1r\u00e1nak katal\u00f3gus\u00e1t. Lelk\u00e9szk\u00e9nt visszaker\u00fclt a sz\u00fcl\u0151faluj\u00e1ba, Alcin\u00e1ra (1904\u20131909). \u00daj iskola\u00e9p\u00fcletet \u00e9p\u00edttetett, ir\u00e1ny\u00edtotta a gazdas\u00e1gi tev\u00e9kenys\u00e9get. Kiadta az \u00f6n\u00e9letrajzi vonatkoz\u00e1s\u00fa Matrin Alzner c. egyetlen reg\u00e9ny\u00e9t (1905). A tan\u00fcgyi p\u00e1lya azonban jobban vonzotta, Sz\u00e1szsebesben rektor lett (1909\u201327), \u00e9s sokat tett az \u00faj, tanul\u00f3k\u00f6zpont\u00fa pedag\u00f3giai m\u00f3dszerek meghonos\u00edt\u00e1s\u00e1\u00e9rt (1909\u201327). K\u00fcl\u00f6nb\u00f6z\u0151 sajt\u00f3term\u00e9kekben sz\u00e9pirodalmi (f\u0151leg elbesz\u00e9l\u00e9seket) \u00e9s k\u00f6z\u00e9rdek\u0171 \u00edr\u00e1sokat k\u00f6z\u00f6lt, \u00e9s polg\u00e1ri tiszts\u00e9geket t\u00f6lt\u00f6tt be. Nyugd\u00edjaz\u00e1sa ut\u00e1n (1927\u2013) Nagyszebenben \u00e9lt, hal\u00e1l\u00e1ig az \u00edr\u00e1snak szentelte idej\u00e9t. Tanulm\u00e1nyokat, cikkeket, pr\u00f3zai m\u0171veket \u00edrt a Kronst\u00e4dter Kalender, Siebenb\u00fcrgisch Deutsches Tageblatt, Neuer Volkskalenederben valamint a Programm des vierklassigen&#8230;-ben. \u2013 <strong>F. m.<\/strong>: Contribu\u0163ii la iluminarea \u00eenv\u0103\u0163\u0103m\u00e2ntului (Sibiu, 1893); Martin Alzner (reg.; Sibiu, 1905; kiad. Michael Markel; Buk., 1976). <br \/><strong>Irod.:<\/strong> Profiluri reghinene; Regh. Cult. 2; Schuster, Heinrich: Martin Alzner (Buk, 1976); Szab\u00f3\u2013Simon\u2013Sz\u00f6gi; Todea 2013.<\/br><\/p>\n","protected":false},"excerpt":{"rendered":"<p>Alcina, 1857. j\u00fal. 29., \u2020 Nagyszeben, 1931. febr. 16.: tan\u00e1r, lelk\u00e9sz, \u00edr\u00f3. \u2013 A falubeli isk. ut\u00e1n \u00dajegyh\u00e1zban a Latin isk.-ban (1868\u201366), majd Szebenben gimn\u00e1ziumba tanult, de betegs\u00e9g miatt f\u00e9lbeszak\u00edtotta (1866\u20131877). Apja hal\u00e1la ut\u00e1n mag\u00e1n\u00f3ra ad\u00e1sra k\u00e9nyszer\u00fclt, h. fenntarhassa mag\u00e1t. B\u00e9csben klasszika filol\u00f3gi\u00e1t \u00e9s teol\u00f3gi\u00e1t hallgatott (1877\u201378), k\u00f6zben h\u00e1zmesteri \u00e1ll\u00e1st is fenntartott (1877\u201381). Rektor a [&hellip;]<\/p>\n","protected":false},"featured_media":0,"comment_status":"open","ping_status":"closed","template":"","meta":[],"product_brand":[],"product_cat":[137],"product_tag":[],"class_list":{"0":"post-20068","1":"product","2":"type-product","3":"status-publish","5":"product_cat-maros-megyei-eletrajzi-lexikon","7":"first","8":"instock","9":"shipping-taxable","10":"product-type-simple"},"_links":{"self":[{"href":"https:\/\/uj.adatbank.ro\/lexikon\/wp-json\/wp\/v2\/product\/20068","targetHints":{"allow":["GET"]}}],"collection":[{"href":"https:\/\/uj.adatbank.ro\/lexikon\/wp-json\/wp\/v2\/product"}],"about":[{"href":"https:\/\/uj.adatbank.ro\/lexikon\/wp-json\/wp\/v2\/types\/product"}],"replies":[{"embeddable":true,"href":"https:\/\/uj.adatbank.ro\/lexikon\/wp-json\/wp\/v2\/comments?post=20068"}],"wp:attachment":[{"href":"https:\/\/uj.adatbank.ro\/lexikon\/wp-json\/wp\/v2\/media?parent=20068"}],"wp:term":[{"taxonomy":"product_brand","embeddable":true,"href":"https:\/\/uj.adatbank.ro\/lexikon\/wp-json\/wp\/v2\/product_brand?post=20068"},{"taxonomy":"product_cat","embeddable":true,"href":"https:\/\/uj.adatbank.ro\/lexikon\/wp-json\/wp\/v2\/product_cat?post=20068"},{"taxonomy":"product_tag","embeddable":true,"href":"https:\/\/uj.adatbank.ro\/lexikon\/wp-json\/wp\/v2\/product_tag?post=20068"}],"curies":[{"name":"wp","href":"https:\/\/api.w.org\/{rel}","templated":true}]}}