{"id":20069,"date":"2025-07-22T18:35:25","date_gmt":"2025-07-22T16:35:25","guid":{"rendered":"https:\/\/uj.adatbank.ro\/lexikon\/termek\/schuster-henrik\/"},"modified":"2025-07-22T18:35:25","modified_gmt":"2025-07-22T16:35:25","slug":"schuster-henrik","status":"publish","type":"product","link":"https:\/\/uj.adatbank.ro\/lexikon\/termek\/schuster-henrik\/","title":{"rendered":"SCHUSTER, Henrik"},"content":{"rendered":"<p>Sz\u00e1szr\u00e9gen, 1890., \u2020?: orvos. \u2013 Apja gimn\u00e1ziumi igazgat\u00f3 volt. Az egyetemet Bp.-en, B\u00e9csben, Berlinben \u00e9s M\u00fcnchenben v\u00e9gezte (1913). Az els\u0151 vh. kit\u00f6r\u00e9sekor Nagyszebenben a hely\u0151rs\u00e9gi k\u00f3rh\u00e1zban teljes\u00edtett szolg\u00e1latot, majd az orosz, rom\u00e1n \u00e9s olasz fronton tev\u00e9kenykedett (1914\u201318), megsebes\u00fclt; kit\u00fcntet\u00e9sekkel szerelt le. Azut\u00e1n B\u00e9csben Eiselsberg orvos-tan\u00e1r mellett a seb\u00e9szeti klinik\u00e1n m\u0171k\u00f6d\u00f6tt; Mv.-en az \u00e1llami k\u00f3rh\u00e1z seb\u00e9szeti, n\u0151gy\u00f3gy\u00e1szati \u00e9s sz\u00fcl\u00e9szeti oszt\u00e1ly\u00e1n m\u00e1sodorvos (1920\u201328), k\u00f6zben f\u00e9l\u00e9vig ism\u00e9t B\u00e9csben dolgozott (1925). Az \u00f6sszes mv.-i sportegyes\u00fclet p\u00e1lyaorvosa volt. Elv\u00e9gezte a berlini zeneakad\u00e9mia heged\u0171tanfolyam\u00e1t, t\u00f6bb nyilv\u00e1nos hangversenyt adott nagy sikerrel. <br \/><strong>Irod.:<\/strong> Almanah Tg.\u00a0M.; Erd\u00e9lyi ezredek; Ki kicsoda?<\/br><\/p>\n","protected":false},"excerpt":{"rendered":"<p>Sz\u00e1szr\u00e9gen, 1890., \u2020?: orvos. \u2013 Apja gimn\u00e1ziumi igazgat\u00f3 volt. Az egyetemet Bp.-en, B\u00e9csben, Berlinben \u00e9s M\u00fcnchenben v\u00e9gezte (1913). Az els\u0151 vh. kit\u00f6r\u00e9sekor Nagyszebenben a hely\u0151rs\u00e9gi k\u00f3rh\u00e1zban teljes\u00edtett szolg\u00e1latot, majd az orosz, rom\u00e1n \u00e9s olasz fronton tev\u00e9kenykedett (1914\u201318), megsebes\u00fclt; kit\u00fcntet\u00e9sekkel szerelt le. Azut\u00e1n B\u00e9csben Eiselsberg orvos-tan\u00e1r mellett a seb\u00e9szeti klinik\u00e1n m\u0171k\u00f6d\u00f6tt; Mv.-en az \u00e1llami k\u00f3rh\u00e1z seb\u00e9szeti, [&hellip;]<\/p>\n","protected":false},"featured_media":0,"comment_status":"open","ping_status":"closed","template":"","meta":[],"product_brand":[],"product_cat":[137],"product_tag":[],"class_list":{"0":"post-20069","1":"product","2":"type-product","3":"status-publish","5":"product_cat-maros-megyei-eletrajzi-lexikon","7":"first","8":"instock","9":"shipping-taxable","10":"product-type-simple"},"_links":{"self":[{"href":"https:\/\/uj.adatbank.ro\/lexikon\/wp-json\/wp\/v2\/product\/20069","targetHints":{"allow":["GET"]}}],"collection":[{"href":"https:\/\/uj.adatbank.ro\/lexikon\/wp-json\/wp\/v2\/product"}],"about":[{"href":"https:\/\/uj.adatbank.ro\/lexikon\/wp-json\/wp\/v2\/types\/product"}],"replies":[{"embeddable":true,"href":"https:\/\/uj.adatbank.ro\/lexikon\/wp-json\/wp\/v2\/comments?post=20069"}],"wp:attachment":[{"href":"https:\/\/uj.adatbank.ro\/lexikon\/wp-json\/wp\/v2\/media?parent=20069"}],"wp:term":[{"taxonomy":"product_brand","embeddable":true,"href":"https:\/\/uj.adatbank.ro\/lexikon\/wp-json\/wp\/v2\/product_brand?post=20069"},{"taxonomy":"product_cat","embeddable":true,"href":"https:\/\/uj.adatbank.ro\/lexikon\/wp-json\/wp\/v2\/product_cat?post=20069"},{"taxonomy":"product_tag","embeddable":true,"href":"https:\/\/uj.adatbank.ro\/lexikon\/wp-json\/wp\/v2\/product_tag?post=20069"}],"curies":[{"name":"wp","href":"https:\/\/api.w.org\/{rel}","templated":true}]}}