{"id":20070,"date":"2025-07-22T18:35:26","date_gmt":"2025-07-22T16:35:26","guid":{"rendered":"https:\/\/uj.adatbank.ro\/lexikon\/termek\/schuster-janos\/"},"modified":"2025-07-22T18:35:26","modified_gmt":"2025-07-22T16:35:26","slug":"schuster-janos","status":"publish","type":"product","link":"https:\/\/uj.adatbank.ro\/lexikon\/termek\/schuster-janos\/","title":{"rendered":"SCHUSTER J\u00e1nos"},"content":{"rendered":"<p>1750 \u2020\u00a0Mv., 1838. jan. 4: keresked\u0151. \u2013 Neje Is\u00e1k Margit. Gyermekei: Rebeka (1820. aug. 10.\u2013), Am\u00e1lia (1823. okt. 27.\u2013), M\u00e1ria (1826. jan. 12\u2013). B\u00e9relte a Kir T\u00e1bla \u00e9p\u00fclet\u00e9t (1820\u201322, 1825\u201327). <br \/><strong>Irod.:<\/strong> Orb\u00e1n J\u00e1nos: A Kir\u00e1lyi T\u00e1bla els\u0151 k\u00e9t mv.-i sz\u00e9kh\u00e1za = St\u00edlusok, m\u0171vek, mesterek; P\u00e1l-Antal S\u00e1ndor: \u00d6rm\u00e9nyek Mv.-en 1848 el\u0151tt =Pusk\u00e1s \u2013 Sz\u00e1sz \u00c1v\u00e9d.<\/br><\/p>\n","protected":false},"excerpt":{"rendered":"<p>1750 \u2020\u00a0Mv., 1838. jan. 4: keresked\u0151. \u2013 Neje Is\u00e1k Margit. Gyermekei: Rebeka (1820. aug. 10.\u2013), Am\u00e1lia (1823. okt. 27.\u2013), M\u00e1ria (1826. jan. 12\u2013). B\u00e9relte a Kir T\u00e1bla \u00e9p\u00fclet\u00e9t (1820\u201322, 1825\u201327). Irod.: Orb\u00e1n J\u00e1nos: A Kir\u00e1lyi T\u00e1bla els\u0151 k\u00e9t mv.-i sz\u00e9kh\u00e1za = St\u00edlusok, m\u0171vek, mesterek; P\u00e1l-Antal S\u00e1ndor: \u00d6rm\u00e9nyek Mv.-en 1848 el\u0151tt =Pusk\u00e1s \u2013 Sz\u00e1sz \u00c1v\u00e9d.<\/p>\n","protected":false},"featured_media":0,"comment_status":"open","ping_status":"closed","template":"","meta":[],"product_brand":[],"product_cat":[137],"product_tag":[],"class_list":{"0":"post-20070","1":"product","2":"type-product","3":"status-publish","5":"product_cat-maros-megyei-eletrajzi-lexikon","7":"first","8":"instock","9":"shipping-taxable","10":"product-type-simple"},"_links":{"self":[{"href":"https:\/\/uj.adatbank.ro\/lexikon\/wp-json\/wp\/v2\/product\/20070","targetHints":{"allow":["GET"]}}],"collection":[{"href":"https:\/\/uj.adatbank.ro\/lexikon\/wp-json\/wp\/v2\/product"}],"about":[{"href":"https:\/\/uj.adatbank.ro\/lexikon\/wp-json\/wp\/v2\/types\/product"}],"replies":[{"embeddable":true,"href":"https:\/\/uj.adatbank.ro\/lexikon\/wp-json\/wp\/v2\/comments?post=20070"}],"wp:attachment":[{"href":"https:\/\/uj.adatbank.ro\/lexikon\/wp-json\/wp\/v2\/media?parent=20070"}],"wp:term":[{"taxonomy":"product_brand","embeddable":true,"href":"https:\/\/uj.adatbank.ro\/lexikon\/wp-json\/wp\/v2\/product_brand?post=20070"},{"taxonomy":"product_cat","embeddable":true,"href":"https:\/\/uj.adatbank.ro\/lexikon\/wp-json\/wp\/v2\/product_cat?post=20070"},{"taxonomy":"product_tag","embeddable":true,"href":"https:\/\/uj.adatbank.ro\/lexikon\/wp-json\/wp\/v2\/product_tag?post=20070"}],"curies":[{"name":"wp","href":"https:\/\/api.w.org\/{rel}","templated":true}]}}