{"id":20071,"date":"2025-07-22T18:35:28","date_gmt":"2025-07-22T16:35:28","guid":{"rendered":"https:\/\/uj.adatbank.ro\/lexikon\/termek\/schuster-johann-traugott\/"},"modified":"2025-07-22T18:35:28","modified_gmt":"2025-07-22T16:35:28","slug":"schuster-johann-traugott","status":"publish","type":"product","link":"https:\/\/uj.adatbank.ro\/lexikon\/termek\/schuster-johann-traugott\/","title":{"rendered":"SCHUSTER, Johann Traugott"},"content":{"rendered":"<p>Medgyes, 1810 \u2013 m\u00e1rc. 18., \u2020\u00a0Medgyes, 1873. dec. 30.: \u00e1g. evang. gimn\u00e1ziumi tan\u00e1r. \u2013 Medgyesen \u00e9s az ottani gimn\u00e1ziumban tanult; 1833-ban gyakornok volt a mv.-i kir. t\u00e1bl\u00e1n <br \/><strong>Irod.:<\/strong> Szinnyei.<\/br><\/p>\n","protected":false},"excerpt":{"rendered":"<p>Medgyes, 1810 \u2013 m\u00e1rc. 18., \u2020\u00a0Medgyes, 1873. dec. 30.: \u00e1g. evang. gimn\u00e1ziumi tan\u00e1r. \u2013 Medgyesen \u00e9s az ottani gimn\u00e1ziumban tanult; 1833-ban gyakornok volt a mv.-i kir. t\u00e1bl\u00e1n Irod.: Szinnyei.<\/p>\n","protected":false},"featured_media":0,"comment_status":"open","ping_status":"closed","template":"","meta":[],"product_brand":[],"product_cat":[137],"product_tag":[],"class_list":{"0":"post-20071","1":"product","2":"type-product","3":"status-publish","5":"product_cat-maros-megyei-eletrajzi-lexikon","7":"first","8":"instock","9":"shipping-taxable","10":"product-type-simple"},"_links":{"self":[{"href":"https:\/\/uj.adatbank.ro\/lexikon\/wp-json\/wp\/v2\/product\/20071","targetHints":{"allow":["GET"]}}],"collection":[{"href":"https:\/\/uj.adatbank.ro\/lexikon\/wp-json\/wp\/v2\/product"}],"about":[{"href":"https:\/\/uj.adatbank.ro\/lexikon\/wp-json\/wp\/v2\/types\/product"}],"replies":[{"embeddable":true,"href":"https:\/\/uj.adatbank.ro\/lexikon\/wp-json\/wp\/v2\/comments?post=20071"}],"wp:attachment":[{"href":"https:\/\/uj.adatbank.ro\/lexikon\/wp-json\/wp\/v2\/media?parent=20071"}],"wp:term":[{"taxonomy":"product_brand","embeddable":true,"href":"https:\/\/uj.adatbank.ro\/lexikon\/wp-json\/wp\/v2\/product_brand?post=20071"},{"taxonomy":"product_cat","embeddable":true,"href":"https:\/\/uj.adatbank.ro\/lexikon\/wp-json\/wp\/v2\/product_cat?post=20071"},{"taxonomy":"product_tag","embeddable":true,"href":"https:\/\/uj.adatbank.ro\/lexikon\/wp-json\/wp\/v2\/product_tag?post=20071"}],"curies":[{"name":"wp","href":"https:\/\/api.w.org\/{rel}","templated":true}]}}