{"id":20072,"date":"2025-07-22T18:35:30","date_gmt":"2025-07-22T16:35:30","guid":{"rendered":"https:\/\/uj.adatbank.ro\/lexikon\/termek\/schuster-martin\/"},"modified":"2025-07-22T18:35:30","modified_gmt":"2025-07-22T16:35:30","slug":"schuster-martin","status":"publish","type":"product","link":"https:\/\/uj.adatbank.ro\/lexikon\/termek\/schuster-martin\/","title":{"rendered":"SCHUSTER, Martin"},"content":{"rendered":"<p>Segesv\u00e1r, 1777. jan. 10., \u2020 Erked, 1848. aug. 4.: tan\u00e1r, r. k. lelk\u00e9sz. \u2013 Fia: Frideric Joseph. \u2013 Tanult Segesv\u00e1ron, Kv.-on, T\u00fcbingenben (1798). Tan\u00e1r Segesv\u00e1ron (1801\u2013), lelk\u00e9sz Homor\u00f3dben\u00e9n (1808\u2013), Erkeden (1840\u2013), Sz\u00e1szk\u00e9zd k\u00e1ptalan d\u00e9k\u00e1nja. <br \/><strong>Irod.:<\/strong> Szab\u00f3 Mikl\u00f3s 2005; Szab\u00f3\u2013Sz\u00f6gi.<\/br><\/p>\n","protected":false},"excerpt":{"rendered":"<p>Segesv\u00e1r, 1777. jan. 10., \u2020 Erked, 1848. aug. 4.: tan\u00e1r, r. k. lelk\u00e9sz. \u2013 Fia: Frideric Joseph. \u2013 Tanult Segesv\u00e1ron, Kv.-on, T\u00fcbingenben (1798). Tan\u00e1r Segesv\u00e1ron (1801\u2013), lelk\u00e9sz Homor\u00f3dben\u00e9n (1808\u2013), Erkeden (1840\u2013), Sz\u00e1szk\u00e9zd k\u00e1ptalan d\u00e9k\u00e1nja. Irod.: Szab\u00f3 Mikl\u00f3s 2005; Szab\u00f3\u2013Sz\u00f6gi.<\/p>\n","protected":false},"featured_media":0,"comment_status":"open","ping_status":"closed","template":"","meta":[],"product_brand":[],"product_cat":[137],"product_tag":[],"class_list":{"0":"post-20072","1":"product","2":"type-product","3":"status-publish","5":"product_cat-maros-megyei-eletrajzi-lexikon","7":"first","8":"instock","9":"shipping-taxable","10":"product-type-simple"},"_links":{"self":[{"href":"https:\/\/uj.adatbank.ro\/lexikon\/wp-json\/wp\/v2\/product\/20072","targetHints":{"allow":["GET"]}}],"collection":[{"href":"https:\/\/uj.adatbank.ro\/lexikon\/wp-json\/wp\/v2\/product"}],"about":[{"href":"https:\/\/uj.adatbank.ro\/lexikon\/wp-json\/wp\/v2\/types\/product"}],"replies":[{"embeddable":true,"href":"https:\/\/uj.adatbank.ro\/lexikon\/wp-json\/wp\/v2\/comments?post=20072"}],"wp:attachment":[{"href":"https:\/\/uj.adatbank.ro\/lexikon\/wp-json\/wp\/v2\/media?parent=20072"}],"wp:term":[{"taxonomy":"product_brand","embeddable":true,"href":"https:\/\/uj.adatbank.ro\/lexikon\/wp-json\/wp\/v2\/product_brand?post=20072"},{"taxonomy":"product_cat","embeddable":true,"href":"https:\/\/uj.adatbank.ro\/lexikon\/wp-json\/wp\/v2\/product_cat?post=20072"},{"taxonomy":"product_tag","embeddable":true,"href":"https:\/\/uj.adatbank.ro\/lexikon\/wp-json\/wp\/v2\/product_tag?post=20072"}],"curies":[{"name":"wp","href":"https:\/\/api.w.org\/{rel}","templated":true}]}}